{"id":5526,"date":"2020-01-22T11:45:02","date_gmt":"2020-01-22T09:45:02","guid":{"rendered":"https:\/\/www.weingut-steininger.at\/?post_type=product&#038;p=5526"},"modified":"2025-01-15T12:56:26","modified_gmt":"2025-01-15T10:56:26","slug":"gruener-veltliner-1977","status":"publish","type":"product","link":"https:\/\/www.weingut-steininger.at\/en\/online-vinothek\/weine\/gruener-veltliner-1977\/","title":{"rendered":"Gr\u00fcner Veltliner 1977"},"content":{"rendered":"<h2><a name=\"_Toc17281810\"><\/a>Weinjahr 1977<\/h2>\n<p>Trauben waren in einem besonders guten Gesundheitszustand, ein \u00fcberdurchschnittlich hohes <a href=\"https:\/\/www.oesterreichwein.at\/unser-wein\/weinglossar-von-a-z\/?tx_a21glossary%5Buid%5D=564&amp;cHash=997dfbf04b8763a9266c50d02f864fd0\">Mostgewicht<\/a> und kein Botrytisbefall.<br \/>\nBetont fruchtige, vollreife und harmonische Weine mit ausgepr\u00e4gtem Sortencharakter zeichnen den Jahrgang 1977 aus.<\/p>\n","protected":false},"excerpt":{"rendered":"<p>Kostnotizen von Familie Steininger<\/p>\n<p>Die 7er Jahrg\u00e4nge (1977, 2007, 2017) sind bei der Verkostung leicht zu merken \u2013 sie sind einfach gro\u00dfartige Jahrg\u00e4nge und Weine.<\/p>\n<p>Fantastischer Wein mit durchaus noch sp\u00fcrbarem Zucker, gesch\u00e4tzt 10 Gramm. Der Restzucker l\u00e4sst aber den Wein noch ewig jung und balanciert wirken. Die Trauben f\u00fcr diesen Wein wurden relativ sp\u00e4t gelesen, dadurch sind Werte von Alkohol, Extrakt und Zucker im Maximumbereich &#8211;&nbsp; alles was ein Wein braucht, gro\u00dfartig!<\/p>\n<h4>20 von 20 Punkten<\/h4>\n<p>Preis auf Anfrage: office@weingut-steininger.at<\/p>\n","protected":false},"featured_media":5708,"template":"","meta":{"_acf_changed":false},"product_brand":[],"product_cat":[729,363,303],"product_tag":[],"class_list":{"0":"post-5526","1":"product","2":"type-product","3":"status-publish","4":"has-post-thumbnail","6":"product_cat-altweinkeller","7":"product_cat-gereifte-weine","8":"product_cat-gereifte-weine-sekte","9":"pa_gebinde-075-l","10":"pa_jahrgang-350","11":"pa_rebsorte-gv","12":"description-off","14":"first","15":"instock","16":"taxable","17":"shipping-taxable","18":"product-type-simple"},"bundled_by":[],"bundle_stock_status":"instock","bundle_stock_quantity":null,"bundle_virtual":false,"bundle_layout":"","bundle_add_to_cart_form_location":"","bundle_editable_in_cart":false,"bundle_sold_individually_context":"","bundle_item_grouping":"","bundle_min_size":"","bundle_max_size":"","bundle_price":[],"bundled_items":[],"bundle_sell_ids":[],"acf":[],"_links":{"self":[{"href":"https:\/\/www.weingut-steininger.at\/en\/wp-json\/wp\/v2\/product\/5526","targetHints":{"allow":["GET"]}}],"collection":[{"href":"https:\/\/www.weingut-steininger.at\/en\/wp-json\/wp\/v2\/product"}],"about":[{"href":"https:\/\/www.weingut-steininger.at\/en\/wp-json\/wp\/v2\/types\/product"}],"version-history":[{"count":2,"href":"https:\/\/www.weingut-steininger.at\/en\/wp-json\/wp\/v2\/product\/5526\/revisions"}],"predecessor-version":[{"id":18427,"href":"https:\/\/www.weingut-steininger.at\/en\/wp-json\/wp\/v2\/product\/5526\/revisions\/18427"}],"wp:featuredmedia":[{"embeddable":true,"href":"https:\/\/www.weingut-steininger.at\/en\/wp-json\/wp\/v2\/media\/5708"}],"wp:attachment":[{"href":"https:\/\/www.weingut-steininger.at\/en\/wp-json\/wp\/v2\/media?parent=5526"}],"wp:term":[{"taxonomy":"product_brand","embeddable":true,"href":"https:\/\/www.weingut-steininger.at\/en\/wp-json\/wp\/v2\/product_brand?post=5526"},{"taxonomy":"product_cat","embeddable":true,"href":"https:\/\/www.weingut-steininger.at\/en\/wp-json\/wp\/v2\/product_cat?post=5526"},{"taxonomy":"product_tag","embeddable":true,"href":"https:\/\/www.weingut-steininger.at\/en\/wp-json\/wp\/v2\/product_tag?post=5526"}],"curies":[{"name":"wp","href":"https:\/\/api.w.org\/{rel}","templated":true}]}}