{"id":5528,"date":"2020-01-22T11:52:35","date_gmt":"2020-01-22T09:52:35","guid":{"rendered":"https:\/\/www.weingut-steininger.at\/?post_type=product&#038;p=5528"},"modified":"2025-01-15T12:56:25","modified_gmt":"2025-01-15T10:56:25","slug":"gruener-veltliner-1976","status":"publish","type":"product","link":"https:\/\/www.weingut-steininger.at\/en\/online-vinothek\/weine\/gruener-veltliner-1976\/","title":{"rendered":"Gr\u00fcner Veltliner 1976"},"content":{"rendered":"<h2><a name=\"_Toc17281812\"><\/a>Weinjahr 1976<\/h2>\n<p>Unbest\u00e4ndiges Wetter beeintr\u00e4chtigte Traubenreife und beg\u00fcnstigte den Botrytisbefall. Dies f\u00fchrte zu gro\u00dffl\u00e4chigen Pr\u00e4dikatsweinen und eine Streuung der Weinqualit\u00e4ten. (d\u00fcnne bis zu elegante und ausdrucksvolle Weine)<\/p>\n","protected":false},"excerpt":{"rendered":"<h4>Naturkork<\/h4>\n<p>Kostnotizen von Familie Steininger<\/p>\n<p>Ein unheimlich klarer, straffer und trockener Wein. Die S\u00e4ure ist sch\u00f6n eingebunden, dennoch ist ein T\u00e4nzeln am Gaumen erkennbar. Gro\u00dfer Wein der trotz Dichte, eine Eleganz aufweist.<\/p>\n<h4>20 von 20 Punkten<\/h4>\n<p>Preis auf Anfrage: office@weingut-steininger.at<\/p>\n","protected":false},"featured_media":5708,"template":"","meta":{"_acf_changed":false},"product_brand":[],"product_cat":[729,363,303],"product_tag":[],"class_list":{"0":"post-5528","1":"product","2":"type-product","3":"status-publish","4":"has-post-thumbnail","6":"product_cat-altweinkeller","7":"product_cat-gereifte-weine","8":"product_cat-gereifte-weine-sekte","9":"pa_gebinde-075-l","10":"pa_jahrgang-352","11":"pa_rebsorte-gv","12":"description-off","14":"first","15":"instock","16":"taxable","17":"shipping-taxable","18":"product-type-simple"},"bundled_by":[],"bundle_stock_status":"instock","bundle_stock_quantity":null,"bundle_virtual":false,"bundle_layout":"","bundle_add_to_cart_form_location":"","bundle_editable_in_cart":false,"bundle_sold_individually_context":"","bundle_item_grouping":"","bundle_min_size":"","bundle_max_size":"","bundle_price":[],"bundled_items":[],"bundle_sell_ids":[],"acf":[],"_links":{"self":[{"href":"https:\/\/www.weingut-steininger.at\/en\/wp-json\/wp\/v2\/product\/5528","targetHints":{"allow":["GET"]}}],"collection":[{"href":"https:\/\/www.weingut-steininger.at\/en\/wp-json\/wp\/v2\/product"}],"about":[{"href":"https:\/\/www.weingut-steininger.at\/en\/wp-json\/wp\/v2\/types\/product"}],"version-history":[{"count":2,"href":"https:\/\/www.weingut-steininger.at\/en\/wp-json\/wp\/v2\/product\/5528\/revisions"}],"predecessor-version":[{"id":18429,"href":"https:\/\/www.weingut-steininger.at\/en\/wp-json\/wp\/v2\/product\/5528\/revisions\/18429"}],"wp:featuredmedia":[{"embeddable":true,"href":"https:\/\/www.weingut-steininger.at\/en\/wp-json\/wp\/v2\/media\/5708"}],"wp:attachment":[{"href":"https:\/\/www.weingut-steininger.at\/en\/wp-json\/wp\/v2\/media?parent=5528"}],"wp:term":[{"taxonomy":"product_brand","embeddable":true,"href":"https:\/\/www.weingut-steininger.at\/en\/wp-json\/wp\/v2\/product_brand?post=5528"},{"taxonomy":"product_cat","embeddable":true,"href":"https:\/\/www.weingut-steininger.at\/en\/wp-json\/wp\/v2\/product_cat?post=5528"},{"taxonomy":"product_tag","embeddable":true,"href":"https:\/\/www.weingut-steininger.at\/en\/wp-json\/wp\/v2\/product_tag?post=5528"}],"curies":[{"name":"wp","href":"https:\/\/api.w.org\/{rel}","templated":true}]}}