{"id":5534,"date":"2020-01-22T15:17:12","date_gmt":"2020-01-22T13:17:12","guid":{"rendered":"https:\/\/www.weingut-steininger.at\/?post_type=product&#038;p=5534"},"modified":"2025-01-15T12:56:21","modified_gmt":"2025-01-15T10:56:21","slug":"riesling-novemberlese-2008","status":"publish","type":"product","link":"https:\/\/www.weingut-steininger.at\/en\/online-vinothek\/weine\/riesling-novemberlese-2008\/","title":{"rendered":"Riesling Novemberlese 2008"},"content":{"rendered":"<h2><a name=\"_Toc17281822\"><\/a>Weinjahr 2008<\/h2>\n<p>Aufgrund der schwierigen Witterungsbedingungen des Jahres 2008, in dem es in nahezu allen Gebieten durch Wetterkapriolen von Hagel \u00fcber Starkregen bis zu hartn\u00e4ckigem Nebel allerhand Hindernisse f\u00fcr das Ausreifen der Reben gab, waren die \u00f6sterreichischen <a href=\"https:\/\/www.oesterreichwein.at\/unser-wein\/weinglossar-von-a-z\/?tx_a21glossary%5Buid%5D=970&amp;cHash=4811dee306c7a039a1bfa1d6245a1bda\">Winzer<\/a> von Anfang an voll gefordert.<\/p>\n<p>Doch bei entsprechend qualit\u00e4tsorientiertem Arbeitseinsatz sind erneut sehr fruchtbetonte und schwungvolle Weine gelungen, die zum Teil auch eine gro\u00dfe Bandbreite von Reifestufen abdecken.<\/p>\n","protected":false},"excerpt":{"rendered":"<h4>13,5 % Vol. Alk., Glaskork<\/h4>\n<p>Kostnotizen Familie Steininger<\/p>\n<p>Ein niederschlagsreicher Jahrgang mit Botrytisbefall. Im Duft Ankl\u00e4nge nach Moos und Waldboden, dieser Geruch vergeht im mit Luft sofort.<\/p>\n<p>Zeigt eine sch\u00f6ne S\u00e4urestruktur am Gaumen mit reifen Rieslingnoten. Im Abgang leichter Restzucker.<\/p>\n<h4>17 von 20 Punkten<\/h4>\n<p>Preis auf Anfrage: office@weingut-steininger.at<\/p>\n","protected":false},"featured_media":5567,"template":"","meta":{"_acf_changed":false},"product_brand":[],"product_cat":[729,363,303],"product_tag":[],"class_list":{"0":"post-5534","1":"product","2":"type-product","3":"status-publish","4":"has-post-thumbnail","6":"product_cat-altweinkeller","7":"product_cat-gereifte-weine","8":"product_cat-gereifte-weine-sekte","9":"pa_gebinde-075-l","10":"pa_jahrgang-322","11":"pa_rebsorte-riesling","12":"description-off","14":"first","15":"instock","16":"taxable","17":"shipping-taxable","18":"product-type-simple"},"bundled_by":[],"bundle_stock_status":"instock","bundle_stock_quantity":null,"bundle_virtual":false,"bundle_layout":"","bundle_add_to_cart_form_location":"","bundle_editable_in_cart":false,"bundle_sold_individually_context":"","bundle_item_grouping":"","bundle_min_size":"","bundle_max_size":"","bundle_price":[],"bundled_items":[],"bundle_sell_ids":[],"acf":[],"_links":{"self":[{"href":"https:\/\/www.weingut-steininger.at\/en\/wp-json\/wp\/v2\/product\/5534","targetHints":{"allow":["GET"]}}],"collection":[{"href":"https:\/\/www.weingut-steininger.at\/en\/wp-json\/wp\/v2\/product"}],"about":[{"href":"https:\/\/www.weingut-steininger.at\/en\/wp-json\/wp\/v2\/types\/product"}],"version-history":[{"count":2,"href":"https:\/\/www.weingut-steininger.at\/en\/wp-json\/wp\/v2\/product\/5534\/revisions"}],"predecessor-version":[{"id":18435,"href":"https:\/\/www.weingut-steininger.at\/en\/wp-json\/wp\/v2\/product\/5534\/revisions\/18435"}],"wp:featuredmedia":[{"embeddable":true,"href":"https:\/\/www.weingut-steininger.at\/en\/wp-json\/wp\/v2\/media\/5567"}],"wp:attachment":[{"href":"https:\/\/www.weingut-steininger.at\/en\/wp-json\/wp\/v2\/media?parent=5534"}],"wp:term":[{"taxonomy":"product_brand","embeddable":true,"href":"https:\/\/www.weingut-steininger.at\/en\/wp-json\/wp\/v2\/product_brand?post=5534"},{"taxonomy":"product_cat","embeddable":true,"href":"https:\/\/www.weingut-steininger.at\/en\/wp-json\/wp\/v2\/product_cat?post=5534"},{"taxonomy":"product_tag","embeddable":true,"href":"https:\/\/www.weingut-steininger.at\/en\/wp-json\/wp\/v2\/product_tag?post=5534"}],"curies":[{"name":"wp","href":"https:\/\/api.w.org\/{rel}","templated":true}]}}