{"id":5541,"date":"2020-01-22T14:07:59","date_gmt":"2020-01-22T12:07:59","guid":{"rendered":"https:\/\/www.weingut-steininger.at\/?post_type=product&#038;p=5541"},"modified":"2025-01-15T12:56:23","modified_gmt":"2025-01-15T10:56:23","slug":"riesling-novemberlese-1999","status":"publish","type":"product","link":"https:\/\/www.weingut-steininger.at\/en\/online-vinothek\/weine\/riesling-novemberlese-1999\/","title":{"rendered":"Riesling Novemberlese 1999"},"content":{"rendered":"<h2><a name=\"_Toc17281828\"><\/a>Weinjahr 1999<\/h2>\n<p>Ausbleiben st\u00e4rkerer Frostsch\u00e4den in den Hauptanbaugebieten sowie ausreichende Wasserversorgung in der Vegetationsperiode. Hagelsch\u00e4den entstanden sowohl in <a href=\"https:\/\/www.oesterreichwein.at\/unser-wein\/weinbaugebiete\/niederoesterreich\/\">Nieder\u00f6sterreich<\/a> als auch in der <a href=\"https:\/\/www.oesterreichwein.at\/unser-wein\/weinbaugebiete\/steiermark\/\">Steiermark<\/a>. Es folgte ein ungew\u00f6hnlich milder, sonnenreicher September, der die <a href=\"https:\/\/www.oesterreichwein.at\/unser-wein\/weinglossar-von-a-z\/?tx_a21glossary%5Buid%5D=673&amp;cHash=9a59d1824ca0151a750970d7dbc4a202\">Reife<\/a> vorantrieb und so die Voraussetzungen f\u00fcr einen sehr guten Jahrgang schuf. Diese lange Vegetationsperiode schaffte extraktreiches Traubengut. Kr\u00e4ftige, gut strukturierte Wei\u00df- und Rotweine waren das Ergebnis.<\/p>\n","protected":false},"excerpt":{"rendered":"<h4>12,5 % Vol. Alk., Naturkork<\/h4>\n<p>Kostnotizen von Familie Steininger<\/p>\n<p>Der war wurde gepr\u00e4gt durch eine lange Vegetationsperiode und auch von den zahlreichen Sonnenstunden im Herbst. Das Jahr 1999 brachte gut strukturierte und kr\u00e4ftige Weine hervor. Die Sorte Riesling \u00e4ndert das Geschmacksbild (hinsichtlich der Reife) am h\u00e4ufigsten von allen Rebsorten. Leicht sp\u00fcrbare Reifearomen, balanciert bis zum langen Abgang, zarte S\u00e4urestruktur noch erkennbar, h\u00e4lt sicher noch einige Jahre seine gute Qualit\u00e4t.<\/p>\n<h4>17 von 20 Punkten<\/h4>\n<p>Preis auf Anfrage: office@weingut-steininger.at<\/p>\n","protected":false},"featured_media":5567,"template":"","meta":{"_acf_changed":false},"product_brand":[],"product_cat":[729,363,303],"product_tag":[],"class_list":{"0":"post-5541","1":"product","2":"type-product","3":"status-publish","4":"has-post-thumbnail","6":"product_cat-altweinkeller","7":"product_cat-gereifte-weine","8":"product_cat-gereifte-weine-sekte","9":"pa_gebinde-075-l","10":"pa_jahrgang-313","11":"pa_rebsorte-riesling","12":"description-off","14":"first","15":"instock","16":"taxable","17":"shipping-taxable","18":"product-type-simple"},"bundled_by":[],"bundle_stock_status":"instock","bundle_stock_quantity":null,"bundle_virtual":false,"bundle_layout":"","bundle_add_to_cart_form_location":"","bundle_editable_in_cart":false,"bundle_sold_individually_context":"","bundle_item_grouping":"","bundle_min_size":"","bundle_max_size":"","bundle_price":[],"bundled_items":[],"bundle_sell_ids":[],"acf":[],"_links":{"self":[{"href":"https:\/\/www.weingut-steininger.at\/en\/wp-json\/wp\/v2\/product\/5541","targetHints":{"allow":["GET"]}}],"collection":[{"href":"https:\/\/www.weingut-steininger.at\/en\/wp-json\/wp\/v2\/product"}],"about":[{"href":"https:\/\/www.weingut-steininger.at\/en\/wp-json\/wp\/v2\/types\/product"}],"version-history":[{"count":2,"href":"https:\/\/www.weingut-steininger.at\/en\/wp-json\/wp\/v2\/product\/5541\/revisions"}],"predecessor-version":[{"id":18441,"href":"https:\/\/www.weingut-steininger.at\/en\/wp-json\/wp\/v2\/product\/5541\/revisions\/18441"}],"wp:featuredmedia":[{"embeddable":true,"href":"https:\/\/www.weingut-steininger.at\/en\/wp-json\/wp\/v2\/media\/5567"}],"wp:attachment":[{"href":"https:\/\/www.weingut-steininger.at\/en\/wp-json\/wp\/v2\/media?parent=5541"}],"wp:term":[{"taxonomy":"product_brand","embeddable":true,"href":"https:\/\/www.weingut-steininger.at\/en\/wp-json\/wp\/v2\/product_brand?post=5541"},{"taxonomy":"product_cat","embeddable":true,"href":"https:\/\/www.weingut-steininger.at\/en\/wp-json\/wp\/v2\/product_cat?post=5541"},{"taxonomy":"product_tag","embeddable":true,"href":"https:\/\/www.weingut-steininger.at\/en\/wp-json\/wp\/v2\/product_tag?post=5541"}],"curies":[{"name":"wp","href":"https:\/\/api.w.org\/{rel}","templated":true}]}}