{"id":5542,"date":"2020-01-22T14:53:38","date_gmt":"2020-01-22T12:53:38","guid":{"rendered":"https:\/\/www.weingut-steininger.at\/?post_type=product&#038;p=5542"},"modified":"2025-01-15T12:56:22","modified_gmt":"2025-01-15T10:56:22","slug":"riesling-steinhaus-kamptal-dac-reserve-2016","status":"publish","type":"product","link":"https:\/\/www.weingut-steininger.at\/en\/online-vinothek\/weine\/riesling-steinhaus-kamptal-dac-reserve-2016\/","title":{"rendered":"Riesling Steinhaus Kamptal DAC Reserve 2016"},"content":{"rendered":"<h2><a name=\"_Toc17281830\"><\/a>Weinjahr 2016<\/h2>\n<p>Der trockene und warme Winter im Jahr 2016 verursachte einen fr\u00fchen <a href=\"https:\/\/www.oesterreichwein.at\/unser-wein\/weinglossar-von-a-z\/?tx_a21glossary%5Buid%5D=71&amp;cHash=37fdd0f00bd1fee6c5636a516f7ad7f3\">Austrieb<\/a> der Reben. Aufgrund des pl\u00f6tzlich eintretenden und massiven K\u00e4lteeinbruchs konnte man den schlimmen Frostsch\u00e4den nicht mehr entgegenwirken. H\u00f6her gelegene Rieden wurden besch\u00e4digt. W\u00e4hrend der Hauptlese herrschte eine relativ stabile Wetterperiode und man konnte ausgewogene, fruchttiefe und sortentypische Wei\u00dfweine erzielen.<\/p>\n","protected":false},"excerpt":{"rendered":"<h4>13,5 % Vol. Alk., Schraubverschluss<\/h4>\n<p>Kostnotizen von Familie Steininger<\/p>\n<p>Im Duft sind wundersch\u00f6ne Pfirsichnoten erkennbar. Am Gaumen jugendlich mit explosiver Frucht und Mineralik. Dunkle, fast erdige Noten.<\/p>\n<h4>17 von 20 Punkten<\/h4>\n<p>Preis auf Anfrage: office@weingut-steininger.at<\/p>\n","protected":false},"featured_media":4020,"template":"","meta":{"_acf_changed":false},"product_brand":[],"product_cat":[729,363,303],"product_tag":[],"class_list":{"0":"post-5542","1":"product","2":"type-product","3":"status-publish","4":"has-post-thumbnail","6":"product_cat-altweinkeller","7":"product_cat-gereifte-weine","8":"product_cat-gereifte-weine-sekte","9":"pa_gebinde-075-l","10":"pa_jahrgang-330","11":"pa_rebsorte-riesling","12":"description-off","14":"first","15":"instock","16":"taxable","17":"shipping-taxable","18":"product-type-simple"},"bundled_by":[],"bundle_stock_status":"instock","bundle_stock_quantity":null,"bundle_virtual":false,"bundle_layout":"","bundle_add_to_cart_form_location":"","bundle_editable_in_cart":false,"bundle_sold_individually_context":"","bundle_item_grouping":"","bundle_min_size":"","bundle_max_size":"","bundle_price":[],"bundled_items":[],"bundle_sell_ids":[],"acf":[],"_links":{"self":[{"href":"https:\/\/www.weingut-steininger.at\/en\/wp-json\/wp\/v2\/product\/5542","targetHints":{"allow":["GET"]}}],"collection":[{"href":"https:\/\/www.weingut-steininger.at\/en\/wp-json\/wp\/v2\/product"}],"about":[{"href":"https:\/\/www.weingut-steininger.at\/en\/wp-json\/wp\/v2\/types\/product"}],"version-history":[{"count":2,"href":"https:\/\/www.weingut-steininger.at\/en\/wp-json\/wp\/v2\/product\/5542\/revisions"}],"predecessor-version":[{"id":18443,"href":"https:\/\/www.weingut-steininger.at\/en\/wp-json\/wp\/v2\/product\/5542\/revisions\/18443"}],"wp:featuredmedia":[{"embeddable":true,"href":"https:\/\/www.weingut-steininger.at\/en\/wp-json\/wp\/v2\/media\/4020"}],"wp:attachment":[{"href":"https:\/\/www.weingut-steininger.at\/en\/wp-json\/wp\/v2\/media?parent=5542"}],"wp:term":[{"taxonomy":"product_brand","embeddable":true,"href":"https:\/\/www.weingut-steininger.at\/en\/wp-json\/wp\/v2\/product_brand?post=5542"},{"taxonomy":"product_cat","embeddable":true,"href":"https:\/\/www.weingut-steininger.at\/en\/wp-json\/wp\/v2\/product_cat?post=5542"},{"taxonomy":"product_tag","embeddable":true,"href":"https:\/\/www.weingut-steininger.at\/en\/wp-json\/wp\/v2\/product_tag?post=5542"}],"curies":[{"name":"wp","href":"https:\/\/api.w.org\/{rel}","templated":true}]}}