{"id":5544,"date":"2020-01-22T14:52:57","date_gmt":"2020-01-22T12:52:57","guid":{"rendered":"https:\/\/www.weingut-steininger.at\/?post_type=product&#038;p=5544"},"modified":"2025-01-15T12:56:23","modified_gmt":"2025-01-15T10:56:23","slug":"riesling-steinhaus-kamptal-dac-reserve-2013","status":"publish","type":"product","link":"https:\/\/www.weingut-steininger.at\/en\/online-vinothek\/weine\/riesling-steinhaus-kamptal-dac-reserve-2013\/","title":{"rendered":"Riesling Steinhaus Kamptal DAC Reserve 2013"},"content":{"rendered":"<h2><a name=\"_Toc17281836\"><\/a>Weinjahr 2013<\/h2>\n<p>2013 von dem einen Extremen ins andere Extreme:<\/p>\n<p>Zuerst mussten einige Winzer und Winzerinnen mit den \u00dcberschwemmungen im Juni k\u00e4mpfen und danach folge eine extreme Sommerhitze. September und Oktober waren weithin sehr ausgeglichen und die Nachttemperaturen etwas k\u00fchl. Der Botrytisdruck war allgemein relativ niedrig. Die hohen S\u00e4urewerte garantieren eine entsprechende Haltbarkeit.<\/p>\n","protected":false},"excerpt":{"rendered":"<h4>13 % Vol. Alk., LUX \u2013 Schrauber<\/h4>\n<p>Kostnotizen Familie Steininger<\/p>\n<p>Satt, kr\u00e4ftig, gute Struktur, mit sch\u00f6ner L\u00e4nge<\/p>\n<h4>15 von 20 Punkten<\/h4>\n<p>Preis auf Anfrage: office@weingut-steininger.at<\/p>\n","protected":false},"featured_media":4020,"template":"","meta":{"_acf_changed":false},"product_brand":[],"product_cat":[729,363,303],"product_tag":[],"class_list":{"0":"post-5544","1":"product","2":"type-product","3":"status-publish","4":"has-post-thumbnail","6":"product_cat-altweinkeller","7":"product_cat-gereifte-weine","8":"product_cat-gereifte-weine-sekte","9":"pa_gebinde-075-l","10":"pa_jahrgang-327","11":"pa_rebsorte-riesling","12":"description-off","14":"first","15":"instock","16":"taxable","17":"shipping-taxable","18":"product-type-simple"},"bundled_by":[],"bundle_stock_status":"instock","bundle_stock_quantity":null,"bundle_virtual":false,"bundle_layout":"","bundle_add_to_cart_form_location":"","bundle_editable_in_cart":false,"bundle_sold_individually_context":"","bundle_item_grouping":"","bundle_min_size":"","bundle_max_size":"","bundle_price":[],"bundled_items":[],"bundle_sell_ids":[],"acf":[],"_links":{"self":[{"href":"https:\/\/www.weingut-steininger.at\/en\/wp-json\/wp\/v2\/product\/5544","targetHints":{"allow":["GET"]}}],"collection":[{"href":"https:\/\/www.weingut-steininger.at\/en\/wp-json\/wp\/v2\/product"}],"about":[{"href":"https:\/\/www.weingut-steininger.at\/en\/wp-json\/wp\/v2\/types\/product"}],"version-history":[{"count":2,"href":"https:\/\/www.weingut-steininger.at\/en\/wp-json\/wp\/v2\/product\/5544\/revisions"}],"predecessor-version":[{"id":18447,"href":"https:\/\/www.weingut-steininger.at\/en\/wp-json\/wp\/v2\/product\/5544\/revisions\/18447"}],"wp:featuredmedia":[{"embeddable":true,"href":"https:\/\/www.weingut-steininger.at\/en\/wp-json\/wp\/v2\/media\/4020"}],"wp:attachment":[{"href":"https:\/\/www.weingut-steininger.at\/en\/wp-json\/wp\/v2\/media?parent=5544"}],"wp:term":[{"taxonomy":"product_brand","embeddable":true,"href":"https:\/\/www.weingut-steininger.at\/en\/wp-json\/wp\/v2\/product_brand?post=5544"},{"taxonomy":"product_cat","embeddable":true,"href":"https:\/\/www.weingut-steininger.at\/en\/wp-json\/wp\/v2\/product_cat?post=5544"},{"taxonomy":"product_tag","embeddable":true,"href":"https:\/\/www.weingut-steininger.at\/en\/wp-json\/wp\/v2\/product_tag?post=5544"}],"curies":[{"name":"wp","href":"https:\/\/api.w.org\/{rel}","templated":true}]}}