{"id":5573,"date":"2020-01-23T10:49:08","date_gmt":"2020-01-23T08:49:08","guid":{"rendered":"https:\/\/www.weingut-steininger.at\/?post_type=product&#038;p=5573"},"modified":"2025-01-15T12:56:18","modified_gmt":"2025-01-15T10:56:18","slug":"riesling-1997","status":"publish","type":"product","link":"https:\/\/www.weingut-steininger.at\/en\/online-vinothek\/weine\/riesling-1997\/","title":{"rendered":"Riesling 1997"},"content":{"rendered":"<h2><a name=\"_Toc17281868\"><\/a>Weinjahr 1997<\/h2>\n<p>Der Winter war durch extrem tiefe Temperaturen bis zu \u201330 \u00b0C gepr\u00e4gt. Der Juli war von vielen Niederschl\u00e4gen gekennzeichnet. R\u00fcckst\u00e4nde in der Vegetation wurden allerdings durch einen prachtvollen August mit 260 bis 300 Sonnenstunden rasch aufgeholt. Im September setzte sich die au\u00dfergew\u00f6hnliche Sch\u00f6nwetterphase fort. Die Qualit\u00e4t ist in ganz \u00d6sterreich sehr hoch.<\/p>\n","protected":false},"excerpt":{"rendered":"<h4>Kork<\/h4>\n<p>Kostnotizen von Familie Steininger<\/p>\n<p>1997 war ein gro\u00dfer, sch\u00f6ner Jahrgang. Er brachte auch im mittleren Alkoholbereich ausgezeichnete Qualit\u00e4ten, wie man es an diesem Riesling erkennen kann. Man erkennt leicht t\u00e4nzelnde Charakterz\u00fcge und kein bisschen Reife. Ein harmonischer, fruchtgepr\u00e4gter Wein, der nach wie vor Potenzial hat.<\/p>\n<h4>20 von 20 Punkten<\/h4>\n<p>Preis auf Anfrage: office@weingut-steininger.at<\/p>\n","protected":false},"featured_media":5789,"template":"","meta":{"_acf_changed":false},"product_brand":[],"product_cat":[729,363,303],"product_tag":[],"class_list":{"0":"post-5573","1":"product","2":"type-product","3":"status-publish","4":"has-post-thumbnail","6":"product_cat-altweinkeller","7":"product_cat-gereifte-weine","8":"product_cat-gereifte-weine-sekte","9":"pa_gebinde-075-l","10":"pa_jahrgang-311","11":"pa_rebsorte-riesling","12":"description-off","14":"first","15":"instock","16":"taxable","17":"shipping-taxable","18":"product-type-simple"},"bundled_by":[],"bundle_stock_status":"instock","bundle_stock_quantity":null,"bundle_virtual":false,"bundle_layout":"","bundle_add_to_cart_form_location":"","bundle_editable_in_cart":false,"bundle_sold_individually_context":"","bundle_item_grouping":"","bundle_min_size":"","bundle_max_size":"","bundle_price":[],"bundled_items":[],"bundle_sell_ids":[],"acf":[],"_links":{"self":[{"href":"https:\/\/www.weingut-steininger.at\/en\/wp-json\/wp\/v2\/product\/5573","targetHints":{"allow":["GET"]}}],"collection":[{"href":"https:\/\/www.weingut-steininger.at\/en\/wp-json\/wp\/v2\/product"}],"about":[{"href":"https:\/\/www.weingut-steininger.at\/en\/wp-json\/wp\/v2\/types\/product"}],"version-history":[{"count":2,"href":"https:\/\/www.weingut-steininger.at\/en\/wp-json\/wp\/v2\/product\/5573\/revisions"}],"predecessor-version":[{"id":18471,"href":"https:\/\/www.weingut-steininger.at\/en\/wp-json\/wp\/v2\/product\/5573\/revisions\/18471"}],"wp:featuredmedia":[{"embeddable":true,"href":"https:\/\/www.weingut-steininger.at\/en\/wp-json\/wp\/v2\/media\/5789"}],"wp:attachment":[{"href":"https:\/\/www.weingut-steininger.at\/en\/wp-json\/wp\/v2\/media?parent=5573"}],"wp:term":[{"taxonomy":"product_brand","embeddable":true,"href":"https:\/\/www.weingut-steininger.at\/en\/wp-json\/wp\/v2\/product_brand?post=5573"},{"taxonomy":"product_cat","embeddable":true,"href":"https:\/\/www.weingut-steininger.at\/en\/wp-json\/wp\/v2\/product_cat?post=5573"},{"taxonomy":"product_tag","embeddable":true,"href":"https:\/\/www.weingut-steininger.at\/en\/wp-json\/wp\/v2\/product_tag?post=5573"}],"curies":[{"name":"wp","href":"https:\/\/api.w.org\/{rel}","templated":true}]}}