{"id":5576,"date":"2020-01-23T11:27:58","date_gmt":"2020-01-23T09:27:58","guid":{"rendered":"https:\/\/www.weingut-steininger.at\/?post_type=product&#038;p=5576"},"modified":"2025-01-15T12:56:17","modified_gmt":"2025-01-15T10:56:17","slug":"riesling-1992","status":"publish","type":"product","link":"https:\/\/www.weingut-steininger.at\/en\/online-vinothek\/weine\/riesling-1992\/","title":{"rendered":"Riesling 1992"},"content":{"rendered":"<h2><a name=\"_Toc17281874\"><\/a>Weinjahr 1992<\/h2>\n<p>Nach mildem Winter, fr\u00fchem <a href=\"https:\/\/www.oesterreichwein.at\/unser-wein\/weinglossar-von-a-z\/?tx_a21glossary%5Buid%5D=71&amp;cHash=37fdd0f00bd1fee6c5636a516f7ad7f3\">Austrieb<\/a> und gutem Bl\u00fchverlauf folgte ein extrem hei\u00dfer und trockener Sommer. Die Ernteerwartungen schrumpften, die Mostgrade lagen \u00fcber dem Durchschnitt. Hochgradige Beerenauslesen und Trockenbeerenauslesen konnten mangels Botrytisbildung nicht geerntet werden. Die Erntemenge erreichte nicht ganz 2.600.000 hl. Gegen Jahresende herrschten ideale Voraussetzungen f\u00fcr die Eisweinbereitung. Wunderbaren Qualit\u00e4ten standen teilweise hohe Mengenverluste gegen\u00fcber.<\/p>\n","protected":false},"excerpt":{"rendered":"<h4>Kork<\/h4>\n<p>Kostnotizen von Familie Steininger<\/p>\n<p>Ganz trockenes Geschmacksbild mit erkennbaren Petrolnoten, trockene S\u00e4urestruktur am Gaumen und als ein reifer bis sogar hin zum hochreifen Wein einstufbar.<\/p>\n<h4>16 von 20 Punkten<\/h4>\n<p>Preis auf Anfrage: office@weingut-steininger.at<\/p>\n","protected":false},"featured_media":5789,"template":"","meta":{"_acf_changed":false},"product_brand":[],"product_cat":[729,363,303],"product_tag":[],"class_list":{"0":"post-5576","1":"product","2":"type-product","3":"status-publish","4":"has-post-thumbnail","6":"product_cat-altweinkeller","7":"product_cat-gereifte-weine","8":"product_cat-gereifte-weine-sekte","9":"pa_gebinde-075-l","10":"pa_jahrgang-346","11":"pa_rebsorte-riesling","12":"description-off","14":"first","15":"instock","16":"taxable","17":"shipping-taxable","18":"product-type-simple"},"bundled_by":[],"bundle_stock_status":"instock","bundle_stock_quantity":null,"bundle_virtual":false,"bundle_layout":"","bundle_add_to_cart_form_location":"","bundle_editable_in_cart":false,"bundle_sold_individually_context":"","bundle_item_grouping":"","bundle_min_size":"","bundle_max_size":"","bundle_price":[],"bundled_items":[],"bundle_sell_ids":[],"acf":[],"_links":{"self":[{"href":"https:\/\/www.weingut-steininger.at\/en\/wp-json\/wp\/v2\/product\/5576","targetHints":{"allow":["GET"]}}],"collection":[{"href":"https:\/\/www.weingut-steininger.at\/en\/wp-json\/wp\/v2\/product"}],"about":[{"href":"https:\/\/www.weingut-steininger.at\/en\/wp-json\/wp\/v2\/types\/product"}],"version-history":[{"count":2,"href":"https:\/\/www.weingut-steininger.at\/en\/wp-json\/wp\/v2\/product\/5576\/revisions"}],"predecessor-version":[{"id":18477,"href":"https:\/\/www.weingut-steininger.at\/en\/wp-json\/wp\/v2\/product\/5576\/revisions\/18477"}],"wp:featuredmedia":[{"embeddable":true,"href":"https:\/\/www.weingut-steininger.at\/en\/wp-json\/wp\/v2\/media\/5789"}],"wp:attachment":[{"href":"https:\/\/www.weingut-steininger.at\/en\/wp-json\/wp\/v2\/media?parent=5576"}],"wp:term":[{"taxonomy":"product_brand","embeddable":true,"href":"https:\/\/www.weingut-steininger.at\/en\/wp-json\/wp\/v2\/product_brand?post=5576"},{"taxonomy":"product_cat","embeddable":true,"href":"https:\/\/www.weingut-steininger.at\/en\/wp-json\/wp\/v2\/product_cat?post=5576"},{"taxonomy":"product_tag","embeddable":true,"href":"https:\/\/www.weingut-steininger.at\/en\/wp-json\/wp\/v2\/product_tag?post=5576"}],"curies":[{"name":"wp","href":"https:\/\/api.w.org\/{rel}","templated":true}]}}