{"id":5580,"date":"2020-01-23T11:36:05","date_gmt":"2020-01-23T09:36:05","guid":{"rendered":"https:\/\/www.weingut-steininger.at\/?post_type=product&#038;p=5580"},"modified":"2025-01-15T12:56:16","modified_gmt":"2025-01-15T10:56:16","slug":"riesling-1983","status":"publish","type":"product","link":"https:\/\/www.weingut-steininger.at\/en\/online-vinothek\/weine\/riesling-1983\/","title":{"rendered":"Riesling 1983"},"content":{"rendered":"<h2><a name=\"_Toc17281878\"><\/a>Weinjahr 1983<\/h2>\n<p>Der Vegetationsverlauf war durch milden Winter, fr\u00fchen <a href=\"https:\/\/www.oesterreichwein.at\/unser-wein\/weinglossar-von-a-z\/?tx_a21glossary%5Buid%5D=71&amp;cHash=37fdd0f00bd1fee6c5636a516f7ad7f3\">Austrieb<\/a> und hei\u00dfen, trockenen Sommer gekennzeichnet. Die Weine pr\u00e4sentierten sich sehr voll, eher <a href=\"https:\/\/www.oesterreichwein.at\/unser-wein\/weinglossar-von-a-z\/?tx_a21glossary%5Buid%5D=554&amp;cHash=f94e1b683759ca5e1b7507f75e7f7324\">mild<\/a>, trotzdem <a href=\"https:\/\/www.oesterreichwein.at\/unser-wein\/weinglossar-von-a-z\/?tx_a21glossary%5Buid%5D=288&amp;cHash=c76cd379bf42a2ca427ad84517a0e4bc\">fruchtig<\/a> und mit ausgepr\u00e4gtem <a href=\"https:\/\/www.oesterreichwein.at\/unser-wein\/weinglossar-von-a-z\/?tx_a21glossary%5Buid%5D=147&amp;cHash=9218f000b67eb5c5642b23a23905d1b9\">Bukett<\/a>. Ein Jahr mit vielen, auch gro\u00dfen Pr\u00e4dikatsweinen, oft fehlte allerdings die Fruchts\u00e4ure.<\/p>\n","protected":false},"excerpt":{"rendered":"<p>Kostnotizen von Familie Steininger<\/p>\n<p>Riesling 1983 \u2013 tadelloser Naturkork, D\u00f6rrobstnoten in der Nase, leicht Oxidation, trotz der h\u00f6heren S\u00e4urespiegels wirkt der Riesling trotzdem noch frisch, Riesling in perfekter Balance und Reife, wird aber seinen H\u00f6hepunkt schon erreicht haben<\/p>\n<h4>19 von 20 Punkten<\/h4>\n<p>Preis auf Anfrage: office@weingut-steininger.at<\/p>\n","protected":false},"featured_media":5789,"template":"","meta":{"_acf_changed":false},"product_brand":[],"product_cat":[729,363,303],"product_tag":[],"class_list":{"0":"post-5580","1":"product","2":"type-product","3":"status-publish","4":"has-post-thumbnail","6":"product_cat-altweinkeller","7":"product_cat-gereifte-weine","8":"product_cat-gereifte-weine-sekte","9":"pa_gebinde-075-l","10":"pa_jahrgang-349","11":"pa_rebsorte-riesling","12":"description-off","14":"first","15":"instock","16":"taxable","17":"shipping-taxable","18":"product-type-simple"},"bundled_by":[],"bundle_stock_status":"instock","bundle_stock_quantity":null,"bundle_virtual":false,"bundle_layout":"","bundle_add_to_cart_form_location":"","bundle_editable_in_cart":false,"bundle_sold_individually_context":"","bundle_item_grouping":"","bundle_min_size":"","bundle_max_size":"","bundle_price":[],"bundled_items":[],"bundle_sell_ids":[],"acf":[],"_links":{"self":[{"href":"https:\/\/www.weingut-steininger.at\/en\/wp-json\/wp\/v2\/product\/5580","targetHints":{"allow":["GET"]}}],"collection":[{"href":"https:\/\/www.weingut-steininger.at\/en\/wp-json\/wp\/v2\/product"}],"about":[{"href":"https:\/\/www.weingut-steininger.at\/en\/wp-json\/wp\/v2\/types\/product"}],"version-history":[{"count":2,"href":"https:\/\/www.weingut-steininger.at\/en\/wp-json\/wp\/v2\/product\/5580\/revisions"}],"predecessor-version":[{"id":18479,"href":"https:\/\/www.weingut-steininger.at\/en\/wp-json\/wp\/v2\/product\/5580\/revisions\/18479"}],"wp:featuredmedia":[{"embeddable":true,"href":"https:\/\/www.weingut-steininger.at\/en\/wp-json\/wp\/v2\/media\/5789"}],"wp:attachment":[{"href":"https:\/\/www.weingut-steininger.at\/en\/wp-json\/wp\/v2\/media?parent=5580"}],"wp:term":[{"taxonomy":"product_brand","embeddable":true,"href":"https:\/\/www.weingut-steininger.at\/en\/wp-json\/wp\/v2\/product_brand?post=5580"},{"taxonomy":"product_cat","embeddable":true,"href":"https:\/\/www.weingut-steininger.at\/en\/wp-json\/wp\/v2\/product_cat?post=5580"},{"taxonomy":"product_tag","embeddable":true,"href":"https:\/\/www.weingut-steininger.at\/en\/wp-json\/wp\/v2\/product_tag?post=5580"}],"curies":[{"name":"wp","href":"https:\/\/api.w.org\/{rel}","templated":true}]}}