{"id":5581,"date":"2020-01-23T12:22:37","date_gmt":"2020-01-23T10:22:37","guid":{"rendered":"https:\/\/www.weingut-steininger.at\/?post_type=product&#038;p=5581"},"modified":"2025-01-15T12:56:16","modified_gmt":"2025-01-15T10:56:16","slug":"weissburgunder-2014","status":"publish","type":"product","link":"https:\/\/www.weingut-steininger.at\/en\/online-vinothek\/weine\/weissburgunder-2014\/","title":{"rendered":"Wei\u00dfburgunder 2014"},"content":{"rendered":"<h2><a name=\"_Toc17281882\"><\/a>Weinjahr 2014<\/h2>\n<p>2014 ging mit schwierigen Witterungsverh\u00e4ltnissen im Sommer und Herbst einher. Der August war \u00e4u\u00dferst tr\u00fcb und sonnenarm. Auch w\u00e4hrend der <a href=\"https:\/\/www.oesterreichwein.at\/unser-wein\/weinglossar-von-a-z\/?tx_a21glossary%5Buid%5D=372&amp;cHash=74c75bd284402dfb50ec6b1d213952a0\">Hauptlese<\/a> im September musste man sich mit niederschlagsreichen Tagen k\u00e4mpfen. Erst im Oktober wendete sich das Blatt dann ein wenig zum Positiven.<\/p>\n","protected":false},"excerpt":{"rendered":"<h4>13,5 vol%, Stelvin Lux<\/h4>\n<p>Kostnotizen von Familie Steininger<\/p>\n<p>2014 ist als ein \u00e4u\u00dferst schwieriger Jahrgang bekannt, auch durch den feuchten Herbst war der Botrytisdruck relativ hoch \u2013 dieser ist beim Wei\u00dfburgunder 2014 als typischer Honiganklang sp\u00fcrbar. Durch den vorhandenen Zucker und Extrakt pr\u00e4sentiert sich der Wein als \u00fcberreifer Wei\u00dfburgunder im Glas.<\/p>\n<h4>17 von 20 Punkten<\/h4>\n<p>Preis auf Anfrage: office@weingut-steininger.at<\/p>\n","protected":false},"featured_media":3536,"template":"","meta":{"_acf_changed":false},"product_brand":[],"product_cat":[729,363,303],"product_tag":[],"class_list":{"0":"post-5581","1":"product","2":"type-product","3":"status-publish","4":"has-post-thumbnail","6":"product_cat-altweinkeller","7":"product_cat-gereifte-weine","8":"product_cat-gereifte-weine-sekte","9":"pa_gebinde-075-l","10":"pa_jahrgang-328","11":"pa_rebsorte-weissburgunder","12":"description-off","14":"first","15":"instock","16":"taxable","17":"shipping-taxable","18":"product-type-simple"},"bundled_by":[],"bundle_stock_status":"instock","bundle_stock_quantity":null,"bundle_virtual":false,"bundle_layout":"","bundle_add_to_cart_form_location":"","bundle_editable_in_cart":false,"bundle_sold_individually_context":"","bundle_item_grouping":"","bundle_min_size":"","bundle_max_size":"","bundle_price":[],"bundled_items":[],"bundle_sell_ids":[],"acf":[],"_links":{"self":[{"href":"https:\/\/www.weingut-steininger.at\/en\/wp-json\/wp\/v2\/product\/5581","targetHints":{"allow":["GET"]}}],"collection":[{"href":"https:\/\/www.weingut-steininger.at\/en\/wp-json\/wp\/v2\/product"}],"about":[{"href":"https:\/\/www.weingut-steininger.at\/en\/wp-json\/wp\/v2\/types\/product"}],"version-history":[{"count":2,"href":"https:\/\/www.weingut-steininger.at\/en\/wp-json\/wp\/v2\/product\/5581\/revisions"}],"predecessor-version":[{"id":18481,"href":"https:\/\/www.weingut-steininger.at\/en\/wp-json\/wp\/v2\/product\/5581\/revisions\/18481"}],"wp:featuredmedia":[{"embeddable":true,"href":"https:\/\/www.weingut-steininger.at\/en\/wp-json\/wp\/v2\/media\/3536"}],"wp:attachment":[{"href":"https:\/\/www.weingut-steininger.at\/en\/wp-json\/wp\/v2\/media?parent=5581"}],"wp:term":[{"taxonomy":"product_brand","embeddable":true,"href":"https:\/\/www.weingut-steininger.at\/en\/wp-json\/wp\/v2\/product_brand?post=5581"},{"taxonomy":"product_cat","embeddable":true,"href":"https:\/\/www.weingut-steininger.at\/en\/wp-json\/wp\/v2\/product_cat?post=5581"},{"taxonomy":"product_tag","embeddable":true,"href":"https:\/\/www.weingut-steininger.at\/en\/wp-json\/wp\/v2\/product_tag?post=5581"}],"curies":[{"name":"wp","href":"https:\/\/api.w.org\/{rel}","templated":true}]}}