{"id":5600,"date":"2020-01-23T14:50:36","date_gmt":"2020-01-23T12:50:36","guid":{"rendered":"https:\/\/www.weingut-steininger.at\/?post_type=product&#038;p=5600"},"modified":"2025-01-15T12:56:15","modified_gmt":"2025-01-15T10:56:15","slug":"sauvignon-blanc-2002","status":"publish","type":"product","link":"https:\/\/www.weingut-steininger.at\/en\/online-vinothek\/weine\/sauvignon-blanc-2002\/","title":{"rendered":"Sauvignon Blanc 2002"},"content":{"rendered":"<h2><a name=\"_Toc17281894\"><\/a>Weinjahr 2002&nbsp;&nbsp;&nbsp;&nbsp;&nbsp;&nbsp;&nbsp;&nbsp;&nbsp;&nbsp;&nbsp;&nbsp;&nbsp;&nbsp;&nbsp;&nbsp;&nbsp;&nbsp;&nbsp;&nbsp;&nbsp;&nbsp;&nbsp;&nbsp;&nbsp;&nbsp;&nbsp;&nbsp;&nbsp;&nbsp;&nbsp;&nbsp;<\/h2>\n<p>Der Winter im Jahr 2002 war relativ mild und trocken. In Folge kam ein freundlicher, trockener Fr\u00fchling mit fr\u00fchem <a href=\"https:\/\/www.oesterreichwein.at\/unser-wein\/weinglossar-von-a-z\/?tx_a21glossary%5Buid%5D=71&amp;cHash=37fdd0f00bd1fee6c5636a516f7ad7f3\">Austrieb<\/a> und problemloser <a href=\"https:\/\/www.oesterreichwein.at\/unser-wein\/weinglossar-von-a-z\/?tx_a21glossary%5Buid%5D=120&amp;cHash=2ef20fe273ca1540d5debdc804fb03c6\">Bl\u00fcte<\/a> Ende Mai. Nach einigen hei\u00dfen Junitagen sorgte ein warmer, von Gewitterregen durchsetzter Juli f\u00fcr gro\u00dfen Reifevorsprung, der im August von der Hochwasserkatastrophe abrupt unterbrochen wurde. In fast allen Weinbaugegenden trat F\u00e4ulnisdruck auf, und die unglaublichen Wassermengen richteten in der <a href=\"https:\/\/www.oesterreichwein.at\/unser-wein\/weinbaugebiete\/niederoesterreich\/wachau\/\">Wachau<\/a>, im <a href=\"https:\/\/www.oesterreichwein.at\/unser-wein\/weinbaugebiete\/niederoesterreich\/kamptal\/\">Kamptal<\/a> und im <a href=\"https:\/\/www.oesterreichwein.at\/unser-wein\/weinbaugebiete\/niederoesterreich\/kremstal\/\">Kremstal<\/a> teilweise verheerende Sch\u00e4den an. Voraussetzung f\u00fcr Qualit\u00e4t waren penible Vorlesen, um faule Beeren und Trauben zu entfernen, was Ernteverluste nach sich zog.<\/p>\n","protected":false},"excerpt":{"rendered":"<h4>13 % Vol. Alk.<\/h4>\n<p>Kostnotizen von Familie Steininger<\/p>\n<p>2002 war das Jahr der riesigen Niederschl\u00e4ge in Langenlois, dies hinterlie\u00df auch Spuren im Weingarten. Wenige Extrakte im Wein lassen die Weine schneller reifen \u2013 er ist bereits an seiner Grenze der Reife angelangt, welche auch die Farbe erkennen l\u00e4sst.<\/p>\n<h4>16 von 20 Punkten<\/h4>\n<p>Preis auf Anfrage: office@weingut-steininger.at<\/p>\n","protected":false},"featured_media":5598,"template":"","meta":{"_acf_changed":false},"product_brand":[],"product_cat":[729,363,303],"product_tag":[],"class_list":{"0":"post-5600","1":"product","2":"type-product","3":"status-publish","4":"has-post-thumbnail","6":"product_cat-altweinkeller","7":"product_cat-gereifte-weine","8":"product_cat-gereifte-weine-sekte","9":"pa_gebinde-075-l","10":"pa_jahrgang-316","11":"pa_rebsorte-sauvignon-blanc","12":"description-off","14":"first","15":"instock","16":"taxable","17":"shipping-taxable","18":"product-type-simple"},"bundled_by":[],"bundle_stock_status":"instock","bundle_stock_quantity":null,"bundle_virtual":false,"bundle_layout":"","bundle_add_to_cart_form_location":"","bundle_editable_in_cart":false,"bundle_sold_individually_context":"","bundle_item_grouping":"","bundle_min_size":"","bundle_max_size":"","bundle_price":[],"bundled_items":[],"bundle_sell_ids":[],"acf":[],"_links":{"self":[{"href":"https:\/\/www.weingut-steininger.at\/en\/wp-json\/wp\/v2\/product\/5600","targetHints":{"allow":["GET"]}}],"collection":[{"href":"https:\/\/www.weingut-steininger.at\/en\/wp-json\/wp\/v2\/product"}],"about":[{"href":"https:\/\/www.weingut-steininger.at\/en\/wp-json\/wp\/v2\/types\/product"}],"version-history":[{"count":2,"href":"https:\/\/www.weingut-steininger.at\/en\/wp-json\/wp\/v2\/product\/5600\/revisions"}],"predecessor-version":[{"id":18491,"href":"https:\/\/www.weingut-steininger.at\/en\/wp-json\/wp\/v2\/product\/5600\/revisions\/18491"}],"wp:featuredmedia":[{"embeddable":true,"href":"https:\/\/www.weingut-steininger.at\/en\/wp-json\/wp\/v2\/media\/5598"}],"wp:attachment":[{"href":"https:\/\/www.weingut-steininger.at\/en\/wp-json\/wp\/v2\/media?parent=5600"}],"wp:term":[{"taxonomy":"product_brand","embeddable":true,"href":"https:\/\/www.weingut-steininger.at\/en\/wp-json\/wp\/v2\/product_brand?post=5600"},{"taxonomy":"product_cat","embeddable":true,"href":"https:\/\/www.weingut-steininger.at\/en\/wp-json\/wp\/v2\/product_cat?post=5600"},{"taxonomy":"product_tag","embeddable":true,"href":"https:\/\/www.weingut-steininger.at\/en\/wp-json\/wp\/v2\/product_tag?post=5600"}],"curies":[{"name":"wp","href":"https:\/\/api.w.org\/{rel}","templated":true}]}}