{"id":5612,"date":"2020-01-28T12:33:07","date_gmt":"2020-01-28T10:33:07","guid":{"rendered":"https:\/\/www.weingut-steininger.at\/?post_type=product&#038;p=5612"},"modified":"2025-01-15T12:56:10","modified_gmt":"2025-01-15T10:56:10","slug":"chardonnay-1999","status":"publish","type":"product","link":"https:\/\/www.weingut-steininger.at\/en\/online-vinothek\/weine\/chardonnay-1999\/","title":{"rendered":"Chardonnay 1999"},"content":{"rendered":"<h2><a name=\"_Toc17281898\"><\/a>Weinjahr 1999<\/h2>\n<p>Ausbleiben st\u00e4rkerer Frostsch\u00e4den in den Hauptanbaugebieten sowie ausreichende Wasserversorgung in der Vegetationsperiode. Hagelsch\u00e4den entstanden sowohl in <a href=\"https:\/\/www.oesterreichwein.at\/unser-wein\/weinbaugebiete\/niederoesterreich\/\">Nieder\u00f6sterreich<\/a> als auch in der <a href=\"https:\/\/www.oesterreichwein.at\/unser-wein\/weinbaugebiete\/steiermark\/\">Steiermark<\/a>. Es folgte ein ungew\u00f6hnlich milder, sonnenreicher September, der die <a href=\"https:\/\/www.oesterreichwein.at\/unser-wein\/weinglossar-von-a-z\/?tx_a21glossary%5Buid%5D=673&amp;cHash=9a59d1824ca0151a750970d7dbc4a202\">Reife<\/a> vorantrieb und so die Voraussetzungen f\u00fcr einen sehr guten Jahrgang schuf. Diese lange Vegetationsperiode f\u00fchrte zu einem extraktreichen Traubengut. Kr\u00e4ftige, gut strukturierte Wei\u00df- und Rotweine waren das Ergebnis.<\/p>\n","protected":false},"excerpt":{"rendered":"<h4>13,5 % Vol. Alk.,&nbsp; Kork<\/h4>\n<p>Kostnotizen von Familie Steininger<\/p>\n<p>Obwohl der Gr\u00fcne Veltliner und Riesling im Kamptal die Hauptrebsorten sind, bringen die Burgundersorten wie Pinot Blanc, Chardonnay beste (auch international gesehen) Qualit\u00e4ten hervor. Auch der Chardonnay von diesem guten Weinjahr 1999 mit einem trockenen Herbst brachte extraktreiche und sch\u00f6ne reife Weine hervor. In der Nase wirkt er sehr cremig, leichte Vanillenoten. Diese cremige Textur finden wir auch im Geschmack bis hin zum Abgang wieder. Der Wein hat in seinem trockenen Ausbau und Reife noch viele gute Jahre vor sich.<\/p>\n<h4>18 von 20 Punkten<\/h4>\n<p>Preis auf Anfrage: office@weingut-steininger.at<\/p>\n","protected":false},"featured_media":0,"template":"","meta":{"_acf_changed":false},"product_brand":[],"product_cat":[729,363,303],"product_tag":[],"class_list":{"0":"post-5612","1":"product","2":"type-product","3":"status-publish","5":"product_cat-altweinkeller","6":"product_cat-gereifte-weine","7":"product_cat-gereifte-weine-sekte","8":"pa_gebinde-075-l","9":"pa_jahrgang-313","10":"pa_rebsorte-chardonnay","11":"description-off","13":"first","14":"instock","15":"taxable","16":"shipping-taxable","17":"product-type-simple"},"bundled_by":[],"bundle_stock_status":"instock","bundle_stock_quantity":null,"bundle_virtual":false,"bundle_layout":"","bundle_add_to_cart_form_location":"","bundle_editable_in_cart":false,"bundle_sold_individually_context":"","bundle_item_grouping":"","bundle_min_size":"","bundle_max_size":"","bundle_price":[],"bundled_items":[],"bundle_sell_ids":[],"acf":[],"_links":{"self":[{"href":"https:\/\/www.weingut-steininger.at\/en\/wp-json\/wp\/v2\/product\/5612","targetHints":{"allow":["GET"]}}],"collection":[{"href":"https:\/\/www.weingut-steininger.at\/en\/wp-json\/wp\/v2\/product"}],"about":[{"href":"https:\/\/www.weingut-steininger.at\/en\/wp-json\/wp\/v2\/types\/product"}],"version-history":[{"count":2,"href":"https:\/\/www.weingut-steininger.at\/en\/wp-json\/wp\/v2\/product\/5612\/revisions"}],"predecessor-version":[{"id":18495,"href":"https:\/\/www.weingut-steininger.at\/en\/wp-json\/wp\/v2\/product\/5612\/revisions\/18495"}],"wp:attachment":[{"href":"https:\/\/www.weingut-steininger.at\/en\/wp-json\/wp\/v2\/media?parent=5612"}],"wp:term":[{"taxonomy":"product_brand","embeddable":true,"href":"https:\/\/www.weingut-steininger.at\/en\/wp-json\/wp\/v2\/product_brand?post=5612"},{"taxonomy":"product_cat","embeddable":true,"href":"https:\/\/www.weingut-steininger.at\/en\/wp-json\/wp\/v2\/product_cat?post=5612"},{"taxonomy":"product_tag","embeddable":true,"href":"https:\/\/www.weingut-steininger.at\/en\/wp-json\/wp\/v2\/product_tag?post=5612"}],"curies":[{"name":"wp","href":"https:\/\/api.w.org\/{rel}","templated":true}]}}