{"id":5618,"date":"2020-01-27T15:26:24","date_gmt":"2020-01-27T13:26:24","guid":{"rendered":"https:\/\/www.weingut-steininger.at\/?post_type=product&#038;p=5618"},"modified":"2025-01-15T12:56:14","modified_gmt":"2025-01-15T10:56:14","slug":"weissburgunder-1998","status":"publish","type":"product","link":"https:\/\/www.weingut-steininger.at\/en\/online-vinothek\/weine\/weissburgunder-1998\/","title":{"rendered":"Wei\u00dfburgunder 1998"},"content":{"rendered":"<h2><a name=\"_Toc17281902\"><\/a>Weinjahr 1998<\/h2>\n<p>G\u00fcnstige Wetterbedingungen in den Sommermonaten, der Traubenansatz war gut und ohne gro\u00dfe Verrieselungssch\u00e4den. Witterungsverlauf blieb wechselhaft und die <a href=\"https:\/\/www.oesterreichwein.at\/unser-wein\/weinglossar-von-a-z\/?tx_a21glossary%5Buid%5D=231&amp;cHash=35331640c1d1d0e45df940670f964ca9\">Ernte<\/a> gestaltete sich, obwohl l\u00e4ngere Sonnenfenster in allen Weinbaugebieten immer wieder gute Bedingungen boten, sehr aufw\u00e4ndig, um gesundes Traubenmaterial auszulesen. Sowohl die Wei\u00dfweine als auch die Rotweine konnten vom Reifevorsprung im August profitieren.<\/p>\n","protected":false},"excerpt":{"rendered":"<h4>12,5 % Vol. Alk., Kunststoffkork<\/h4>\n<p>Kostnotizen von Familie Steininger<\/p>\n<p>Nicht umsonst sagt man, dass ein Burgunder ein langes Leben vor sich hat. Dieser Wei\u00dfburgunder ist ein wirklicher Beweis f\u00fcr eine sch\u00f6ne Reife. Leider hat dieser Wei\u00dfburgunder einen Kunststoffkork und deshalb m\u00fcssen wir Ihn einen Punkt abziehen.<\/p>\n<h4>19 von 20 Punkten<\/h4>\n<p>Preis auf Anfrage: office@weingut-steininger.at<\/p>\n","protected":false},"featured_media":317,"template":"","meta":{"_acf_changed":false},"product_brand":[],"product_cat":[729,363,303],"product_tag":[],"class_list":{"0":"post-5618","1":"product","2":"type-product","3":"status-publish","4":"has-post-thumbnail","6":"product_cat-altweinkeller","7":"product_cat-gereifte-weine","8":"product_cat-gereifte-weine-sekte","9":"pa_gebinde-075-l","10":"pa_jahrgang-312","11":"pa_rebsorte-weissburgunder","12":"description-off","14":"first","15":"instock","16":"taxable","17":"shipping-taxable","18":"product-type-simple"},"bundled_by":[],"bundle_stock_status":"instock","bundle_stock_quantity":null,"bundle_virtual":false,"bundle_layout":"","bundle_add_to_cart_form_location":"","bundle_editable_in_cart":false,"bundle_sold_individually_context":"","bundle_item_grouping":"","bundle_min_size":"","bundle_max_size":"","bundle_price":[],"bundled_items":[],"bundle_sell_ids":[],"acf":[],"_links":{"self":[{"href":"https:\/\/www.weingut-steininger.at\/en\/wp-json\/wp\/v2\/product\/5618","targetHints":{"allow":["GET"]}}],"collection":[{"href":"https:\/\/www.weingut-steininger.at\/en\/wp-json\/wp\/v2\/product"}],"about":[{"href":"https:\/\/www.weingut-steininger.at\/en\/wp-json\/wp\/v2\/types\/product"}],"version-history":[{"count":2,"href":"https:\/\/www.weingut-steininger.at\/en\/wp-json\/wp\/v2\/product\/5618\/revisions"}],"predecessor-version":[{"id":18499,"href":"https:\/\/www.weingut-steininger.at\/en\/wp-json\/wp\/v2\/product\/5618\/revisions\/18499"}],"wp:featuredmedia":[{"embeddable":true,"href":"https:\/\/www.weingut-steininger.at\/en\/wp-json\/wp\/v2\/media\/317"}],"wp:attachment":[{"href":"https:\/\/www.weingut-steininger.at\/en\/wp-json\/wp\/v2\/media?parent=5618"}],"wp:term":[{"taxonomy":"product_brand","embeddable":true,"href":"https:\/\/www.weingut-steininger.at\/en\/wp-json\/wp\/v2\/product_brand?post=5618"},{"taxonomy":"product_cat","embeddable":true,"href":"https:\/\/www.weingut-steininger.at\/en\/wp-json\/wp\/v2\/product_cat?post=5618"},{"taxonomy":"product_tag","embeddable":true,"href":"https:\/\/www.weingut-steininger.at\/en\/wp-json\/wp\/v2\/product_tag?post=5618"}],"curies":[{"name":"wp","href":"https:\/\/api.w.org\/{rel}","templated":true}]}}