{"id":5620,"date":"2020-01-27T15:57:02","date_gmt":"2020-01-27T13:57:02","guid":{"rendered":"https:\/\/www.weingut-steininger.at\/?post_type=product&#038;p=5620"},"modified":"2025-01-15T12:56:14","modified_gmt":"2025-01-15T10:56:14","slug":"weissburgunder-1988","status":"publish","type":"product","link":"https:\/\/www.weingut-steininger.at\/en\/online-vinothek\/weine\/weissburgunder-1988\/","title":{"rendered":"Wei\u00dfburgunder 1988"},"content":{"rendered":"<h2><a name=\"_Toc17281912\"><\/a>Weinjahr 1988<\/h2>\n<p>Ein milder Winter, ein <a href=\"https:\/\/www.oesterreichwein.at\/unser-wein\/weinglossar-von-a-z\/?tx_a21glossary%5Buid%5D=873&amp;cHash=32beb48e5d9044204a82a50e6e6a5549\">trocken<\/a>-hei\u00dfer Sommer mit ausgiebigen Regenf\u00e4llen gegen Ende hin sowie ein <a href=\"https:\/\/www.oesterreichwein.at\/unser-wein\/weinglossar-von-a-z\/?tx_a21glossary%5Buid%5D=873&amp;cHash=32beb48e5d9044204a82a50e6e6a5549\">trocken<\/a>-warmer Herbst lie\u00dfen viele <a href=\"https:\/\/www.oesterreichwein.at\/unser-wein\/weinglossar-von-a-z\/?tx_a21glossary%5Buid%5D=970&amp;cHash=4811dee306c7a039a1bfa1d6245a1bda\">Winzer<\/a> eine gro\u00dfe und gute Weinernte einbringen. Es gab auch viele Pr\u00e4dikatsweine.<\/p>\n","protected":false},"excerpt":{"rendered":"<p>Kostnotizen von Familie Steininger<\/p>\n<p>Durch den trockenen, hei\u00dfen Sommer entwickelte sich dieser Wei\u00dfburgunder 1988 zu einem vollen, dichten und s\u00e4migen Wein mit trocknem, mildem Charakter. Durch die Reife bedingten h\u00f6heren Alkoholgehalt ist er bereits am H\u00f6hepunkt bereits angelangt.<\/p>\n<h4>17 von 20 Punkten<\/h4>\n<p>Preis auf Anfrage: office@weingut-steininger.at<\/p>\n","protected":false},"featured_media":317,"template":"","meta":{"_acf_changed":false},"product_brand":[],"product_cat":[729,363,303],"product_tag":[],"class_list":{"0":"post-5620","1":"product","2":"type-product","3":"status-publish","4":"has-post-thumbnail","6":"product_cat-altweinkeller","7":"product_cat-gereifte-weine","8":"product_cat-gereifte-weine-sekte","9":"pa_gebinde-075-l","10":"pa_jahrgang-355","11":"pa_rebsorte-weissburgunder","12":"description-off","14":"first","15":"instock","16":"taxable","17":"shipping-taxable","18":"product-type-simple"},"bundled_by":[],"bundle_stock_status":"instock","bundle_stock_quantity":null,"bundle_virtual":false,"bundle_layout":"","bundle_add_to_cart_form_location":"","bundle_editable_in_cart":false,"bundle_sold_individually_context":"","bundle_item_grouping":"","bundle_min_size":"","bundle_max_size":"","bundle_price":[],"bundled_items":[],"bundle_sell_ids":[],"acf":[],"_links":{"self":[{"href":"https:\/\/www.weingut-steininger.at\/en\/wp-json\/wp\/v2\/product\/5620","targetHints":{"allow":["GET"]}}],"collection":[{"href":"https:\/\/www.weingut-steininger.at\/en\/wp-json\/wp\/v2\/product"}],"about":[{"href":"https:\/\/www.weingut-steininger.at\/en\/wp-json\/wp\/v2\/types\/product"}],"version-history":[{"count":2,"href":"https:\/\/www.weingut-steininger.at\/en\/wp-json\/wp\/v2\/product\/5620\/revisions"}],"predecessor-version":[{"id":18503,"href":"https:\/\/www.weingut-steininger.at\/en\/wp-json\/wp\/v2\/product\/5620\/revisions\/18503"}],"wp:featuredmedia":[{"embeddable":true,"href":"https:\/\/www.weingut-steininger.at\/en\/wp-json\/wp\/v2\/media\/317"}],"wp:attachment":[{"href":"https:\/\/www.weingut-steininger.at\/en\/wp-json\/wp\/v2\/media?parent=5620"}],"wp:term":[{"taxonomy":"product_brand","embeddable":true,"href":"https:\/\/www.weingut-steininger.at\/en\/wp-json\/wp\/v2\/product_brand?post=5620"},{"taxonomy":"product_cat","embeddable":true,"href":"https:\/\/www.weingut-steininger.at\/en\/wp-json\/wp\/v2\/product_cat?post=5620"},{"taxonomy":"product_tag","embeddable":true,"href":"https:\/\/www.weingut-steininger.at\/en\/wp-json\/wp\/v2\/product_tag?post=5620"}],"curies":[{"name":"wp","href":"https:\/\/api.w.org\/{rel}","templated":true}]}}