{"id":5621,"date":"2020-01-27T16:01:07","date_gmt":"2020-01-27T14:01:07","guid":{"rendered":"https:\/\/www.weingut-steininger.at\/?post_type=product&#038;p=5621"},"modified":"2025-01-15T12:56:14","modified_gmt":"2025-01-15T10:56:14","slug":"weissburgunder-1986","status":"publish","type":"product","link":"https:\/\/www.weingut-steininger.at\/en\/online-vinothek\/weine\/weissburgunder-1986\/","title":{"rendered":"Wei\u00dfburgunder 1986"},"content":{"rendered":"<h2><a name=\"_Toc17281914\"><\/a>Weinjahr 1986<\/h2>\n<p>Der ausgezeichnete Jahrgang wies optimale S\u00e4urestruktur, betont ausgepr\u00e4gtes <a href=\"https:\/\/www.oesterreichwein.at\/unser-wein\/weinglossar-von-a-z\/?tx_a21glossary%5Buid%5D=777&amp;cHash=2bd82996d2c56c647e5061f58a60bc79\">Sortenbukett<\/a> und hohen Extraktgehalt auf. Er war auch einer der gr\u00f6\u00dften Rotweinjahrg\u00e4nge, und es gab auch exzellente Eisweine. Die Menge blieb allerdings unter dem Durchschnitt.<\/p>\n","protected":false},"excerpt":{"rendered":"<h4>Kork<\/h4>\n<p>Kostnotizen von Familie Steininger<\/p>\n<p>Ein ganz trocken ausgebauter Wei\u00dfburgunder mit ansprechender S\u00e4urestilistik, im Duft leichtes Burgunderaroma, welches am Gaumen durch die hohe Extraktdichte sich zu einem k\u00f6rperreichen, dichten Burgunder entwickelt.<\/p>\n<h4>18 von 20 Punkten<\/h4>\n<p>Preis auf Anfrage: office@weingut-steininger.at<\/p>\n","protected":false},"featured_media":3536,"template":"","meta":{"_acf_changed":false},"product_brand":[],"product_cat":[729,363,303],"product_tag":[],"class_list":{"0":"post-5621","1":"product","2":"type-product","3":"status-publish","4":"has-post-thumbnail","6":"product_cat-altweinkeller","7":"product_cat-gereifte-weine","8":"product_cat-gereifte-weine-sekte","9":"pa_gebinde-075-l","10":"pa_jahrgang-356","11":"pa_rebsorte-weissburgunder","12":"description-off","14":"first","15":"instock","16":"taxable","17":"shipping-taxable","18":"product-type-simple"},"bundled_by":[],"bundle_stock_status":"instock","bundle_stock_quantity":null,"bundle_virtual":false,"bundle_layout":"","bundle_add_to_cart_form_location":"","bundle_editable_in_cart":false,"bundle_sold_individually_context":"","bundle_item_grouping":"","bundle_min_size":"","bundle_max_size":"","bundle_price":[],"bundled_items":[],"bundle_sell_ids":[],"acf":[],"_links":{"self":[{"href":"https:\/\/www.weingut-steininger.at\/en\/wp-json\/wp\/v2\/product\/5621","targetHints":{"allow":["GET"]}}],"collection":[{"href":"https:\/\/www.weingut-steininger.at\/en\/wp-json\/wp\/v2\/product"}],"about":[{"href":"https:\/\/www.weingut-steininger.at\/en\/wp-json\/wp\/v2\/types\/product"}],"version-history":[{"count":2,"href":"https:\/\/www.weingut-steininger.at\/en\/wp-json\/wp\/v2\/product\/5621\/revisions"}],"predecessor-version":[{"id":18505,"href":"https:\/\/www.weingut-steininger.at\/en\/wp-json\/wp\/v2\/product\/5621\/revisions\/18505"}],"wp:featuredmedia":[{"embeddable":true,"href":"https:\/\/www.weingut-steininger.at\/en\/wp-json\/wp\/v2\/media\/3536"}],"wp:attachment":[{"href":"https:\/\/www.weingut-steininger.at\/en\/wp-json\/wp\/v2\/media?parent=5621"}],"wp:term":[{"taxonomy":"product_brand","embeddable":true,"href":"https:\/\/www.weingut-steininger.at\/en\/wp-json\/wp\/v2\/product_brand?post=5621"},{"taxonomy":"product_cat","embeddable":true,"href":"https:\/\/www.weingut-steininger.at\/en\/wp-json\/wp\/v2\/product_cat?post=5621"},{"taxonomy":"product_tag","embeddable":true,"href":"https:\/\/www.weingut-steininger.at\/en\/wp-json\/wp\/v2\/product_tag?post=5621"}],"curies":[{"name":"wp","href":"https:\/\/api.w.org\/{rel}","templated":true}]}}