{"id":5622,"date":"2020-01-27T16:12:47","date_gmt":"2020-01-27T14:12:47","guid":{"rendered":"https:\/\/www.weingut-steininger.at\/?post_type=product&#038;p=5622"},"modified":"2025-01-15T12:56:13","modified_gmt":"2025-01-15T10:56:13","slug":"riesling-1980","status":"publish","type":"product","link":"https:\/\/www.weingut-steininger.at\/en\/online-vinothek\/weine\/riesling-1980\/","title":{"rendered":"Riesling 1980"},"content":{"rendered":"<h2><a name=\"_Toc17281916\"><\/a>Weinjahr 1980<\/h2>\n<p>Ein ung\u00fcnstiger Witterungsverlauf im Fr\u00fchjahr bewirkte einen sp\u00e4ten <a href=\"https:\/\/www.oesterreichwein.at\/unser-wein\/weinglossar-von-a-z\/?tx_a21glossary%5Buid%5D=71&amp;cHash=37fdd0f00bd1fee6c5636a516f7ad7f3\"><em>Austrieb<\/em><\/a> und eine stark verz\u00f6gerte <a href=\"https:\/\/www.oesterreichwein.at\/unser-wein\/weinglossar-von-a-z\/?tx_a21glossary%5Buid%5D=120&amp;cHash=2ef20fe273ca1540d5debdc804fb03c6\">Bl\u00fcte<\/a>. Ein kleines Weinjahr mit nur m\u00e4\u00dfigen Qualit\u00e4ten. Nach l\u00e4ngerer <a href=\"https:\/\/www.oesterreichwein.at\/unser-wein\/weinglossar-von-a-z\/?tx_a21glossary%5Buid%5D=499&amp;cHash=c92c884522450955ec5035375f2c6f24\">Lagerung<\/a> \u00fcberraschten manche Weine qualitativ dank ihrer guten S\u00e4urestruktur.<\/p>\n","protected":false},"excerpt":{"rendered":"<p>Kostnotizen von Familie Steininger<\/p>\n<p>Extrem trocken, fordernd, erh\u00f6hte S\u00e4urestruktur f\u00fcr Liebhaber die fordernden und extrem trocknen Weine mit S\u00e4ure m\u00f6gen. Durch die knackige S\u00e4ure wird er aber noch l\u00e4ngere Zeit durchaus frischer Wein wirken<\/p>\n<h4>16 von 20 Punkten<\/h4>\n<p>Preis auf Anfrage: office@weingut-steininger.at<\/p>\n","protected":false},"featured_media":5789,"template":"","meta":{"_acf_changed":false},"product_brand":[],"product_cat":[729,363,303],"product_tag":[],"class_list":{"0":"post-5622","1":"product","2":"type-product","3":"status-publish","4":"has-post-thumbnail","6":"product_cat-altweinkeller","7":"product_cat-gereifte-weine","8":"product_cat-gereifte-weine-sekte","9":"pa_gebinde-075-l","10":"pa_jahrgang-357","11":"pa_rebsorte-riesling","12":"description-off","14":"first","15":"instock","16":"taxable","17":"shipping-taxable","18":"product-type-simple"},"bundled_by":[],"bundle_stock_status":"instock","bundle_stock_quantity":null,"bundle_virtual":false,"bundle_layout":"","bundle_add_to_cart_form_location":"","bundle_editable_in_cart":false,"bundle_sold_individually_context":"","bundle_item_grouping":"","bundle_min_size":"","bundle_max_size":"","bundle_price":[],"bundled_items":[],"bundle_sell_ids":[],"acf":[],"_links":{"self":[{"href":"https:\/\/www.weingut-steininger.at\/en\/wp-json\/wp\/v2\/product\/5622","targetHints":{"allow":["GET"]}}],"collection":[{"href":"https:\/\/www.weingut-steininger.at\/en\/wp-json\/wp\/v2\/product"}],"about":[{"href":"https:\/\/www.weingut-steininger.at\/en\/wp-json\/wp\/v2\/types\/product"}],"version-history":[{"count":2,"href":"https:\/\/www.weingut-steininger.at\/en\/wp-json\/wp\/v2\/product\/5622\/revisions"}],"predecessor-version":[{"id":18507,"href":"https:\/\/www.weingut-steininger.at\/en\/wp-json\/wp\/v2\/product\/5622\/revisions\/18507"}],"wp:featuredmedia":[{"embeddable":true,"href":"https:\/\/www.weingut-steininger.at\/en\/wp-json\/wp\/v2\/media\/5789"}],"wp:attachment":[{"href":"https:\/\/www.weingut-steininger.at\/en\/wp-json\/wp\/v2\/media?parent=5622"}],"wp:term":[{"taxonomy":"product_brand","embeddable":true,"href":"https:\/\/www.weingut-steininger.at\/en\/wp-json\/wp\/v2\/product_brand?post=5622"},{"taxonomy":"product_cat","embeddable":true,"href":"https:\/\/www.weingut-steininger.at\/en\/wp-json\/wp\/v2\/product_cat?post=5622"},{"taxonomy":"product_tag","embeddable":true,"href":"https:\/\/www.weingut-steininger.at\/en\/wp-json\/wp\/v2\/product_tag?post=5622"}],"curies":[{"name":"wp","href":"https:\/\/api.w.org\/{rel}","templated":true}]}}