{"id":5625,"date":"2020-01-28T11:01:05","date_gmt":"2020-01-28T09:01:05","guid":{"rendered":"https:\/\/www.weingut-steininger.at\/?post_type=product&#038;p=5625"},"modified":"2025-01-15T12:56:11","modified_gmt":"2025-01-15T10:56:11","slug":"riesling-heiligenstein-zoebing-1976","status":"publish","type":"product","link":"https:\/\/www.weingut-steininger.at\/en\/online-vinothek\/weine\/riesling-heiligenstein-zoebing-1976\/","title":{"rendered":"Riesling Heiligenstein Z\u00f6bing 1976"},"content":{"rendered":"<h2><a name=\"_Toc17281918\"><\/a>Weinjahr 1976<\/h2>\n<p>Unbest\u00e4ndiges Wetter beeintr\u00e4chtigte Traubenreife und beg\u00fcnstigte den Botrytisbefall. Es wurden gro\u00dffl\u00e4chig Pr\u00e4dikatsweine erzeugt. In diesem Jahr gab es eine breite Streuung der Weinqualit\u00e4ten von schlanken bis hin zu eleganten und ausdrucksvollen Weinen.<\/p>\n","protected":false},"excerpt":{"rendered":"<p>Kostnotizen von Familie Steininger<\/p>\n<p>Riesling Heiligenstein von Z\u00f6bing ist vom Weingut Pomarius (Elternweingut von Brigitta Steininger). Leider eine leichte Beeintr\u00e4chtigung durch den Kork, aber sonst gro\u00dfer Wein. Dicht, kr\u00e4ftig, mild, kein sp\u00fcrbarer Alterston vom Riesling, wird wahrscheinlich von der Mineralik ausgeglichen, gro\u00dfartiger Wein im Sp\u00e4tlesebereich.&nbsp;&nbsp;&nbsp;&nbsp;&nbsp;&nbsp;&nbsp;&nbsp;&nbsp;&nbsp;&nbsp;&nbsp;&nbsp;&nbsp;&nbsp;&nbsp;&nbsp;&nbsp;&nbsp;&nbsp;&nbsp;&nbsp;&nbsp;&nbsp;<\/p>\n<h4>19 von 20 Punkten<\/h4>\n<p>Preis auf Anfrage: office@weingut-steininger.at<\/p>\n","protected":false},"featured_media":5789,"template":"","meta":{"_acf_changed":false},"product_brand":[],"product_cat":[729,363,303],"product_tag":[],"class_list":{"0":"post-5625","1":"product","2":"type-product","3":"status-publish","4":"has-post-thumbnail","6":"product_cat-altweinkeller","7":"product_cat-gereifte-weine","8":"product_cat-gereifte-weine-sekte","9":"pa_gebinde-075-l","10":"pa_jahrgang-352","11":"pa_rebsorte-riesling","12":"description-off","14":"first","15":"instock","16":"taxable","17":"shipping-taxable","18":"product-type-simple"},"bundled_by":[],"bundle_stock_status":"instock","bundle_stock_quantity":null,"bundle_virtual":false,"bundle_layout":"","bundle_add_to_cart_form_location":"","bundle_editable_in_cart":false,"bundle_sold_individually_context":"","bundle_item_grouping":"","bundle_min_size":"","bundle_max_size":"","bundle_price":[],"bundled_items":[],"bundle_sell_ids":[],"acf":[],"_links":{"self":[{"href":"https:\/\/www.weingut-steininger.at\/en\/wp-json\/wp\/v2\/product\/5625","targetHints":{"allow":["GET"]}}],"collection":[{"href":"https:\/\/www.weingut-steininger.at\/en\/wp-json\/wp\/v2\/product"}],"about":[{"href":"https:\/\/www.weingut-steininger.at\/en\/wp-json\/wp\/v2\/types\/product"}],"version-history":[{"count":2,"href":"https:\/\/www.weingut-steininger.at\/en\/wp-json\/wp\/v2\/product\/5625\/revisions"}],"predecessor-version":[{"id":18509,"href":"https:\/\/www.weingut-steininger.at\/en\/wp-json\/wp\/v2\/product\/5625\/revisions\/18509"}],"wp:featuredmedia":[{"embeddable":true,"href":"https:\/\/www.weingut-steininger.at\/en\/wp-json\/wp\/v2\/media\/5789"}],"wp:attachment":[{"href":"https:\/\/www.weingut-steininger.at\/en\/wp-json\/wp\/v2\/media?parent=5625"}],"wp:term":[{"taxonomy":"product_brand","embeddable":true,"href":"https:\/\/www.weingut-steininger.at\/en\/wp-json\/wp\/v2\/product_brand?post=5625"},{"taxonomy":"product_cat","embeddable":true,"href":"https:\/\/www.weingut-steininger.at\/en\/wp-json\/wp\/v2\/product_cat?post=5625"},{"taxonomy":"product_tag","embeddable":true,"href":"https:\/\/www.weingut-steininger.at\/en\/wp-json\/wp\/v2\/product_tag?post=5625"}],"curies":[{"name":"wp","href":"https:\/\/api.w.org\/{rel}","templated":true}]}}