{"id":5626,"date":"2020-01-28T08:44:21","date_gmt":"2020-01-28T06:44:21","guid":{"rendered":"https:\/\/www.weingut-steininger.at\/?post_type=product&#038;p=5626"},"modified":"2025-01-15T12:56:13","modified_gmt":"2025-01-15T10:56:13","slug":"zweigelt-2015","status":"publish","type":"product","link":"https:\/\/www.weingut-steininger.at\/en\/online-vinothek\/weine\/zweigelt-2015\/","title":{"rendered":"Zweigelt 2015"},"content":{"rendered":"<h2><a name=\"_Toc17281920\"><\/a>Weinjahr 2015<\/h2>\n<p>Der Sommer ist gepr\u00e4gt von ungemein hei\u00dfen Temperaturen und Ausbleiben von Niederschl\u00e4gen. Der Herbst wiederum brachte relativ k\u00fchle N\u00e4chte und zahlreiche Sonnentage mit sich. Die Trauben konnten ohne Stress zum gew\u00e4hlten Zeitpunkt gelesen werden, zumal Sch\u00e4dlings- und Pilzbefall weitgehend zum Gl\u00fcck ausblieben, auch die <a href=\"https:\/\/www.oesterreichwein.at\/unser-wein\/weinglossar-von-a-z\/?tx_a21glossary%5Buid%5D=211&amp;cHash=689cc12d8044008bfa5df3d3a89d017a\">Edelf\u00e4ule<\/a> trat nur ganz vereinzelt auf.<br \/>\nDie <a href=\"https:\/\/www.oesterreichwein.at\/unser-wein\/rebsorten\/weisswein\/gruener-veltliner\/\">Gr\u00fcner Veltliner<\/a> vom Jahrgang 2015 sind bekannt f\u00fcr ihre saftigen, molligen Charakter mit eher milder S\u00e4urestruktur, leichteren, schlanken Qualit\u00e4ten; Rieslinge hingegen gelten als sehr kr\u00e4ftig mit einem guten Gleichgewicht zwischen Fruchtkomponenten und S\u00e4urefond.<\/p>\n","protected":false},"excerpt":{"rendered":"<h4>13,5 % Vol. Alk., Stelvin Lux<\/h4>\n<p>Kostnotizen Familie Steininger<\/p>\n<p>Der Zweigelt zeigt seine Gr\u00f6\u00dfe, wirkt aber durch seinen hohen Alkoholgehalt im Abgang etwas brandig. Geben wir dem Wein noch etwas Zeit, dann wird er gro\u00dfe Klasse sein.<\/p>\n<h4>17 von 20 Punkten<\/h4>\n<p>Preis auf Anfrage: office@weingut-steininger.at<\/p>\n","protected":false},"featured_media":3543,"template":"","meta":{"_acf_changed":false},"product_brand":[],"product_cat":[729,363,303],"product_tag":[],"class_list":{"0":"post-5626","1":"product","2":"type-product","3":"status-publish","4":"has-post-thumbnail","6":"product_cat-altweinkeller","7":"product_cat-gereifte-weine","8":"product_cat-gereifte-weine-sekte","9":"pa_gebinde-075-l","10":"pa_jahrgang-329","11":"pa_rebsorte-zweigelt","12":"description-off","14":"first","15":"instock","16":"taxable","17":"shipping-taxable","18":"product-type-simple"},"bundled_by":[],"bundle_stock_status":"instock","bundle_stock_quantity":null,"bundle_virtual":false,"bundle_layout":"","bundle_add_to_cart_form_location":"","bundle_editable_in_cart":false,"bundle_sold_individually_context":"","bundle_item_grouping":"","bundle_min_size":"","bundle_max_size":"","bundle_price":[],"bundled_items":[],"bundle_sell_ids":[],"acf":[],"_links":{"self":[{"href":"https:\/\/www.weingut-steininger.at\/en\/wp-json\/wp\/v2\/product\/5626","targetHints":{"allow":["GET"]}}],"collection":[{"href":"https:\/\/www.weingut-steininger.at\/en\/wp-json\/wp\/v2\/product"}],"about":[{"href":"https:\/\/www.weingut-steininger.at\/en\/wp-json\/wp\/v2\/types\/product"}],"version-history":[{"count":2,"href":"https:\/\/www.weingut-steininger.at\/en\/wp-json\/wp\/v2\/product\/5626\/revisions"}],"predecessor-version":[{"id":18511,"href":"https:\/\/www.weingut-steininger.at\/en\/wp-json\/wp\/v2\/product\/5626\/revisions\/18511"}],"wp:featuredmedia":[{"embeddable":true,"href":"https:\/\/www.weingut-steininger.at\/en\/wp-json\/wp\/v2\/media\/3543"}],"wp:attachment":[{"href":"https:\/\/www.weingut-steininger.at\/en\/wp-json\/wp\/v2\/media?parent=5626"}],"wp:term":[{"taxonomy":"product_brand","embeddable":true,"href":"https:\/\/www.weingut-steininger.at\/en\/wp-json\/wp\/v2\/product_brand?post=5626"},{"taxonomy":"product_cat","embeddable":true,"href":"https:\/\/www.weingut-steininger.at\/en\/wp-json\/wp\/v2\/product_cat?post=5626"},{"taxonomy":"product_tag","embeddable":true,"href":"https:\/\/www.weingut-steininger.at\/en\/wp-json\/wp\/v2\/product_tag?post=5626"}],"curies":[{"name":"wp","href":"https:\/\/api.w.org\/{rel}","templated":true}]}}