{"id":5644,"date":"2020-01-28T12:21:44","date_gmt":"2020-01-28T10:21:44","guid":{"rendered":"https:\/\/www.weingut-steininger.at\/?post_type=product&#038;p=5644"},"modified":"2025-01-15T12:56:10","modified_gmt":"2025-01-15T10:56:10","slug":"zweigelt-novemberlese-2003","status":"publish","type":"product","link":"https:\/\/www.weingut-steininger.at\/en\/online-vinothek\/weine\/zweigelt-novemberlese-2003\/","title":{"rendered":"Zweigelt Novemberlese 2003"},"content":{"rendered":"<h2><a name=\"_Toc17281938\"><\/a>Weinjahr 2003<\/h2>\n<p>Eine Hitzewelle zog zu Ostern ein, die beinahe vier Monate anhielt. Der hei\u00dfe, fast niederschlagsfreie Sommer sorgte f\u00fcr einen Vorsprung in der Vegetation, wenn auch die jungen Reben teilweise unter der Trockenheit litten. Dann schlug das Wetter um, die Temperaturen fielen um mehr als 10 Grad, doch im September folgte ein sonniger \u201eAltweibersommer\u201c. Die N\u00e4chte blieben k\u00fchl, die Zuckerreife erfolgte daher langsamer, aber die Aromabildung wurde gef\u00f6rdert. Gr\u00f6\u00dfere Niederschl\u00e4ge blieben bis Mitte Oktober aus, sodass die Trauben absolut gesund waren.<\/p>\n","protected":false},"excerpt":{"rendered":"<h4>13,5 % Vol. Alk.<\/h4>\n<p>Kostnotizen von Familie Steininger<\/p>\n<p>Durch den trockenen, hei\u00dfen Sommer 2003 \u2013 welcher speziell im Rotweinbereich positiv ist, entstanden sehr milde und cremige Rotweine, ganz trocken ausgebaut, leichte Weichselnoten sind am Gaumen erkennbar. Ein sch\u00f6ner Vertreter eines guten Zweigelt f\u00fcr das Kamptal.<\/p>\n<h4>17 von 20 Punkten<\/h4>\n<p>Preis auf Anfrage: office@weingut-steininger.at<\/p>\n","protected":false},"featured_media":5656,"template":"","meta":{"_acf_changed":false},"product_brand":[],"product_cat":[729,363,303],"product_tag":[],"class_list":{"0":"post-5644","1":"product","2":"type-product","3":"status-publish","4":"has-post-thumbnail","6":"product_cat-altweinkeller","7":"product_cat-gereifte-weine","8":"product_cat-gereifte-weine-sekte","9":"pa_gebinde-075-l","10":"pa_jahrgang-317","11":"pa_rebsorte-zweigelt","12":"description-off","14":"first","15":"instock","16":"taxable","17":"shipping-taxable","18":"product-type-simple"},"bundled_by":[],"bundle_stock_status":"instock","bundle_stock_quantity":null,"bundle_virtual":false,"bundle_layout":"","bundle_add_to_cart_form_location":"","bundle_editable_in_cart":false,"bundle_sold_individually_context":"","bundle_item_grouping":"","bundle_min_size":"","bundle_max_size":"","bundle_price":[],"bundled_items":[],"bundle_sell_ids":[],"acf":[],"_links":{"self":[{"href":"https:\/\/www.weingut-steininger.at\/en\/wp-json\/wp\/v2\/product\/5644","targetHints":{"allow":["GET"]}}],"collection":[{"href":"https:\/\/www.weingut-steininger.at\/en\/wp-json\/wp\/v2\/product"}],"about":[{"href":"https:\/\/www.weingut-steininger.at\/en\/wp-json\/wp\/v2\/types\/product"}],"version-history":[{"count":2,"href":"https:\/\/www.weingut-steininger.at\/en\/wp-json\/wp\/v2\/product\/5644\/revisions"}],"predecessor-version":[{"id":18527,"href":"https:\/\/www.weingut-steininger.at\/en\/wp-json\/wp\/v2\/product\/5644\/revisions\/18527"}],"wp:featuredmedia":[{"embeddable":true,"href":"https:\/\/www.weingut-steininger.at\/en\/wp-json\/wp\/v2\/media\/5656"}],"wp:attachment":[{"href":"https:\/\/www.weingut-steininger.at\/en\/wp-json\/wp\/v2\/media?parent=5644"}],"wp:term":[{"taxonomy":"product_brand","embeddable":true,"href":"https:\/\/www.weingut-steininger.at\/en\/wp-json\/wp\/v2\/product_brand?post=5644"},{"taxonomy":"product_cat","embeddable":true,"href":"https:\/\/www.weingut-steininger.at\/en\/wp-json\/wp\/v2\/product_cat?post=5644"},{"taxonomy":"product_tag","embeddable":true,"href":"https:\/\/www.weingut-steininger.at\/en\/wp-json\/wp\/v2\/product_tag?post=5644"}],"curies":[{"name":"wp","href":"https:\/\/api.w.org\/{rel}","templated":true}]}}