{"id":5652,"date":"2020-01-28T10:44:15","date_gmt":"2020-01-28T08:44:15","guid":{"rendered":"https:\/\/www.weingut-steininger.at\/?post_type=product&#038;p=5652"},"modified":"2025-01-15T12:56:11","modified_gmt":"2025-01-15T10:56:11","slug":"zweigelt-1994","status":"publish","type":"product","link":"https:\/\/www.weingut-steininger.at\/en\/online-vinothek\/weine\/zweigelt-1994\/","title":{"rendered":"Zweigelt 1994"},"content":{"rendered":"<h2><a name=\"_Toc17281946\"><\/a>Weinjahr 1994<\/h2>\n<p><a href=\"https:\/\/www.oesterreichwein.at\/unser-wein\/weinglossar-von-a-z\/?tx_a21glossary%5Buid%5D=120&amp;cHash=2ef20fe273ca1540d5debdc804fb03c6\">Bl\u00fcte<\/a> verlief unter positiven Bedingungen, was ausgezeichnete Befruchtung zur Folge hatte. Der hei\u00dfe Sommer h\u00e4tte zu einem sehr fr\u00fchen Lesetermin gef\u00fchrt, wenn nicht Trockenheit ein begrenzender Faktor gewesen w\u00e4re. In den fr\u00fchen Herbsttagen gab es etwas Niederschlag, wodurch die Weinst\u00f6cke das Vers\u00e4umte nachholen konnten. Die Zuckerwerte stiegen rasch an, aber die S\u00e4urewerte sanken oft recht <a href=\"https:\/\/www.oesterreichwein.at\/unser-wein\/weinglossar-von-a-z\/?tx_a21glossary%5Buid%5D=850&amp;cHash=854ad91a6457ed03e30de0c9bf022596\">tief<\/a>. Der Jahrgang stellte gro\u00dfe Anforderungen im <a href=\"https:\/\/www.oesterreichwein.at\/unser-wein\/weinglossar-von-a-z\/?tx_a21glossary%5Buid%5D=426&amp;cHash=44aef750560e120bf259b28c07e33ea6\">Keller<\/a>. In qualitativer Hinsicht zeichnet sich der Jahrgang durch hohe <a href=\"https:\/\/www.oesterreichwein.at\/unser-wein\/weinglossar-von-a-z\/?tx_a21glossary%5Buid%5D=651&amp;cHash=6f0d86eaa8efe36a8f88d34d24b97c5d\">Qualit\u00e4t<\/a> aus. Es sind Weine mit viel <a href=\"https:\/\/www.oesterreichwein.at\/unser-wein\/weinglossar-von-a-z\/?tx_a21glossary%5Buid%5D=287&amp;cHash=707cbcc6e1c2ceeb884c923f8bcf9c69\">Frucht<\/a>, Eleganz und feinem <a href=\"https:\/\/www.oesterreichwein.at\/unser-wein\/weinglossar-von-a-z\/?tx_a21glossary%5Buid%5D=17&amp;cHash=acc6dfc70dac228db06dfaff10f39f5b\">Abgang<\/a>, darunter viele Kabinettweine.<\/p>\n","protected":false},"excerpt":{"rendered":"<h4>12,5 % Vol. Alk., Kork<\/h4>\n<p>Kostnotizen von Familie Steininger<\/p>\n<p>Ein k\u00fchler Jahrgang ergibt einen fruchtigen Rotwein. Mit seinen 12,5 vol.% spielt er in einer sehr guten Liga.<\/p>\n<h4>16 von 20 Punkten<\/h4>\n<p>Preis auf Anfrage: office@weingut-steininger.at<\/p>\n","protected":false},"featured_media":3543,"template":"","meta":{"_acf_changed":false},"product_brand":[],"product_cat":[729,363,303],"product_tag":[],"class_list":{"0":"post-5652","1":"product","2":"type-product","3":"status-publish","4":"has-post-thumbnail","6":"product_cat-altweinkeller","7":"product_cat-gereifte-weine","8":"product_cat-gereifte-weine-sekte","9":"pa_gebinde-075-l","10":"pa_jahrgang-353","11":"pa_rebsorte-zweigelt","12":"description-off","14":"first","15":"instock","16":"taxable","17":"shipping-taxable","18":"product-type-simple"},"bundled_by":[],"bundle_stock_status":"instock","bundle_stock_quantity":null,"bundle_virtual":false,"bundle_layout":"","bundle_add_to_cart_form_location":"","bundle_editable_in_cart":false,"bundle_sold_individually_context":"","bundle_item_grouping":"","bundle_min_size":"","bundle_max_size":"","bundle_price":[],"bundled_items":[],"bundle_sell_ids":[],"acf":[],"_links":{"self":[{"href":"https:\/\/www.weingut-steininger.at\/en\/wp-json\/wp\/v2\/product\/5652","targetHints":{"allow":["GET"]}}],"collection":[{"href":"https:\/\/www.weingut-steininger.at\/en\/wp-json\/wp\/v2\/product"}],"about":[{"href":"https:\/\/www.weingut-steininger.at\/en\/wp-json\/wp\/v2\/types\/product"}],"version-history":[{"count":2,"href":"https:\/\/www.weingut-steininger.at\/en\/wp-json\/wp\/v2\/product\/5652\/revisions"}],"predecessor-version":[{"id":18535,"href":"https:\/\/www.weingut-steininger.at\/en\/wp-json\/wp\/v2\/product\/5652\/revisions\/18535"}],"wp:featuredmedia":[{"embeddable":true,"href":"https:\/\/www.weingut-steininger.at\/en\/wp-json\/wp\/v2\/media\/3543"}],"wp:attachment":[{"href":"https:\/\/www.weingut-steininger.at\/en\/wp-json\/wp\/v2\/media?parent=5652"}],"wp:term":[{"taxonomy":"product_brand","embeddable":true,"href":"https:\/\/www.weingut-steininger.at\/en\/wp-json\/wp\/v2\/product_brand?post=5652"},{"taxonomy":"product_cat","embeddable":true,"href":"https:\/\/www.weingut-steininger.at\/en\/wp-json\/wp\/v2\/product_cat?post=5652"},{"taxonomy":"product_tag","embeddable":true,"href":"https:\/\/www.weingut-steininger.at\/en\/wp-json\/wp\/v2\/product_tag?post=5652"}],"curies":[{"name":"wp","href":"https:\/\/api.w.org\/{rel}","templated":true}]}}