{"id":5668,"date":"2020-02-10T11:41:11","date_gmt":"2020-02-10T09:41:11","guid":{"rendered":"https:\/\/www.weingut-steininger.at\/?post_type=product&#038;p=5668"},"modified":"2025-01-15T12:56:10","modified_gmt":"2025-01-15T10:56:10","slug":"gruener-veltliner-sekt-2014-degorgiert-mai-2017","status":"publish","type":"product","link":"https:\/\/www.weingut-steininger.at\/en\/online-vinothek\/weine\/gruener-veltliner-sekt-2014-degorgiert-mai-2017\/","title":{"rendered":"Gr\u00fcner Veltliner Sekt 2014 \u2013 Degorgiert Mai 2017"},"content":{"rendered":"<h2>Weinjahr 2014&nbsp;&nbsp;&nbsp;&nbsp;&nbsp;&nbsp;&nbsp;&nbsp;&nbsp;&nbsp;&nbsp;&nbsp;&nbsp;&nbsp;&nbsp;&nbsp;&nbsp;&nbsp;&nbsp;&nbsp;&nbsp;&nbsp;&nbsp;&nbsp;&nbsp;&nbsp;&nbsp;&nbsp;&nbsp;&nbsp;&nbsp;&nbsp;&nbsp;&nbsp;&nbsp;&nbsp;&nbsp;&nbsp;&nbsp;&nbsp;&nbsp;&nbsp;&nbsp;&nbsp;&nbsp;&nbsp;&nbsp;&nbsp;&nbsp;&nbsp;&nbsp;&nbsp;&nbsp;&nbsp;&nbsp;&nbsp;&nbsp;&nbsp;&nbsp;&nbsp;&nbsp;&nbsp;&nbsp;&nbsp;&nbsp;&nbsp;&nbsp;&nbsp;&nbsp;&nbsp;&nbsp;&nbsp;&nbsp;&nbsp;&nbsp;&nbsp;&nbsp;&nbsp;&nbsp;&nbsp;&nbsp;&nbsp;&nbsp;&nbsp;&nbsp;&nbsp;&nbsp;&nbsp;&nbsp;&nbsp;&nbsp;&nbsp;&nbsp;&nbsp;&nbsp;<\/h2>\n<p>2014 war in \u00d6sterreich ein schwieriges Weinjahr. Im Herbst hatten wir enorme Niederschl\u00e4ge, dadurch sehr starken F\u00e4ulnisbefall und alle H\u00e4nde voll zu tun im Weingarten, um gesundes und reifes Traubengut zu gewinnen. Mit vermehrten Anstrengungen, sehr hohem Leseaufwand und durch genaue Selektion der Trauben, ist es uns letztendlich gelungen gesunde Trauben in den Keller zu bringen.<\/p>\n","protected":false},"excerpt":{"rendered":"<p><em>Kostnotizen der Familie Steininger<\/em><\/p>\n<p>Der Gr\u00fcner Veltliner Sekt 2014 zeigt sich voll und kr\u00e4ftig mit einer leicht bedeckten Nase. Im Abgang wird er durch leicht sp\u00fcrbarem Restzucker getragen.<\/p>\n<p>Derzeit zeigt sich der Sekt durchaus interessant, speziell auf den Jahrgang bezogen. Der Schaumwein wird aber aufgrund des Jahrgangs kein gro\u00dfes Lagerpotenzial haben.<\/p>\n<h4><strong>17 von 20 Punkten<\/strong><\/h4>\n<p>Preis auf Anfrage: office@weingut-steininger.at<\/p>\n","protected":false},"featured_media":3650,"template":"","meta":{"_acf_changed":false},"product_brand":[],"product_cat":[729,362,303],"product_tag":[],"class_list":{"0":"post-5668","1":"product","2":"type-product","3":"status-publish","4":"has-post-thumbnail","6":"product_cat-altweinkeller","7":"product_cat-gereifte-sekte","8":"product_cat-gereifte-weine-sekte","9":"pa_gebinde-075-l","10":"pa_jahrgang-328","11":"pa_rebsorte-gv","12":"description-off","14":"first","15":"instock","16":"taxable","17":"shipping-taxable","18":"product-type-simple"},"bundled_by":[],"bundle_stock_status":"instock","bundle_stock_quantity":null,"bundle_virtual":false,"bundle_layout":"","bundle_add_to_cart_form_location":"","bundle_editable_in_cart":false,"bundle_sold_individually_context":"","bundle_item_grouping":"","bundle_min_size":"","bundle_max_size":"","bundle_price":[],"bundled_items":[],"bundle_sell_ids":[],"acf":[],"_links":{"self":[{"href":"https:\/\/www.weingut-steininger.at\/en\/wp-json\/wp\/v2\/product\/5668","targetHints":{"allow":["GET"]}}],"collection":[{"href":"https:\/\/www.weingut-steininger.at\/en\/wp-json\/wp\/v2\/product"}],"about":[{"href":"https:\/\/www.weingut-steininger.at\/en\/wp-json\/wp\/v2\/types\/product"}],"version-history":[{"count":2,"href":"https:\/\/www.weingut-steininger.at\/en\/wp-json\/wp\/v2\/product\/5668\/revisions"}],"predecessor-version":[{"id":18537,"href":"https:\/\/www.weingut-steininger.at\/en\/wp-json\/wp\/v2\/product\/5668\/revisions\/18537"}],"wp:featuredmedia":[{"embeddable":true,"href":"https:\/\/www.weingut-steininger.at\/en\/wp-json\/wp\/v2\/media\/3650"}],"wp:attachment":[{"href":"https:\/\/www.weingut-steininger.at\/en\/wp-json\/wp\/v2\/media?parent=5668"}],"wp:term":[{"taxonomy":"product_brand","embeddable":true,"href":"https:\/\/www.weingut-steininger.at\/en\/wp-json\/wp\/v2\/product_brand?post=5668"},{"taxonomy":"product_cat","embeddable":true,"href":"https:\/\/www.weingut-steininger.at\/en\/wp-json\/wp\/v2\/product_cat?post=5668"},{"taxonomy":"product_tag","embeddable":true,"href":"https:\/\/www.weingut-steininger.at\/en\/wp-json\/wp\/v2\/product_tag?post=5668"}],"curies":[{"name":"wp","href":"https:\/\/api.w.org\/{rel}","templated":true}]}}