{"id":5669,"date":"2020-02-10T16:37:13","date_gmt":"2020-02-10T14:37:13","guid":{"rendered":"https:\/\/www.weingut-steininger.at\/?post_type=product&#038;p=5669"},"modified":"2025-01-15T12:56:09","modified_gmt":"2025-01-15T10:56:09","slug":"gruener-veltliner-sekt-2013-degorgiert-jaenner-2016","status":"publish","type":"product","link":"https:\/\/www.weingut-steininger.at\/en\/online-vinothek\/weine\/gruener-veltliner-sekt-2013-degorgiert-jaenner-2016\/","title":{"rendered":"Gr\u00fcner Veltliner Sekt 2013 \u2013 Degorgiert J\u00e4nner 2016"},"content":{"rendered":"<h2>Weinjahr 2013<\/h2>\n<p>Das Jahr 2013 begann mit einem kalten, schneereichen Winter, gefolgt von einem warmen regnerischen Fr\u00fchjahr. Der Sommer war extrem hei\u00df und trocken. Allgemein ein sehr warmer Weinjahrgang mit hohen S\u00e4urewerten.<\/p>\n","protected":false},"excerpt":{"rendered":"<p><em>Kostnotizen der Familie Steininger<\/em><\/p>\n<p>Der Gr\u00fcne Veltliner Sekt 2013 zeigt eine glasklare Nase, feingliedrig und wundersch\u00f6n balanciert. Der Sekt ist schon in der optimalen Trinkreife mit einem trockenen, langatmigen Abgang.<\/p>\n<h4><strong>20 von 20 Punkten<\/strong><\/h4>\n<p>Preise auf Anfrage: office@weingut-steininger.at<\/p>\n<p><em>Kostnotizen von Thomas Werani<\/em><\/p>\n<p>Gelbe Birne, exotische Noten, feine Kr\u00e4uterw\u00fcrze; engmaschig, druckvoll mit cremiger Textur, vibrierende S\u00e4ure im Widerspiel mit einem dezenten Zuckerspitz; baut m\u00e4chtig Druck auf im Abgang. Gro\u00dfer Stoff f\u00fcr Jahre! Paart Kraft mit Eleganz.<\/p>\n","protected":false},"featured_media":3650,"template":"","meta":{"_acf_changed":false},"product_brand":[],"product_cat":[729,362,303],"product_tag":[],"class_list":{"0":"post-5669","1":"product","2":"type-product","3":"status-publish","4":"has-post-thumbnail","6":"product_cat-altweinkeller","7":"product_cat-gereifte-sekte","8":"product_cat-gereifte-weine-sekte","9":"pa_gebinde-075-l","10":"pa_jahrgang-327","11":"pa_rebsorte-gv","12":"description-off","14":"first","15":"instock","16":"taxable","17":"shipping-taxable","18":"product-type-simple"},"bundled_by":[],"bundle_stock_status":"instock","bundle_stock_quantity":null,"bundle_virtual":false,"bundle_layout":"","bundle_add_to_cart_form_location":"","bundle_editable_in_cart":false,"bundle_sold_individually_context":"","bundle_item_grouping":"","bundle_min_size":"","bundle_max_size":"","bundle_price":[],"bundled_items":[],"bundle_sell_ids":[],"acf":[],"_links":{"self":[{"href":"https:\/\/www.weingut-steininger.at\/en\/wp-json\/wp\/v2\/product\/5669","targetHints":{"allow":["GET"]}}],"collection":[{"href":"https:\/\/www.weingut-steininger.at\/en\/wp-json\/wp\/v2\/product"}],"about":[{"href":"https:\/\/www.weingut-steininger.at\/en\/wp-json\/wp\/v2\/types\/product"}],"version-history":[{"count":2,"href":"https:\/\/www.weingut-steininger.at\/en\/wp-json\/wp\/v2\/product\/5669\/revisions"}],"predecessor-version":[{"id":18539,"href":"https:\/\/www.weingut-steininger.at\/en\/wp-json\/wp\/v2\/product\/5669\/revisions\/18539"}],"wp:featuredmedia":[{"embeddable":true,"href":"https:\/\/www.weingut-steininger.at\/en\/wp-json\/wp\/v2\/media\/3650"}],"wp:attachment":[{"href":"https:\/\/www.weingut-steininger.at\/en\/wp-json\/wp\/v2\/media?parent=5669"}],"wp:term":[{"taxonomy":"product_brand","embeddable":true,"href":"https:\/\/www.weingut-steininger.at\/en\/wp-json\/wp\/v2\/product_brand?post=5669"},{"taxonomy":"product_cat","embeddable":true,"href":"https:\/\/www.weingut-steininger.at\/en\/wp-json\/wp\/v2\/product_cat?post=5669"},{"taxonomy":"product_tag","embeddable":true,"href":"https:\/\/www.weingut-steininger.at\/en\/wp-json\/wp\/v2\/product_tag?post=5669"}],"curies":[{"name":"wp","href":"https:\/\/api.w.org\/{rel}","templated":true}]}}