{"id":5672,"date":"2020-02-10T16:54:36","date_gmt":"2020-02-10T14:54:36","guid":{"rendered":"https:\/\/www.weingut-steininger.at\/?post_type=product&#038;p=5672"},"modified":"2025-01-15T12:56:09","modified_gmt":"2025-01-15T10:56:09","slug":"gruener-veltliner-sekt-2010-degorgiert-juli-2012","status":"publish","type":"product","link":"https:\/\/www.weingut-steininger.at\/en\/online-vinothek\/weine\/gruener-veltliner-sekt-2010-degorgiert-juli-2012\/","title":{"rendered":"Gr\u00fcner Veltliner Sekt 2010 \u2013 Degorgiert Juli 2012"},"content":{"rendered":"<h2><a name=\"_Toc536770044\"><\/a>Weinjahr 2010<\/h2>\n<p>Nach der wechselhaften <a href=\"https:\/\/www.oesterreichwein.at\/unser-wein\/weinglossar-von-a-z\/?tx_a21glossary%5Buid%5D=120&amp;cHash=2ef20fe273ca1540d5debdc804fb03c6\">Bl\u00fcte<\/a> folgte eine Hitzephase im Juli, die jedoch von einem k\u00fchlen und regnerischen August und September abgel\u00f6st wurde. Ab Oktober gab es aber immer wieder \u201etrockene Zeitfenster\u201c, in denen zu einem sorgf\u00e4ltig gew\u00e4hlten Lesezeitpunkt das Traubengut in trockenem und vor allem gesundem Reifezustand eingebracht werden konnte.<\/p>\n","protected":false},"excerpt":{"rendered":"<p><em>Kostnotizen der Familie Steininger<\/em><\/p>\n<p>Der Jahrgang 2010 zeichnet sich mit hohen S\u00e4urewerten aus, gerade in der mittleren Reife gibt es Sekte welche durchaus noch Frische aufweisen. Im Duft sind leichte Reifenoten erkennbar. Am Gaumen finden sich reife gelbe Fr\u00fcchte, ein s\u00e4urebetonter Abgang der mit etwas Restzucker aber abgepuffert wird. Der Gr\u00fcne Veltliner Sekt 2010 wird noch lange in diesem Zustand zum Verkosten sein.<\/p>\n<p><em>Kostnotizen von Thomas Werani<\/em><\/p>\n<p>Nussige Aromen, wirkt am Gaumen nicht ausgewogen<\/p>\n<h4><strong>16,5 von 20 Punkten von Familie Steininger<\/strong><\/h4>\n<p>Preis auf Anfrage: office@weingut-steininger.at<\/p>\n<p>&nbsp;<\/p>\n<p>&nbsp;<\/p>\n","protected":false},"featured_media":3650,"template":"","meta":{"_acf_changed":false},"product_brand":[],"product_cat":[729,362,303],"product_tag":[],"class_list":{"0":"post-5672","1":"product","2":"type-product","3":"status-publish","4":"has-post-thumbnail","6":"product_cat-altweinkeller","7":"product_cat-gereifte-sekte","8":"product_cat-gereifte-weine-sekte","9":"pa_gebinde-075-l","10":"pa_jahrgang-324","11":"pa_rebsorte-gv","12":"description-off","14":"first","15":"instock","16":"taxable","17":"shipping-taxable","18":"product-type-simple"},"bundled_by":[],"bundle_stock_status":"instock","bundle_stock_quantity":null,"bundle_virtual":false,"bundle_layout":"","bundle_add_to_cart_form_location":"","bundle_editable_in_cart":false,"bundle_sold_individually_context":"","bundle_item_grouping":"","bundle_min_size":"","bundle_max_size":"","bundle_price":[],"bundled_items":[],"bundle_sell_ids":[],"acf":[],"_links":{"self":[{"href":"https:\/\/www.weingut-steininger.at\/en\/wp-json\/wp\/v2\/product\/5672","targetHints":{"allow":["GET"]}}],"collection":[{"href":"https:\/\/www.weingut-steininger.at\/en\/wp-json\/wp\/v2\/product"}],"about":[{"href":"https:\/\/www.weingut-steininger.at\/en\/wp-json\/wp\/v2\/types\/product"}],"version-history":[{"count":2,"href":"https:\/\/www.weingut-steininger.at\/en\/wp-json\/wp\/v2\/product\/5672\/revisions"}],"predecessor-version":[{"id":18545,"href":"https:\/\/www.weingut-steininger.at\/en\/wp-json\/wp\/v2\/product\/5672\/revisions\/18545"}],"wp:featuredmedia":[{"embeddable":true,"href":"https:\/\/www.weingut-steininger.at\/en\/wp-json\/wp\/v2\/media\/3650"}],"wp:attachment":[{"href":"https:\/\/www.weingut-steininger.at\/en\/wp-json\/wp\/v2\/media?parent=5672"}],"wp:term":[{"taxonomy":"product_brand","embeddable":true,"href":"https:\/\/www.weingut-steininger.at\/en\/wp-json\/wp\/v2\/product_brand?post=5672"},{"taxonomy":"product_cat","embeddable":true,"href":"https:\/\/www.weingut-steininger.at\/en\/wp-json\/wp\/v2\/product_cat?post=5672"},{"taxonomy":"product_tag","embeddable":true,"href":"https:\/\/www.weingut-steininger.at\/en\/wp-json\/wp\/v2\/product_tag?post=5672"}],"curies":[{"name":"wp","href":"https:\/\/api.w.org\/{rel}","templated":true}]}}