{"id":5679,"date":"2020-02-11T09:54:33","date_gmt":"2020-02-11T07:54:33","guid":{"rendered":"https:\/\/www.weingut-steininger.at\/?post_type=product&#038;p=5679"},"modified":"2025-01-15T12:56:08","modified_gmt":"2025-01-15T10:56:08","slug":"gruener-veltliner-sekt-2005-degorgiert-oktober-2007","status":"publish","type":"product","link":"https:\/\/www.weingut-steininger.at\/en\/online-vinothek\/weine\/gruener-veltliner-sekt-2005-degorgiert-oktober-2007\/","title":{"rendered":"Gr\u00fcner Veltliner Sekt 2005 \u2013 Degorgiert Oktober 2007"},"content":{"rendered":"<h2><a name=\"_Toc536770054\"><\/a>Weinjahr 2005<\/h2>\n<p>Das anspruchsvolle Weinjahr 2005 k\u00fcndigte sich mit einer langsamen <a href=\"https:\/\/www.oesterreichwein.at\/unser-wein\/weinglossar-von-a-z\/?tx_a21glossary%5Buid%5D=120&amp;cHash=2ef20fe273ca1540d5debdc804fb03c6\">Bl\u00fcte<\/a> im Fr\u00fchjahr an, in der k\u00fchlere Perioden f\u00fcr eine fr\u00fche Dezimierung des Traubenansatzes in \u00d6sterreichs Weing\u00e4rten sorgten. Der Wetterumschwung am 3. Oktober, der w\u00e4hrend des ganzen Monats f\u00fcr einen best\u00e4ndig sonnigen Altweibersommer sorgte, f\u00f6rderte die Zuckerbildung in den Trauben und schuf ein hochqualitatives Ernteergebnis<\/p>\n<p>Die \u00f6sterreichischen Wei\u00dfweine des Jahres 2005 brillieren durch eine ausgewogene <a href=\"https:\/\/www.oesterreichwein.at\/unser-wein\/weinglossar-von-a-z\/?tx_a21glossary%5Buid%5D=77&amp;cHash=8daf60f000bd936aea3ae0349b00779a\">Balance<\/a> von <a href=\"https:\/\/www.oesterreichwein.at\/unser-wein\/weinglossar-von-a-z\/?tx_a21glossary%5Buid%5D=31&amp;cHash=dc5ef030b88e8a696bfe1bfadb606d3d\">Alkohol<\/a>, Extraktgehalt und <a href=\"https:\/\/www.oesterreichwein.at\/unser-wein\/weinglossar-von-a-z\/?tx_a21glossary%5Buid%5D=721&amp;cHash=c1927f322f186c682ca8d20da293c490\">S\u00e4ure<\/a> und verf\u00fcgen \u00fcber eine reichhaltige Aromatik, welche <a href=\"https:\/\/www.oesterreichwein.at\/unser-wein\/weinglossar-von-a-z\/?tx_a21glossary%5Buid%5D=289&amp;cHash=e87d16824aa7320707ca63fe8e2663fe\">Fruchtschmelz<\/a> und Sortentypizit\u00e4t gut zum Ausdruck bringt.<\/p>\n","protected":false},"excerpt":{"rendered":"<h4><strong>18 von 20 Punkten<\/strong><\/h4>\n<p>Preis auf Anfrage: office@weingut-steininger.at<\/p>\n","protected":false},"featured_media":3650,"template":"","meta":{"_acf_changed":false},"product_brand":[],"product_cat":[729,362,303],"product_tag":[],"class_list":{"0":"post-5679","1":"product","2":"type-product","3":"status-publish","4":"has-post-thumbnail","6":"product_cat-altweinkeller","7":"product_cat-gereifte-sekte","8":"product_cat-gereifte-weine-sekte","9":"pa_gebinde-075-l","10":"pa_jahrgang-319","11":"pa_rebsorte-gv","12":"description-off","14":"first","15":"instock","16":"taxable","17":"shipping-taxable","18":"product-type-simple"},"bundled_by":[],"bundle_stock_status":"instock","bundle_stock_quantity":null,"bundle_virtual":false,"bundle_layout":"","bundle_add_to_cart_form_location":"","bundle_editable_in_cart":false,"bundle_sold_individually_context":"","bundle_item_grouping":"","bundle_min_size":"","bundle_max_size":"","bundle_price":[],"bundled_items":[],"bundle_sell_ids":[],"acf":[],"_links":{"self":[{"href":"https:\/\/www.weingut-steininger.at\/en\/wp-json\/wp\/v2\/product\/5679","targetHints":{"allow":["GET"]}}],"collection":[{"href":"https:\/\/www.weingut-steininger.at\/en\/wp-json\/wp\/v2\/product"}],"about":[{"href":"https:\/\/www.weingut-steininger.at\/en\/wp-json\/wp\/v2\/types\/product"}],"version-history":[{"count":2,"href":"https:\/\/www.weingut-steininger.at\/en\/wp-json\/wp\/v2\/product\/5679\/revisions"}],"predecessor-version":[{"id":18553,"href":"https:\/\/www.weingut-steininger.at\/en\/wp-json\/wp\/v2\/product\/5679\/revisions\/18553"}],"wp:featuredmedia":[{"embeddable":true,"href":"https:\/\/www.weingut-steininger.at\/en\/wp-json\/wp\/v2\/media\/3650"}],"wp:attachment":[{"href":"https:\/\/www.weingut-steininger.at\/en\/wp-json\/wp\/v2\/media?parent=5679"}],"wp:term":[{"taxonomy":"product_brand","embeddable":true,"href":"https:\/\/www.weingut-steininger.at\/en\/wp-json\/wp\/v2\/product_brand?post=5679"},{"taxonomy":"product_cat","embeddable":true,"href":"https:\/\/www.weingut-steininger.at\/en\/wp-json\/wp\/v2\/product_cat?post=5679"},{"taxonomy":"product_tag","embeddable":true,"href":"https:\/\/www.weingut-steininger.at\/en\/wp-json\/wp\/v2\/product_tag?post=5679"}],"curies":[{"name":"wp","href":"https:\/\/api.w.org\/{rel}","templated":true}]}}