{"id":5712,"date":"2020-02-27T12:55:23","date_gmt":"2020-02-27T10:55:23","guid":{"rendered":"https:\/\/www.weingut-steininger.at\/?post_type=product&#038;p=5712"},"modified":"2025-01-15T12:56:07","modified_gmt":"2025-01-15T10:56:07","slug":"riesling-sekt-2008-degorgiert-maerz-2010","status":"publish","type":"product","link":"https:\/\/www.weingut-steininger.at\/en\/online-vinothek\/weine\/riesling-sekt-2008-degorgiert-maerz-2010\/","title":{"rendered":"Riesling Sekt 2008 \u2013 Degorgiert M\u00e4rz 2010"},"content":{"rendered":"","protected":false},"excerpt":{"rendered":"<p><em>Kostnotizen von Bernulf Bruckner<\/em><\/p>\n<p>Ein wahrer Klassiker- wei\u00dfe Pfirsiche, Marille, kristallklar und fein liniert.<\/p>\n<p>&nbsp;<\/p>\n<p><em>Kostnotizen von Thomas Werani<\/em><\/p>\n<p>Rauchige Ankl\u00e4nge, Pfirsich, Kakao; am Gaumen geradlinig, hochpr\u00e4zise mit fein vibrierender Mineralit\u00e4t, bleibt in jeder Phase elegant, langer Nachhall; unglaublich agil mit gro\u00dfer Bandbreite.<\/p>\n<h4><strong>19 von 20 Punkten von Familie Steininger<\/strong><\/h4>\n<p>Preis auf Anfrage: office@weingut-steininger.at<\/p>\n","protected":false},"featured_media":3653,"template":"","meta":{"_acf_changed":false},"product_brand":[],"product_cat":[729,362,303],"product_tag":[],"class_list":{"0":"post-5712","1":"product","2":"type-product","3":"status-publish","4":"has-post-thumbnail","6":"product_cat-altweinkeller","7":"product_cat-gereifte-sekte","8":"product_cat-gereifte-weine-sekte","9":"pa_gebinde-075-l","10":"pa_jahrgang-322","11":"pa_rebsorte-riesling","12":"description-off","14":"first","15":"instock","16":"taxable","17":"shipping-taxable","18":"product-type-simple"},"bundled_by":[],"bundle_stock_status":"instock","bundle_stock_quantity":null,"bundle_virtual":false,"bundle_layout":"","bundle_add_to_cart_form_location":"","bundle_editable_in_cart":false,"bundle_sold_individually_context":"","bundle_item_grouping":"","bundle_min_size":"","bundle_max_size":"","bundle_price":[],"bundled_items":[],"bundle_sell_ids":[],"acf":[],"_links":{"self":[{"href":"https:\/\/www.weingut-steininger.at\/en\/wp-json\/wp\/v2\/product\/5712","targetHints":{"allow":["GET"]}}],"collection":[{"href":"https:\/\/www.weingut-steininger.at\/en\/wp-json\/wp\/v2\/product"}],"about":[{"href":"https:\/\/www.weingut-steininger.at\/en\/wp-json\/wp\/v2\/types\/product"}],"version-history":[{"count":1,"href":"https:\/\/www.weingut-steininger.at\/en\/wp-json\/wp\/v2\/product\/5712\/revisions"}],"predecessor-version":[{"id":13847,"href":"https:\/\/www.weingut-steininger.at\/en\/wp-json\/wp\/v2\/product\/5712\/revisions\/13847"}],"wp:featuredmedia":[{"embeddable":true,"href":"https:\/\/www.weingut-steininger.at\/en\/wp-json\/wp\/v2\/media\/3653"}],"wp:attachment":[{"href":"https:\/\/www.weingut-steininger.at\/en\/wp-json\/wp\/v2\/media?parent=5712"}],"wp:term":[{"taxonomy":"product_brand","embeddable":true,"href":"https:\/\/www.weingut-steininger.at\/en\/wp-json\/wp\/v2\/product_brand?post=5712"},{"taxonomy":"product_cat","embeddable":true,"href":"https:\/\/www.weingut-steininger.at\/en\/wp-json\/wp\/v2\/product_cat?post=5712"},{"taxonomy":"product_tag","embeddable":true,"href":"https:\/\/www.weingut-steininger.at\/en\/wp-json\/wp\/v2\/product_tag?post=5712"}],"curies":[{"name":"wp","href":"https:\/\/api.w.org\/{rel}","templated":true}]}}