{"id":5715,"date":"2020-02-27T14:21:09","date_gmt":"2020-02-27T12:21:09","guid":{"rendered":"https:\/\/www.weingut-steininger.at\/?post_type=product&#038;p=5715"},"modified":"2025-01-15T12:56:07","modified_gmt":"2025-01-15T10:56:07","slug":"riesling-sekt-2005-degorgiert-jaenner-2007","status":"publish","type":"product","link":"https:\/\/www.weingut-steininger.at\/en\/online-vinothek\/weine\/riesling-sekt-2005-degorgiert-jaenner-2007\/","title":{"rendered":"Riesling Sekt 2005 \u2013 Degorgiert J\u00e4nner 2007"},"content":{"rendered":"<h2><a name=\"_Toc536770084\"><\/a>Weinjahr 2005<\/h2>\n<p>Die \u00f6sterreichischen Wei\u00dfweine des Jahres 2005 brillieren durch eine ausgewogene <a href=\"https:\/\/www.oesterreichwein.at\/unser-wein\/weinglossar-von-a-z\/?tx_a21glossary%5Buid%5D=77&amp;cHash=8daf60f000bd936aea3ae0349b00779a\">Balance<\/a> von <a href=\"https:\/\/www.oesterreichwein.at\/unser-wein\/weinglossar-von-a-z\/?tx_a21glossary%5Buid%5D=31&amp;cHash=dc5ef030b88e8a696bfe1bfadb606d3d\">Alkohol<\/a><em>,<\/em> Extraktgehalt und <a href=\"https:\/\/www.oesterreichwein.at\/unser-wein\/weinglossar-von-a-z\/?tx_a21glossary%5Buid%5D=721&amp;cHash=c1927f322f186c682ca8d20da293c490\">S\u00e4ure<\/a> und verf\u00fcgen \u00fcber eine reichhaltige Aromatik, welche <a href=\"https:\/\/www.oesterreichwein.at\/unser-wein\/weinglossar-von-a-z\/?tx_a21glossary%5Buid%5D=289&amp;cHash=e87d16824aa7320707ca63fe8e2663fe\">Fruchtschmelz<\/a> und Sortentypizit\u00e4t gut zum Ausdruck bringen.<\/p>\n","protected":false},"excerpt":{"rendered":"<p><em>Kostnotizen von Bernulf Bruckner <\/em><\/p>\n<p>Fruchts\u00fc\u00dfe Nase, Marzipan, Honigmelonen, kandierte Fr\u00fcchte hochgelangt, feinstrahlig, pr\u00e4ziser Fruchtfokus, erstaunliche L\u00e4nge.<\/p>\n<p>&nbsp;<\/p>\n<p><em>Kostnotizen von Thomas Werani<\/em><\/p>\n<p>Subtile Kr\u00e4uterw\u00fcrze, vielschichtig, elegant; am Gaumen fast opulent, sch\u00f6nes Widerspiel mit der S\u00e4ure, blockiert im Abgang etwas<\/p>\n<h4>18 von 20 Punkten von Familie Steininger<\/h4>\n<p>Preis auf Anfrage: office@weingut-steininger.at<\/p>\n<p>&nbsp;<\/p>\n","protected":false},"featured_media":3653,"template":"","meta":{"_acf_changed":false},"product_brand":[],"product_cat":[729,362,303],"product_tag":[],"class_list":{"0":"post-5715","1":"product","2":"type-product","3":"status-publish","4":"has-post-thumbnail","6":"product_cat-altweinkeller","7":"product_cat-gereifte-sekte","8":"product_cat-gereifte-weine-sekte","9":"pa_gebinde-075-l","10":"pa_jahrgang-319","11":"pa_rebsorte-riesling","12":"description-off","14":"first","15":"instock","16":"taxable","17":"shipping-taxable","18":"product-type-simple"},"bundled_by":[],"bundle_stock_status":"instock","bundle_stock_quantity":null,"bundle_virtual":false,"bundle_layout":"","bundle_add_to_cart_form_location":"","bundle_editable_in_cart":false,"bundle_sold_individually_context":"","bundle_item_grouping":"","bundle_min_size":"","bundle_max_size":"","bundle_price":[],"bundled_items":[],"bundle_sell_ids":[],"acf":[],"_links":{"self":[{"href":"https:\/\/www.weingut-steininger.at\/en\/wp-json\/wp\/v2\/product\/5715","targetHints":{"allow":["GET"]}}],"collection":[{"href":"https:\/\/www.weingut-steininger.at\/en\/wp-json\/wp\/v2\/product"}],"about":[{"href":"https:\/\/www.weingut-steininger.at\/en\/wp-json\/wp\/v2\/types\/product"}],"version-history":[{"count":2,"href":"https:\/\/www.weingut-steininger.at\/en\/wp-json\/wp\/v2\/product\/5715\/revisions"}],"predecessor-version":[{"id":18567,"href":"https:\/\/www.weingut-steininger.at\/en\/wp-json\/wp\/v2\/product\/5715\/revisions\/18567"}],"wp:featuredmedia":[{"embeddable":true,"href":"https:\/\/www.weingut-steininger.at\/en\/wp-json\/wp\/v2\/media\/3653"}],"wp:attachment":[{"href":"https:\/\/www.weingut-steininger.at\/en\/wp-json\/wp\/v2\/media?parent=5715"}],"wp:term":[{"taxonomy":"product_brand","embeddable":true,"href":"https:\/\/www.weingut-steininger.at\/en\/wp-json\/wp\/v2\/product_brand?post=5715"},{"taxonomy":"product_cat","embeddable":true,"href":"https:\/\/www.weingut-steininger.at\/en\/wp-json\/wp\/v2\/product_cat?post=5715"},{"taxonomy":"product_tag","embeddable":true,"href":"https:\/\/www.weingut-steininger.at\/en\/wp-json\/wp\/v2\/product_tag?post=5715"}],"curies":[{"name":"wp","href":"https:\/\/api.w.org\/{rel}","templated":true}]}}