{"id":5716,"date":"2020-02-27T14:25:07","date_gmt":"2020-02-27T12:25:07","guid":{"rendered":"https:\/\/www.weingut-steininger.at\/?post_type=product&#038;p=5716"},"modified":"2025-01-15T12:56:06","modified_gmt":"2025-01-15T10:56:06","slug":"riesling-sekt-2004-degorgiert-november-2005","status":"publish","type":"product","link":"https:\/\/www.weingut-steininger.at\/en\/online-vinothek\/weine\/riesling-sekt-2004-degorgiert-november-2005\/","title":{"rendered":"Riesling Sekt 2004 \u2013 Degorgiert November 2005"},"content":{"rendered":"<h2><a name=\"_Toc536770086\"><\/a>Weinjahr 2004<\/h2>\n<p>Der <a href=\"https:\/\/www.oesterreichwein.at\/unser-wein\/weinglossar-von-a-z\/?tx_a21glossary%5Buid%5D=71&amp;cHash=37fdd0f00bd1fee6c5636a516f7ad7f3\">Austrieb<\/a> fand versp\u00e4tet statt, da es feucht und zum Teil k\u00fchl weiterging. Aufgrund der sonnenarmen Monate Mai und Juni begann auch die <a href=\"https:\/\/www.oesterreichwein.at\/unser-wein\/weinglossar-von-a-z\/?tx_a21glossary%5Buid%5D=120&amp;cHash=2ef20fe273ca1540d5debdc804fb03c6\">Bl\u00fcte<\/a> sp\u00e4ter und wurde teilweise von starkem Regen beeintr\u00e4chtigt.<\/p>\n<p>Ein anhaltend k\u00fchler und regnerischer Juli verz\u00f6gerte die <a href=\"https:\/\/www.oesterreichwein.at\/unser-wein\/weinglossar-von-a-z\/?tx_a21glossary%5Buid%5D=673&amp;cHash=9a59d1824ca0151a750970d7dbc4a202\">Reife<\/a> weiter, doch der Umschwung kam mit dem <a href=\"https:\/\/www.oesterreichwein.at\/unser-wein\/weinglossar-von-a-z\/?tx_a21glossary%5Buid%5D=815&amp;cHash=b764401f4fb02678e7bbdad01c2bdd72\">strahlend<\/a> sonnigen August und einem \u00e4hnlich sch\u00f6nen September mit niedrigen Nachttemperaturen, was f\u00fcr gute Aromaausbildung sorgte. Nach dem Erntebeginn der Fr\u00fchsorten setzte eine regnerische Periode ein, die mit Unterbrechungen den ganzen Oktober anhielt.<\/p>\n","protected":false},"excerpt":{"rendered":"<p><em>Kostnotizen von Familie Steininger<\/em><\/p>\n<p>Zartes Bouquet, schlank, am Gaumen fein gliedrig, wirkt nicht reif, fast stahlig.<\/p>\n<p>&nbsp;<\/p>\n<p>Preis auf Anfrage: office@weingut-steininger.at<\/p>\n","protected":false},"featured_media":3653,"template":"","meta":{"_acf_changed":false},"product_brand":[],"product_cat":[729,362,303],"product_tag":[],"class_list":{"0":"post-5716","1":"product","2":"type-product","3":"status-publish","4":"has-post-thumbnail","6":"product_cat-altweinkeller","7":"product_cat-gereifte-sekte","8":"product_cat-gereifte-weine-sekte","9":"pa_gebinde-075-l","10":"pa_jahrgang-318","11":"pa_rebsorte-riesling","12":"description-off","14":"first","15":"instock","16":"taxable","17":"shipping-taxable","18":"product-type-simple"},"bundled_by":[],"bundle_stock_status":"instock","bundle_stock_quantity":null,"bundle_virtual":false,"bundle_layout":"","bundle_add_to_cart_form_location":"","bundle_editable_in_cart":false,"bundle_sold_individually_context":"","bundle_item_grouping":"","bundle_min_size":"","bundle_max_size":"","bundle_price":[],"bundled_items":[],"bundle_sell_ids":[],"acf":[],"_links":{"self":[{"href":"https:\/\/www.weingut-steininger.at\/en\/wp-json\/wp\/v2\/product\/5716","targetHints":{"allow":["GET"]}}],"collection":[{"href":"https:\/\/www.weingut-steininger.at\/en\/wp-json\/wp\/v2\/product"}],"about":[{"href":"https:\/\/www.weingut-steininger.at\/en\/wp-json\/wp\/v2\/types\/product"}],"version-history":[{"count":2,"href":"https:\/\/www.weingut-steininger.at\/en\/wp-json\/wp\/v2\/product\/5716\/revisions"}],"predecessor-version":[{"id":18569,"href":"https:\/\/www.weingut-steininger.at\/en\/wp-json\/wp\/v2\/product\/5716\/revisions\/18569"}],"wp:featuredmedia":[{"embeddable":true,"href":"https:\/\/www.weingut-steininger.at\/en\/wp-json\/wp\/v2\/media\/3653"}],"wp:attachment":[{"href":"https:\/\/www.weingut-steininger.at\/en\/wp-json\/wp\/v2\/media?parent=5716"}],"wp:term":[{"taxonomy":"product_brand","embeddable":true,"href":"https:\/\/www.weingut-steininger.at\/en\/wp-json\/wp\/v2\/product_brand?post=5716"},{"taxonomy":"product_cat","embeddable":true,"href":"https:\/\/www.weingut-steininger.at\/en\/wp-json\/wp\/v2\/product_cat?post=5716"},{"taxonomy":"product_tag","embeddable":true,"href":"https:\/\/www.weingut-steininger.at\/en\/wp-json\/wp\/v2\/product_tag?post=5716"}],"curies":[{"name":"wp","href":"https:\/\/api.w.org\/{rel}","templated":true}]}}