{"id":5723,"date":"2020-02-27T15:23:17","date_gmt":"2020-02-27T13:23:17","guid":{"rendered":"https:\/\/www.weingut-steininger.at\/?post_type=product&#038;p=5723"},"modified":"2025-01-15T12:56:05","modified_gmt":"2025-01-15T10:56:05","slug":"sauvignon-blanc-sekt-2013-degorgiert-oktober-2015","status":"publish","type":"product","link":"https:\/\/www.weingut-steininger.at\/en\/online-vinothek\/weine\/sauvignon-blanc-sekt-2013-degorgiert-oktober-2015\/","title":{"rendered":"Sauvignon Blanc Sekt 2013 \u2013 Degorgiert Oktober 2015"},"content":{"rendered":"<h2><a name=\"_Toc536770100\"><\/a>Weinjahr 2013<\/h2>\n<p>Das Jahr 2013 begann mit einem kalten, schneereichen Winter, gefolgt von einem warmen regnerischen Fr\u00fchjahr. Der Sommer war extrem hei\u00df und trocken. Allgemein ein sehr warmer Weinjahrgang mit hohen S\u00e4urewerten.<\/p>\n","protected":false},"excerpt":{"rendered":"<p><em>Kostnotizen von Familie Steininger<\/em><\/p>\n<p>2013 war ein warmer Jahrgang. Schon im Duft als hochreifer Sauvignon Blanc erkennbar. Dicht, voll, mit deutlich erkennbarem Restzucker, mild; Geschmack typisch roter s\u00fc\u00dfer Paprika. Hat auf seine Art wahrscheinlich auch noch hohes Lagerpotential.<\/p>\n<h4><strong>17 von 20 Punkten<\/strong><\/h4>\n<p>Preis auf Anfrage: office@weingut-steininger.at<\/p>\n","protected":false},"featured_media":3659,"template":"","meta":{"_acf_changed":false},"product_brand":[],"product_cat":[729,362,303],"product_tag":[],"class_list":{"0":"post-5723","1":"product","2":"type-product","3":"status-publish","4":"has-post-thumbnail","6":"product_cat-altweinkeller","7":"product_cat-gereifte-sekte","8":"product_cat-gereifte-weine-sekte","9":"pa_gebinde-075-l","10":"pa_jahrgang-327","11":"pa_rebsorte-sauvignon-blanc","12":"description-off","14":"first","15":"instock","16":"taxable","17":"shipping-taxable","18":"product-type-simple"},"bundled_by":[],"bundle_stock_status":"instock","bundle_stock_quantity":null,"bundle_virtual":false,"bundle_layout":"","bundle_add_to_cart_form_location":"","bundle_editable_in_cart":false,"bundle_sold_individually_context":"","bundle_item_grouping":"","bundle_min_size":"","bundle_max_size":"","bundle_price":[],"bundled_items":[],"bundle_sell_ids":[],"acf":[],"_links":{"self":[{"href":"https:\/\/www.weingut-steininger.at\/en\/wp-json\/wp\/v2\/product\/5723","targetHints":{"allow":["GET"]}}],"collection":[{"href":"https:\/\/www.weingut-steininger.at\/en\/wp-json\/wp\/v2\/product"}],"about":[{"href":"https:\/\/www.weingut-steininger.at\/en\/wp-json\/wp\/v2\/types\/product"}],"version-history":[{"count":2,"href":"https:\/\/www.weingut-steininger.at\/en\/wp-json\/wp\/v2\/product\/5723\/revisions"}],"predecessor-version":[{"id":18577,"href":"https:\/\/www.weingut-steininger.at\/en\/wp-json\/wp\/v2\/product\/5723\/revisions\/18577"}],"wp:featuredmedia":[{"embeddable":true,"href":"https:\/\/www.weingut-steininger.at\/en\/wp-json\/wp\/v2\/media\/3659"}],"wp:attachment":[{"href":"https:\/\/www.weingut-steininger.at\/en\/wp-json\/wp\/v2\/media?parent=5723"}],"wp:term":[{"taxonomy":"product_brand","embeddable":true,"href":"https:\/\/www.weingut-steininger.at\/en\/wp-json\/wp\/v2\/product_brand?post=5723"},{"taxonomy":"product_cat","embeddable":true,"href":"https:\/\/www.weingut-steininger.at\/en\/wp-json\/wp\/v2\/product_cat?post=5723"},{"taxonomy":"product_tag","embeddable":true,"href":"https:\/\/www.weingut-steininger.at\/en\/wp-json\/wp\/v2\/product_tag?post=5723"}],"curies":[{"name":"wp","href":"https:\/\/api.w.org\/{rel}","templated":true}]}}