{"id":5735,"date":"2020-03-02T10:26:33","date_gmt":"2020-03-02T08:26:33","guid":{"rendered":"https:\/\/www.weingut-steininger.at\/?post_type=product&#038;p=5735"},"modified":"2025-01-15T12:56:04","modified_gmt":"2025-01-15T10:56:04","slug":"sauvignon-blanc-sekt-2002-degorgiert-juni-2004","status":"publish","type":"product","link":"https:\/\/www.weingut-steininger.at\/en\/online-vinothek\/weine\/sauvignon-blanc-sekt-2002-degorgiert-juni-2004\/","title":{"rendered":"Sauvignon Blanc Sekt 2002 \u2013 Degorgiert Juni 2004"},"content":{"rendered":"<h2><a name=\"_Toc536770116\"><\/a>Weinjahr 2002<\/h2>\n<p>2002 war die Hochwasserkatastrophe im Kamptal. Ende August regnete es ununterbrochen, die enormen Regenmengen wirkten sich auch auf den Wein aus.<\/p>\n","protected":false},"excerpt":{"rendered":"<p>Auch beim Sauvignon Blanc hatten wir Probleme mit dem aufplatzen der Beeren. Starke Botrytis Noten sind sp\u00fcrbar und \u00fcbert\u00f6nen die Frucht, gibt aber dem Sekt F\u00fclle und Kraft, gedeckelt mit sp\u00fcrbaren Zuckerresten.<\/p>\n<h4><strong>16 von 20 Punkten<\/strong><\/h4>\n<p>Preis auf Anfrage: office@weingut-steininger.at<\/p>\n","protected":false},"featured_media":3659,"template":"","meta":{"_acf_changed":false},"product_brand":[],"product_cat":[729,362,303],"product_tag":[],"class_list":{"0":"post-5735","1":"product","2":"type-product","3":"status-publish","4":"has-post-thumbnail","6":"product_cat-altweinkeller","7":"product_cat-gereifte-sekte","8":"product_cat-gereifte-weine-sekte","9":"pa_gebinde-075-l","10":"pa_jahrgang-316","11":"pa_rebsorte-sauvignon-blanc","12":"description-off","14":"first","15":"instock","16":"taxable","17":"shipping-taxable","18":"product-type-simple"},"bundled_by":[],"bundle_stock_status":"instock","bundle_stock_quantity":null,"bundle_virtual":false,"bundle_layout":"","bundle_add_to_cart_form_location":"","bundle_editable_in_cart":false,"bundle_sold_individually_context":"","bundle_item_grouping":"","bundle_min_size":"","bundle_max_size":"","bundle_price":[],"bundled_items":[],"bundle_sell_ids":[],"acf":[],"_links":{"self":[{"href":"https:\/\/www.weingut-steininger.at\/en\/wp-json\/wp\/v2\/product\/5735","targetHints":{"allow":["GET"]}}],"collection":[{"href":"https:\/\/www.weingut-steininger.at\/en\/wp-json\/wp\/v2\/product"}],"about":[{"href":"https:\/\/www.weingut-steininger.at\/en\/wp-json\/wp\/v2\/types\/product"}],"version-history":[{"count":2,"href":"https:\/\/www.weingut-steininger.at\/en\/wp-json\/wp\/v2\/product\/5735\/revisions"}],"predecessor-version":[{"id":18589,"href":"https:\/\/www.weingut-steininger.at\/en\/wp-json\/wp\/v2\/product\/5735\/revisions\/18589"}],"wp:featuredmedia":[{"embeddable":true,"href":"https:\/\/www.weingut-steininger.at\/en\/wp-json\/wp\/v2\/media\/3659"}],"wp:attachment":[{"href":"https:\/\/www.weingut-steininger.at\/en\/wp-json\/wp\/v2\/media?parent=5735"}],"wp:term":[{"taxonomy":"product_brand","embeddable":true,"href":"https:\/\/www.weingut-steininger.at\/en\/wp-json\/wp\/v2\/product_brand?post=5735"},{"taxonomy":"product_cat","embeddable":true,"href":"https:\/\/www.weingut-steininger.at\/en\/wp-json\/wp\/v2\/product_cat?post=5735"},{"taxonomy":"product_tag","embeddable":true,"href":"https:\/\/www.weingut-steininger.at\/en\/wp-json\/wp\/v2\/product_tag?post=5735"}],"curies":[{"name":"wp","href":"https:\/\/api.w.org\/{rel}","templated":true}]}}