{"id":5737,"date":"2020-03-02T10:31:33","date_gmt":"2020-03-02T08:31:33","guid":{"rendered":"https:\/\/www.weingut-steininger.at\/?post_type=product&#038;p=5737"},"modified":"2025-01-15T12:56:04","modified_gmt":"2025-01-15T10:56:04","slug":"traminer-sekt-2014-degorgiert-mai-2016","status":"publish","type":"product","link":"https:\/\/www.weingut-steininger.at\/en\/online-vinothek\/weine\/traminer-sekt-2014-degorgiert-mai-2016\/","title":{"rendered":"Traminer Sekt 2014 \u2013 Degorgiert Mai 2016"},"content":{"rendered":"<h2><a name=\"_Toc536770121\"><\/a>Weinjahr 2014<\/h2>\n<p>2014 war durch den verregneten Herbst ein sehr schwieriges Weinjahr. Die fruchtigen Sorten wie Traminer konnten schon sehr fr\u00fch gelesen werden und deshalb war der Botrytisbefall nicht sehr ausschlaggebend.<\/p>\n","protected":false},"excerpt":{"rendered":"<p><em>Kostnotizen von Familie Steininger<\/em><\/p>\n<p>In der Nase eher neutral gehalten, zeigt erst am Gaumen den richtigen Druck. Die s\u00e4ureschwache Sorte Traminer wird aber wundersch\u00f6n \u00fcber die lebendige Kohlens\u00e4ure unterst\u00fctzt.<\/p>\n<h4><strong>16 von 20 Punkten<\/strong><\/h4>\n<p>Preis auf Anfrage: office@weingut-steininger.at<\/p>\n","protected":false},"featured_media":3667,"template":"","meta":{"_acf_changed":false},"product_brand":[],"product_cat":[729,362,303],"product_tag":[],"class_list":{"0":"post-5737","1":"product","2":"type-product","3":"status-publish","4":"has-post-thumbnail","6":"product_cat-altweinkeller","7":"product_cat-gereifte-sekte","8":"product_cat-gereifte-weine-sekte","9":"pa_gebinde-075-l","10":"pa_jahrgang-328","11":"pa_rebsorte-traminer","12":"description-off","14":"first","15":"instock","16":"taxable","17":"shipping-taxable","18":"product-type-simple"},"bundled_by":[],"bundle_stock_status":"instock","bundle_stock_quantity":null,"bundle_virtual":false,"bundle_layout":"","bundle_add_to_cart_form_location":"","bundle_editable_in_cart":false,"bundle_sold_individually_context":"","bundle_item_grouping":"","bundle_min_size":"","bundle_max_size":"","bundle_price":[],"bundled_items":[],"bundle_sell_ids":[],"acf":[],"_links":{"self":[{"href":"https:\/\/www.weingut-steininger.at\/en\/wp-json\/wp\/v2\/product\/5737","targetHints":{"allow":["GET"]}}],"collection":[{"href":"https:\/\/www.weingut-steininger.at\/en\/wp-json\/wp\/v2\/product"}],"about":[{"href":"https:\/\/www.weingut-steininger.at\/en\/wp-json\/wp\/v2\/types\/product"}],"version-history":[{"count":2,"href":"https:\/\/www.weingut-steininger.at\/en\/wp-json\/wp\/v2\/product\/5737\/revisions"}],"predecessor-version":[{"id":18591,"href":"https:\/\/www.weingut-steininger.at\/en\/wp-json\/wp\/v2\/product\/5737\/revisions\/18591"}],"wp:featuredmedia":[{"embeddable":true,"href":"https:\/\/www.weingut-steininger.at\/en\/wp-json\/wp\/v2\/media\/3667"}],"wp:attachment":[{"href":"https:\/\/www.weingut-steininger.at\/en\/wp-json\/wp\/v2\/media?parent=5737"}],"wp:term":[{"taxonomy":"product_brand","embeddable":true,"href":"https:\/\/www.weingut-steininger.at\/en\/wp-json\/wp\/v2\/product_brand?post=5737"},{"taxonomy":"product_cat","embeddable":true,"href":"https:\/\/www.weingut-steininger.at\/en\/wp-json\/wp\/v2\/product_cat?post=5737"},{"taxonomy":"product_tag","embeddable":true,"href":"https:\/\/www.weingut-steininger.at\/en\/wp-json\/wp\/v2\/product_tag?post=5737"}],"curies":[{"name":"wp","href":"https:\/\/api.w.org\/{rel}","templated":true}]}}