{"id":5743,"date":"2020-03-02T12:22:08","date_gmt":"2020-03-02T10:22:08","guid":{"rendered":"https:\/\/www.weingut-steininger.at\/?post_type=product&#038;p=5743"},"modified":"2025-01-15T12:56:02","modified_gmt":"2025-01-15T10:56:02","slug":"traminer-sekt-2006-degorgiert-februar-2009","status":"publish","type":"product","link":"https:\/\/www.weingut-steininger.at\/en\/online-vinothek\/weine\/traminer-sekt-2006-degorgiert-februar-2009\/","title":{"rendered":"Traminer Sekt 2006 \u2013 Degorgiert Februar 2009"},"content":{"rendered":"<h2><a name=\"_Toc536770131\"><\/a>Weinjahr 2006<\/h2>\n<p>Das Jahr 2006 begann mit einem langen und schneereichen Winter. Der Austrieb der Reben war relativ sp\u00e4t und ein wechselhaftes Wetter w\u00e4hrend der Bl\u00fcte im Juni, f\u00fchrte zu einem geringeren Fruchtansatz. Der Sommer war sehr hei\u00df und trocken. Der feuchte August erh\u00f6hte die Notwendigkeit umsichtiger Arbeit im Weingarten. Die Anfang September einsetzende Sch\u00f6nwetterperiode katapultierte die Reifegradationen der Trauben nach vorne.<\/p>\n","protected":false},"excerpt":{"rendered":"<p><em>Kostnotizen von Familie Steininger<\/em><\/p>\n<p>Reife Noten im Duft, \u00fcberreife Birne, breit, weich, cremige Textur, leichter Zuckerrest. F\u00fcr alle Kunden die reifen und milden gehaltvollen ausdruckstarken Sekt wollen \u2013 ein Genuss.<\/p>\n<h4><strong>17 von 20 Punkten<\/strong><\/h4>\n<p>Preis auf Anfrage: office@weingut-steininger.at<\/p>\n","protected":false},"featured_media":3667,"template":"","meta":{"_acf_changed":false},"product_brand":[],"product_cat":[729,362,303],"product_tag":[],"class_list":{"0":"post-5743","1":"product","2":"type-product","3":"status-publish","4":"has-post-thumbnail","6":"product_cat-altweinkeller","7":"product_cat-gereifte-sekte","8":"product_cat-gereifte-weine-sekte","9":"pa_gebinde-075-l","10":"pa_jahrgang-320","11":"pa_rebsorte-traminer","12":"description-off","14":"first","15":"instock","16":"taxable","17":"shipping-taxable","18":"product-type-simple"},"bundled_by":[],"bundle_stock_status":"instock","bundle_stock_quantity":null,"bundle_virtual":false,"bundle_layout":"","bundle_add_to_cart_form_location":"","bundle_editable_in_cart":false,"bundle_sold_individually_context":"","bundle_item_grouping":"","bundle_min_size":"","bundle_max_size":"","bundle_price":[],"bundled_items":[],"bundle_sell_ids":[],"acf":[],"_links":{"self":[{"href":"https:\/\/www.weingut-steininger.at\/en\/wp-json\/wp\/v2\/product\/5743","targetHints":{"allow":["GET"]}}],"collection":[{"href":"https:\/\/www.weingut-steininger.at\/en\/wp-json\/wp\/v2\/product"}],"about":[{"href":"https:\/\/www.weingut-steininger.at\/en\/wp-json\/wp\/v2\/types\/product"}],"version-history":[{"count":2,"href":"https:\/\/www.weingut-steininger.at\/en\/wp-json\/wp\/v2\/product\/5743\/revisions"}],"predecessor-version":[{"id":18601,"href":"https:\/\/www.weingut-steininger.at\/en\/wp-json\/wp\/v2\/product\/5743\/revisions\/18601"}],"wp:featuredmedia":[{"embeddable":true,"href":"https:\/\/www.weingut-steininger.at\/en\/wp-json\/wp\/v2\/media\/3667"}],"wp:attachment":[{"href":"https:\/\/www.weingut-steininger.at\/en\/wp-json\/wp\/v2\/media?parent=5743"}],"wp:term":[{"taxonomy":"product_brand","embeddable":true,"href":"https:\/\/www.weingut-steininger.at\/en\/wp-json\/wp\/v2\/product_brand?post=5743"},{"taxonomy":"product_cat","embeddable":true,"href":"https:\/\/www.weingut-steininger.at\/en\/wp-json\/wp\/v2\/product_cat?post=5743"},{"taxonomy":"product_tag","embeddable":true,"href":"https:\/\/www.weingut-steininger.at\/en\/wp-json\/wp\/v2\/product_tag?post=5743"}],"curies":[{"name":"wp","href":"https:\/\/api.w.org\/{rel}","templated":true}]}}