{"id":5748,"date":"2020-03-02T14:15:43","date_gmt":"2020-03-02T12:15:43","guid":{"rendered":"https:\/\/www.weingut-steininger.at\/?post_type=product&#038;p=5748"},"modified":"2025-01-15T12:56:02","modified_gmt":"2025-01-15T10:56:02","slug":"burgunder-sekt-2014-degorgiert-mai-2017","status":"publish","type":"product","link":"https:\/\/www.weingut-steininger.at\/en\/online-vinothek\/weine\/burgunder-sekt-2014-degorgiert-mai-2017\/","title":{"rendered":"Burgunder Sekt 2014 \u2013 Degorgiert Mai 2017"},"content":{"rendered":"<h2><a name=\"_Toc536770140\"><\/a>Weinjahr 2014<\/h2>\n<p>2014 hatten wir in Langenlois sehr hohe Regenmengen und dadurch einen enormen Botrytisdruck. Speziell f\u00fcr den Sekt begannen wir fr\u00fcher mit der Ernte fr\u00fcher und durch eine konsequente Selektion der Trauben wurden die Sektgrundweine sehr gut.<\/p>\n","protected":false},"excerpt":{"rendered":"<p><em>Kostnotizen der Familie Steininger<\/em><\/p>\n<p>Ausgezeichnet mit einem Salonplatz<\/p>\n<p>Der Burgundersekt des Jahrganges 2014 hat die typischen Nussaromen. Am Gaumen balanciert weich angenehme Cremigkeit und durch die Mischung der verschiedenen Burgundersorten fast internationale Stilistik. Ein guter Sekt, eines kleineren Jahrganges, der auch durch die Auszeichnung Salon 2016 seine Qualit\u00e4t best\u00e4tigt.<\/p>\n<h4><strong>17 von 20 Punkten<\/strong><\/h4>\n<p>Preis auf Anfrage: office@weingut-steininger.at<\/p>\n","protected":false},"featured_media":3519,"template":"","meta":{"_acf_changed":false},"product_brand":[],"product_cat":[729,362,303],"product_tag":[],"class_list":{"0":"post-5748","1":"product","2":"type-product","3":"status-publish","4":"has-post-thumbnail","6":"product_cat-altweinkeller","7":"product_cat-gereifte-sekte","8":"product_cat-gereifte-weine-sekte","9":"pa_gebinde-075-l","10":"pa_jahrgang-328","11":"description-off","13":"first","14":"instock","15":"taxable","16":"shipping-taxable","17":"product-type-simple"},"bundled_by":[],"bundle_stock_status":"instock","bundle_stock_quantity":null,"bundle_virtual":false,"bundle_layout":"","bundle_add_to_cart_form_location":"","bundle_editable_in_cart":false,"bundle_sold_individually_context":"","bundle_item_grouping":"","bundle_min_size":"","bundle_max_size":"","bundle_price":[],"bundled_items":[],"bundle_sell_ids":[],"acf":[],"_links":{"self":[{"href":"https:\/\/www.weingut-steininger.at\/en\/wp-json\/wp\/v2\/product\/5748","targetHints":{"allow":["GET"]}}],"collection":[{"href":"https:\/\/www.weingut-steininger.at\/en\/wp-json\/wp\/v2\/product"}],"about":[{"href":"https:\/\/www.weingut-steininger.at\/en\/wp-json\/wp\/v2\/types\/product"}],"version-history":[{"count":2,"href":"https:\/\/www.weingut-steininger.at\/en\/wp-json\/wp\/v2\/product\/5748\/revisions"}],"predecessor-version":[{"id":18603,"href":"https:\/\/www.weingut-steininger.at\/en\/wp-json\/wp\/v2\/product\/5748\/revisions\/18603"}],"wp:featuredmedia":[{"embeddable":true,"href":"https:\/\/www.weingut-steininger.at\/en\/wp-json\/wp\/v2\/media\/3519"}],"wp:attachment":[{"href":"https:\/\/www.weingut-steininger.at\/en\/wp-json\/wp\/v2\/media?parent=5748"}],"wp:term":[{"taxonomy":"product_brand","embeddable":true,"href":"https:\/\/www.weingut-steininger.at\/en\/wp-json\/wp\/v2\/product_brand?post=5748"},{"taxonomy":"product_cat","embeddable":true,"href":"https:\/\/www.weingut-steininger.at\/en\/wp-json\/wp\/v2\/product_cat?post=5748"},{"taxonomy":"product_tag","embeddable":true,"href":"https:\/\/www.weingut-steininger.at\/en\/wp-json\/wp\/v2\/product_tag?post=5748"}],"curies":[{"name":"wp","href":"https:\/\/api.w.org\/{rel}","templated":true}]}}