{"id":5749,"date":"2020-03-02T14:18:00","date_gmt":"2020-03-02T12:18:00","guid":{"rendered":"https:\/\/www.weingut-steininger.at\/?post_type=product&#038;p=5749"},"modified":"2025-01-15T12:56:02","modified_gmt":"2025-01-15T10:56:02","slug":"burgunder-sekt-2013-degorgiert-juli-2016","status":"publish","type":"product","link":"https:\/\/www.weingut-steininger.at\/en\/online-vinothek\/weine\/burgunder-sekt-2013-degorgiert-juli-2016\/","title":{"rendered":"Burgunder Sekt 2013 \u2013 Degorgiert Juli 2016"},"content":{"rendered":"<h2><a name=\"_Toc536770142\"><\/a>Weinjahr 2013<\/h2>\n<p>Das Jahr 2013 begann mit einem kalten, schneereichen Winter, gefolgt von einem warmen regnerischen Fr\u00fchjahr. Der Sommer war extrem hei\u00df und trocken. Allgemein ein sehr warmer Weinjahrgang mit hohen S\u00e4urewerten.<\/p>\n","protected":false},"excerpt":{"rendered":"<p><em>Kostnotizen der Familie Steininger<\/em><\/p>\n<p>Ein warmer und trockener Jahrgang. Zeigt seine Reife schon im Duft. Eine dichte Textur, trockener Charakter. Lang und dicht, wirkt aber trotzdem leicht am Gaumen.<\/p>\n<h4><strong>18 von 20 Punkten<\/strong><\/h4>\n<p><em>Kostnotizen von Thomas Werani<\/em><\/p>\n<p>N\u00fcsse, Butterflocken, dann Himbeeren und ein Hauch Minze; dicht, cremig, druckvoll; wirkt durch sein fein ziseliertes S\u00e4urespiel trotz aller Opulenz nie barock, hallt lange nach.<\/p>\n<p>Preis auf Anfrage: office@weingut-steininger.at<\/p>\n","protected":false},"featured_media":3519,"template":"","meta":{"_acf_changed":false},"product_brand":[],"product_cat":[729,362,303],"product_tag":[],"class_list":{"0":"post-5749","1":"product","2":"type-product","3":"status-publish","4":"has-post-thumbnail","6":"product_cat-altweinkeller","7":"product_cat-gereifte-sekte","8":"product_cat-gereifte-weine-sekte","9":"pa_gebinde-075-l","10":"pa_jahrgang-327","11":"pa_rebsorte-chardonnay","12":"pa_rebsorte-pinotnoir","13":"pa_rebsorte-weissburgunder","14":"description-off","16":"first","17":"instock","18":"taxable","19":"shipping-taxable","20":"product-type-simple"},"bundled_by":[],"bundle_stock_status":"instock","bundle_stock_quantity":null,"bundle_virtual":false,"bundle_layout":"","bundle_add_to_cart_form_location":"","bundle_editable_in_cart":false,"bundle_sold_individually_context":"","bundle_item_grouping":"","bundle_min_size":"","bundle_max_size":"","bundle_price":[],"bundled_items":[],"bundle_sell_ids":[],"acf":[],"_links":{"self":[{"href":"https:\/\/www.weingut-steininger.at\/en\/wp-json\/wp\/v2\/product\/5749","targetHints":{"allow":["GET"]}}],"collection":[{"href":"https:\/\/www.weingut-steininger.at\/en\/wp-json\/wp\/v2\/product"}],"about":[{"href":"https:\/\/www.weingut-steininger.at\/en\/wp-json\/wp\/v2\/types\/product"}],"version-history":[{"count":2,"href":"https:\/\/www.weingut-steininger.at\/en\/wp-json\/wp\/v2\/product\/5749\/revisions"}],"predecessor-version":[{"id":18605,"href":"https:\/\/www.weingut-steininger.at\/en\/wp-json\/wp\/v2\/product\/5749\/revisions\/18605"}],"wp:featuredmedia":[{"embeddable":true,"href":"https:\/\/www.weingut-steininger.at\/en\/wp-json\/wp\/v2\/media\/3519"}],"wp:attachment":[{"href":"https:\/\/www.weingut-steininger.at\/en\/wp-json\/wp\/v2\/media?parent=5749"}],"wp:term":[{"taxonomy":"product_brand","embeddable":true,"href":"https:\/\/www.weingut-steininger.at\/en\/wp-json\/wp\/v2\/product_brand?post=5749"},{"taxonomy":"product_cat","embeddable":true,"href":"https:\/\/www.weingut-steininger.at\/en\/wp-json\/wp\/v2\/product_cat?post=5749"},{"taxonomy":"product_tag","embeddable":true,"href":"https:\/\/www.weingut-steininger.at\/en\/wp-json\/wp\/v2\/product_tag?post=5749"}],"curies":[{"name":"wp","href":"https:\/\/api.w.org\/{rel}","templated":true}]}}