{"id":5757,"date":"2020-03-02T15:35:00","date_gmt":"2020-03-02T13:35:00","guid":{"rendered":"https:\/\/www.weingut-steininger.at\/?post_type=product&#038;p=5757"},"modified":"2025-01-15T12:56:01","modified_gmt":"2025-01-15T10:56:01","slug":"5757","status":"publish","type":"product","link":"https:\/\/www.weingut-steininger.at\/en\/online-vinothek\/weine\/5757\/","title":{"rendered":"Burgunder Sekt 2004"},"content":{"rendered":"<h2><a name=\"_Toc536770158\"><\/a>Weinjahr 2004<\/h2>\n<p>Der <a href=\"https:\/\/www.oesterreichwein.at\/unser-wein\/weinglossar-von-a-z\/?tx_a21glossary%5Buid%5D=71&amp;cHash=37fdd0f00bd1fee6c5636a516f7ad7f3\">Austrieb<\/a> fand versp\u00e4tet statt, da es feucht und zum Teil k\u00fchl weiterging. Aufgrund der sonnenarmen Monate Mai und Juni begann auch die <a href=\"https:\/\/www.oesterreichwein.at\/unser-wein\/weinglossar-von-a-z\/?tx_a21glossary%5Buid%5D=120&amp;cHash=2ef20fe273ca1540d5debdc804fb03c6\">Bl\u00fcte<\/a> sp\u00e4ter und wurde teilweise von starkem Regen beeintr\u00e4chtigt.<\/p>\n<p>Ein anhaltend k\u00fchler und regnerischer Juli verz\u00f6gerte die <a href=\"https:\/\/www.oesterreichwein.at\/unser-wein\/weinglossar-von-a-z\/?tx_a21glossary%5Buid%5D=673&amp;cHash=9a59d1824ca0151a750970d7dbc4a202\">Reife<\/a> weiter. Der Umschwung kam mit dem <a href=\"https:\/\/www.oesterreichwein.at\/unser-wein\/weinglossar-von-a-z\/?tx_a21glossary%5Buid%5D=815&amp;cHash=b764401f4fb02678e7bbdad01c2bdd72\">strahlend<\/a> sonnigen August und einem \u00e4hnlich sch\u00f6nen September mit niedrigen Nachttemperaturen, was f\u00fcr gute Aromaausbildung sorgte. Nach dem Erntebeginn der Fr\u00fchsorten setzte eine regnerische Periode ein, die mit Unterbrechungen den ganzen Oktober anhielt.<\/p>\n<p>&nbsp;<\/p>\n","protected":false},"excerpt":{"rendered":"<p><em>Kostnotizen von Familie Steininger<\/em><\/p>\n<p>Ein Jahrgang mit einer geringen Erntemenge ist f\u00fcr den Winzer eine mittlere Katastrophe. Der Kunde darf sich hier aber \u00fcber gro\u00dfe Qualit\u00e4ten freuen.<\/p>\n<p>Burgunder Sekt 2004 \u2013 ein Musterbeispiel eines gereiften Burgunders.<\/p>\n<p>Am Gaumen fast t\u00e4nzelnd durch die feine Perlage wird dieser Eindruck verst\u00e4rkt, prickelnder Hochgenuss.<\/p>\n<h4><strong>17 von 20 Punkten<\/strong><\/h4>\n<p>Preis auf Anfrage: office@weingut-steininger.at<\/p>\n","protected":false},"featured_media":3519,"template":"","meta":{"_acf_changed":false},"product_brand":[],"product_cat":[729,362,303],"product_tag":[],"class_list":{"0":"post-5757","1":"product","2":"type-product","3":"status-publish","4":"has-post-thumbnail","6":"product_cat-altweinkeller","7":"product_cat-gereifte-sekte","8":"product_cat-gereifte-weine-sekte","9":"pa_gebinde-075-l","10":"pa_jahrgang-318","11":"pa_rebsorte-chardonnay","12":"pa_rebsorte-pinotnoir","13":"pa_rebsorte-weissburgunder","14":"description-off","16":"first","17":"instock","18":"taxable","19":"shipping-taxable","20":"product-type-simple"},"bundled_by":[],"bundle_stock_status":"instock","bundle_stock_quantity":null,"bundle_virtual":false,"bundle_layout":"","bundle_add_to_cart_form_location":"","bundle_editable_in_cart":false,"bundle_sold_individually_context":"","bundle_item_grouping":"","bundle_min_size":"","bundle_max_size":"","bundle_price":[],"bundled_items":[],"bundle_sell_ids":[],"acf":[],"_links":{"self":[{"href":"https:\/\/www.weingut-steininger.at\/en\/wp-json\/wp\/v2\/product\/5757","targetHints":{"allow":["GET"]}}],"collection":[{"href":"https:\/\/www.weingut-steininger.at\/en\/wp-json\/wp\/v2\/product"}],"about":[{"href":"https:\/\/www.weingut-steininger.at\/en\/wp-json\/wp\/v2\/types\/product"}],"version-history":[{"count":2,"href":"https:\/\/www.weingut-steininger.at\/en\/wp-json\/wp\/v2\/product\/5757\/revisions"}],"predecessor-version":[{"id":18617,"href":"https:\/\/www.weingut-steininger.at\/en\/wp-json\/wp\/v2\/product\/5757\/revisions\/18617"}],"wp:featuredmedia":[{"embeddable":true,"href":"https:\/\/www.weingut-steininger.at\/en\/wp-json\/wp\/v2\/media\/3519"}],"wp:attachment":[{"href":"https:\/\/www.weingut-steininger.at\/en\/wp-json\/wp\/v2\/media?parent=5757"}],"wp:term":[{"taxonomy":"product_brand","embeddable":true,"href":"https:\/\/www.weingut-steininger.at\/en\/wp-json\/wp\/v2\/product_brand?post=5757"},{"taxonomy":"product_cat","embeddable":true,"href":"https:\/\/www.weingut-steininger.at\/en\/wp-json\/wp\/v2\/product_cat?post=5757"},{"taxonomy":"product_tag","embeddable":true,"href":"https:\/\/www.weingut-steininger.at\/en\/wp-json\/wp\/v2\/product_tag?post=5757"}],"curies":[{"name":"wp","href":"https:\/\/api.w.org\/{rel}","templated":true}]}}