{"id":5761,"date":"2020-03-02T15:49:32","date_gmt":"2020-03-02T13:49:32","guid":{"rendered":"https:\/\/www.weingut-steininger.at\/?post_type=product&#038;p=5761"},"modified":"2025-01-15T12:56:00","modified_gmt":"2025-01-15T10:56:00","slug":"cabernet-sauvignon-rose-sekt-2013-degorgiert-oktober-2015","status":"publish","type":"product","link":"https:\/\/www.weingut-steininger.at\/en\/online-vinothek\/weine\/cabernet-sauvignon-rose-sekt-2013-degorgiert-oktober-2015\/","title":{"rendered":"Cabernet Sauvignon Ros\u00e9 Sekt 2013 \u2013 Degorgiert Oktober 2015"},"content":{"rendered":"<h1>Weinjahr 2013<\/h1>\n<p>2013 von dem einen Extrem ins andere Extrem:<\/p>\n<p>Zuerst mussten einige Winzer und Winzerinnen mit den \u00dcberschwemmungen im Juni k\u00e4mpfen und danach folgte eine extreme Sommerhitze. September und Oktober waren weithin sehr ausgeglichen und die Nachttemperaturen etwas k\u00fchl. Der Botrytisdruck war allgemein relativ niedrig. Die hohen S\u00e4urewerte garantieren eine entsprechende Haltbarkeit.<\/p>\n","protected":false},"excerpt":{"rendered":"<p><em>Kostnotizen von Familie Steininger <\/em><\/p>\n<p>2013 \u2013 ein \u00fcberaus warmer Jahrgang, das sp\u00fcrt man auch im Cabernet Sauvignon Ros\u00e9. Reife Noten nach s\u00fc\u00dfer Litschi, im Duft und am Gaumen kommen jedoch trotzdem die rassigen Noten vom Cabernet hervor.<\/p>\n<p>Ein etwas fordernder Sekt, wahrscheinlich nicht zum Fr\u00fchst\u00fcck, hier braucht man schon etwas Mu\u00dfe und ein wenig Erfahrung beim Sekt trinken<\/p>\n<h4><strong>17 von 20 Punkten<\/strong><\/h4>\n<p>Preis auf Anfrage: office@weingut-steininger.at<\/p>\n","protected":false},"featured_media":3669,"template":"","meta":{"_acf_changed":false},"product_brand":[],"product_cat":[729,362,303],"product_tag":[],"class_list":{"0":"post-5761","1":"product","2":"type-product","3":"status-publish","4":"has-post-thumbnail","6":"product_cat-altweinkeller","7":"product_cat-gereifte-sekte","8":"product_cat-gereifte-weine-sekte","9":"pa_gebinde-075-l","10":"pa_jahrgang-327","11":"pa_rebsorte-cabernetsauvignon","12":"description-off","14":"first","15":"instock","16":"taxable","17":"shipping-taxable","18":"product-type-simple"},"bundled_by":[],"bundle_stock_status":"instock","bundle_stock_quantity":null,"bundle_virtual":false,"bundle_layout":"","bundle_add_to_cart_form_location":"","bundle_editable_in_cart":false,"bundle_sold_individually_context":"","bundle_item_grouping":"","bundle_min_size":"","bundle_max_size":"","bundle_price":[],"bundled_items":[],"bundle_sell_ids":[],"acf":[],"_links":{"self":[{"href":"https:\/\/www.weingut-steininger.at\/en\/wp-json\/wp\/v2\/product\/5761","targetHints":{"allow":["GET"]}}],"collection":[{"href":"https:\/\/www.weingut-steininger.at\/en\/wp-json\/wp\/v2\/product"}],"about":[{"href":"https:\/\/www.weingut-steininger.at\/en\/wp-json\/wp\/v2\/types\/product"}],"version-history":[{"count":2,"href":"https:\/\/www.weingut-steininger.at\/en\/wp-json\/wp\/v2\/product\/5761\/revisions"}],"predecessor-version":[{"id":18621,"href":"https:\/\/www.weingut-steininger.at\/en\/wp-json\/wp\/v2\/product\/5761\/revisions\/18621"}],"wp:featuredmedia":[{"embeddable":true,"href":"https:\/\/www.weingut-steininger.at\/en\/wp-json\/wp\/v2\/media\/3669"}],"wp:attachment":[{"href":"https:\/\/www.weingut-steininger.at\/en\/wp-json\/wp\/v2\/media?parent=5761"}],"wp:term":[{"taxonomy":"product_brand","embeddable":true,"href":"https:\/\/www.weingut-steininger.at\/en\/wp-json\/wp\/v2\/product_brand?post=5761"},{"taxonomy":"product_cat","embeddable":true,"href":"https:\/\/www.weingut-steininger.at\/en\/wp-json\/wp\/v2\/product_cat?post=5761"},{"taxonomy":"product_tag","embeddable":true,"href":"https:\/\/www.weingut-steininger.at\/en\/wp-json\/wp\/v2\/product_tag?post=5761"}],"curies":[{"name":"wp","href":"https:\/\/api.w.org\/{rel}","templated":true}]}}