{"id":5762,"date":"2020-03-02T15:51:32","date_gmt":"2020-03-02T13:51:32","guid":{"rendered":"https:\/\/www.weingut-steininger.at\/?post_type=product&#038;p=5762"},"modified":"2025-01-15T12:56:00","modified_gmt":"2025-01-15T10:56:00","slug":"cabernet-sauvignon-rose-sekt-2011-degorgiert-jaenner-2014","status":"publish","type":"product","link":"https:\/\/www.weingut-steininger.at\/en\/online-vinothek\/weine\/cabernet-sauvignon-rose-sekt-2011-degorgiert-jaenner-2014\/","title":{"rendered":"Cabernet Sauvignon Ros\u00e9 Sekt 2011 \u2013 Degorgiert J\u00e4nner 2014"},"content":{"rendered":"<h2>Weinjahr 2011<\/h2>\n<p>Begonnen hat das Weinjahr 2011 mit einem recht strengen Winter, gefolgt von einem \u00fcberdurchschnittlichen warmen und sonnigen Fr\u00fchling. Der Sommer war sehr instabil und regnerisch. Das wichtigste Zeitfenster vor der <a href=\"https:\/\/www.oesterreichwein.at\/unser-wein\/weinglossar-von-a-z\/?tx_a21glossary%5Buid%5D=372&amp;cHash=74c75bd284402dfb50ec6b1d213952a0\">Hauptlese<\/a> war von einem wunderbar warmen Altweibersommer gepr\u00e4gt, der den ganzen September hindurch praktisch niederschlagsfrei bis Ende Oktober anhielt.<\/p>\n","protected":false},"excerpt":{"rendered":"<p><em>Kostnotizen von Familie Steininger <\/em><\/p>\n<p>Im Duft wirkt er schon reif mit leichten Heunoten. Am Gaumen zeigt er sich er aber komplett anders. Ein sch\u00f6nes Prickeln am Gaumen, in der Mitte gesellt sich die Frucht der roten Paprika dazu.<\/p>\n<p><em>Kostnotizen von Thomas Werani <\/em><\/p>\n<p>Rote Ribisel, sehr frische Noten, Pfefferminzbl\u00e4tter; fruchtig, feinstrahlig mit mineralischem Touch, elegante S\u00e4urestruktur; ungemein animierend mit geradezu selbstverst\u00e4ndlichem Trinkfluss.<\/p>\n<h4><strong>16 von 20 Punkten von Familie Steininger<\/strong><\/h4>\n<p>Preis auf Anfrage: office@weingut-steininger.at<\/p>\n","protected":false},"featured_media":3669,"template":"","meta":{"_acf_changed":false},"product_brand":[],"product_cat":[729,362,303],"product_tag":[],"class_list":{"0":"post-5762","1":"product","2":"type-product","3":"status-publish","4":"has-post-thumbnail","6":"product_cat-altweinkeller","7":"product_cat-gereifte-sekte","8":"product_cat-gereifte-weine-sekte","9":"pa_gebinde-075-l","10":"pa_jahrgang-325","11":"pa_rebsorte-cabernetsauvignon","12":"description-off","14":"first","15":"instock","16":"taxable","17":"shipping-taxable","18":"product-type-simple"},"bundled_by":[],"bundle_stock_status":"instock","bundle_stock_quantity":null,"bundle_virtual":false,"bundle_layout":"","bundle_add_to_cart_form_location":"","bundle_editable_in_cart":false,"bundle_sold_individually_context":"","bundle_item_grouping":"","bundle_min_size":"","bundle_max_size":"","bundle_price":[],"bundled_items":[],"bundle_sell_ids":[],"acf":[],"_links":{"self":[{"href":"https:\/\/www.weingut-steininger.at\/en\/wp-json\/wp\/v2\/product\/5762","targetHints":{"allow":["GET"]}}],"collection":[{"href":"https:\/\/www.weingut-steininger.at\/en\/wp-json\/wp\/v2\/product"}],"about":[{"href":"https:\/\/www.weingut-steininger.at\/en\/wp-json\/wp\/v2\/types\/product"}],"version-history":[{"count":2,"href":"https:\/\/www.weingut-steininger.at\/en\/wp-json\/wp\/v2\/product\/5762\/revisions"}],"predecessor-version":[{"id":18623,"href":"https:\/\/www.weingut-steininger.at\/en\/wp-json\/wp\/v2\/product\/5762\/revisions\/18623"}],"wp:featuredmedia":[{"embeddable":true,"href":"https:\/\/www.weingut-steininger.at\/en\/wp-json\/wp\/v2\/media\/3669"}],"wp:attachment":[{"href":"https:\/\/www.weingut-steininger.at\/en\/wp-json\/wp\/v2\/media?parent=5762"}],"wp:term":[{"taxonomy":"product_brand","embeddable":true,"href":"https:\/\/www.weingut-steininger.at\/en\/wp-json\/wp\/v2\/product_brand?post=5762"},{"taxonomy":"product_cat","embeddable":true,"href":"https:\/\/www.weingut-steininger.at\/en\/wp-json\/wp\/v2\/product_cat?post=5762"},{"taxonomy":"product_tag","embeddable":true,"href":"https:\/\/www.weingut-steininger.at\/en\/wp-json\/wp\/v2\/product_tag?post=5762"}],"curies":[{"name":"wp","href":"https:\/\/api.w.org\/{rel}","templated":true}]}}