{"id":5763,"date":"2020-03-02T15:57:16","date_gmt":"2020-03-02T13:57:16","guid":{"rendered":"https:\/\/www.weingut-steininger.at\/?post_type=product&#038;p=5763"},"modified":"2025-01-15T12:56:00","modified_gmt":"2025-01-15T10:56:00","slug":"cabernet-sauvignon-rose-sekt-2008-degorgiert-september-2010","status":"publish","type":"product","link":"https:\/\/www.weingut-steininger.at\/en\/online-vinothek\/weine\/cabernet-sauvignon-rose-sekt-2008-degorgiert-september-2010\/","title":{"rendered":"Cabernet Sauvignon Ros\u00e9 Sekt 2008 \u2013 Degorgiert September 2010"},"content":{"rendered":"<h2>Weinjahr 2008<\/h2>\n<p>Positiv verliefen der eher fr\u00fche <a href=\"https:\/\/www.oesterreichwein.at\/unser-wein\/weinglossar-von-a-z\/?tx_a21glossary%5Buid%5D=71&amp;cHash=37fdd0f00bd1fee6c5636a516f7ad7f3\">Austrieb<\/a> und die unkomplizierte Bl\u00fcteperiode im Juni, w\u00e4hrend ungew\u00f6hnlich fr\u00fche Hagelunwetter f\u00fcr die ersten R\u00fcckschl\u00e4ge sorgten. Die Feuchtigkeit blieb \u00fcber die ganze Vegetationsperiode erhalten, was zu einem entsprechenden Krankheitsdruck, speziell f\u00fcr den \u201eFalschen Mehltau\u201c, f\u00fchrte. Auch schritt die Zuckerreife in den Trauben aufgrund des zeitweise recht feuchten, k\u00fchlen Wetters im September und Oktober nur langsam voran, wenn auch einige sehr sch\u00f6ne Tage in der zweiten Oktober- und der ersten Novemberh\u00e4lfte f\u00fcr angenehme Erntebedingungen sorgten.<\/p>\n","protected":false},"excerpt":{"rendered":"<p><em>Kostnotizen von Familie Steininger <\/em><\/p>\n<p>Wundersch\u00f6ne Bernsteinfarbe. Im Duft leicht w\u00fcrzig-bl\u00e4ttrige Noten, wirkt relativ schlank am Gaumen, gut balancierte S\u00e4ure und Zuckerstruktur.<\/p>\n<h4><strong>16 von 20 Punkten<\/strong><\/h4>\n<p>Preis auf Anfrage: office@weingut-steininger.at<\/p>\n","protected":false},"featured_media":3669,"template":"","meta":{"_acf_changed":false},"product_brand":[],"product_cat":[729,362,303],"product_tag":[],"class_list":{"0":"post-5763","1":"product","2":"type-product","3":"status-publish","4":"has-post-thumbnail","6":"product_cat-altweinkeller","7":"product_cat-gereifte-sekte","8":"product_cat-gereifte-weine-sekte","9":"pa_gebinde-075-l","10":"pa_jahrgang-322","11":"pa_rebsorte-cabernetsauvignon","12":"description-off","14":"first","15":"instock","16":"taxable","17":"shipping-taxable","18":"product-type-simple"},"bundled_by":[],"bundle_stock_status":"instock","bundle_stock_quantity":null,"bundle_virtual":false,"bundle_layout":"","bundle_add_to_cart_form_location":"","bundle_editable_in_cart":false,"bundle_sold_individually_context":"","bundle_item_grouping":"","bundle_min_size":"","bundle_max_size":"","bundle_price":[],"bundled_items":[],"bundle_sell_ids":[],"acf":[],"_links":{"self":[{"href":"https:\/\/www.weingut-steininger.at\/en\/wp-json\/wp\/v2\/product\/5763","targetHints":{"allow":["GET"]}}],"collection":[{"href":"https:\/\/www.weingut-steininger.at\/en\/wp-json\/wp\/v2\/product"}],"about":[{"href":"https:\/\/www.weingut-steininger.at\/en\/wp-json\/wp\/v2\/types\/product"}],"version-history":[{"count":2,"href":"https:\/\/www.weingut-steininger.at\/en\/wp-json\/wp\/v2\/product\/5763\/revisions"}],"predecessor-version":[{"id":18625,"href":"https:\/\/www.weingut-steininger.at\/en\/wp-json\/wp\/v2\/product\/5763\/revisions\/18625"}],"wp:featuredmedia":[{"embeddable":true,"href":"https:\/\/www.weingut-steininger.at\/en\/wp-json\/wp\/v2\/media\/3669"}],"wp:attachment":[{"href":"https:\/\/www.weingut-steininger.at\/en\/wp-json\/wp\/v2\/media?parent=5763"}],"wp:term":[{"taxonomy":"product_brand","embeddable":true,"href":"https:\/\/www.weingut-steininger.at\/en\/wp-json\/wp\/v2\/product_brand?post=5763"},{"taxonomy":"product_cat","embeddable":true,"href":"https:\/\/www.weingut-steininger.at\/en\/wp-json\/wp\/v2\/product_cat?post=5763"},{"taxonomy":"product_tag","embeddable":true,"href":"https:\/\/www.weingut-steininger.at\/en\/wp-json\/wp\/v2\/product_tag?post=5763"}],"curies":[{"name":"wp","href":"https:\/\/api.w.org\/{rel}","templated":true}]}}