{"id":6062,"date":"2020-04-22T20:55:18","date_gmt":"2020-04-22T18:55:18","guid":{"rendered":"https:\/\/www.weingut-steininger.at\/?post_type=product&#038;p=6062"},"modified":"2025-11-10T12:30:54","modified_gmt":"2025-11-10T10:30:54","slug":"sekthocker","status":"publish","type":"product","link":"https:\/\/www.weingut-steininger.at\/en\/online-vinothek\/weine\/sekthocker\/","title":{"rendered":"Sekthocker"},"content":{"rendered":"<p>Der <strong data-start=\"85\" data-end=\"110\">STEININGER Sekthocker<\/strong> vereint Stil und Komfort in perfekter Harmonie.<br \/>\nMit seiner <strong data-start=\"170\" data-end=\"192\">Sitzh\u00f6he von 58 cm<\/strong> l\u00e4dt er zum gem\u00fctlichen Verweilen bei einem Glas Sekt ein \u2013 ob in der Vinothek,<br \/>\nim Garten oder bei besonderen Anl\u00e4ssen. Hochwertig verarbeitet und mit einem klaren, eleganten Design passt er wunderbar zu jedem Ambiente.<\/p>\n<p><br data-start=\"412\" data-end=\"415\" data-is-only-node=\"\" \/>Die Lieferung erfolgt bequem per Spedition direkt zu Ihnen nach Hause.<\/p>\n","protected":false},"excerpt":{"rendered":"<p>Der STEININGER Sekthocker vereint Stil und Komfort in perfekter Harmonie. Mit seiner Sitzh\u00f6he von 58 cm l\u00e4dt er zum gem\u00fctlichen Verweilen bei einem Glas Sekt ein \u2013 ob in der&hellip;<\/p>\n","protected":false},"featured_media":6059,"template":"","meta":{"_acf_changed":false},"product_brand":[],"product_cat":[742,731],"product_tag":[],"class_list":{"0":"post-6062","1":"product","2":"type-product","3":"status-publish","4":"has-post-thumbnail","6":"product_cat-sonstiges","7":"product_cat-specials","8":"description-off","10":"first","11":"instock","12":"taxable","13":"shipping-taxable","14":"purchasable","15":"product-type-simple"},"bundled_by":[],"bundle_stock_status":"instock","bundle_stock_quantity":null,"bundle_virtual":false,"bundle_layout":"","bundle_add_to_cart_form_location":"","bundle_editable_in_cart":false,"bundle_sold_individually_context":"","bundle_item_grouping":"","bundle_min_size":"","bundle_max_size":"","bundle_price":[],"bundled_items":[],"bundle_sell_ids":[],"acf":[],"_links":{"self":[{"href":"https:\/\/www.weingut-steininger.at\/en\/wp-json\/wp\/v2\/product\/6062","targetHints":{"allow":["GET"]}}],"collection":[{"href":"https:\/\/www.weingut-steininger.at\/en\/wp-json\/wp\/v2\/product"}],"about":[{"href":"https:\/\/www.weingut-steininger.at\/en\/wp-json\/wp\/v2\/types\/product"}],"version-history":[{"count":4,"href":"https:\/\/www.weingut-steininger.at\/en\/wp-json\/wp\/v2\/product\/6062\/revisions"}],"predecessor-version":[{"id":23694,"href":"https:\/\/www.weingut-steininger.at\/en\/wp-json\/wp\/v2\/product\/6062\/revisions\/23694"}],"wp:featuredmedia":[{"embeddable":true,"href":"https:\/\/www.weingut-steininger.at\/en\/wp-json\/wp\/v2\/media\/6059"}],"wp:attachment":[{"href":"https:\/\/www.weingut-steininger.at\/en\/wp-json\/wp\/v2\/media?parent=6062"}],"wp:term":[{"taxonomy":"product_brand","embeddable":true,"href":"https:\/\/www.weingut-steininger.at\/en\/wp-json\/wp\/v2\/product_brand?post=6062"},{"taxonomy":"product_cat","embeddable":true,"href":"https:\/\/www.weingut-steininger.at\/en\/wp-json\/wp\/v2\/product_cat?post=6062"},{"taxonomy":"product_tag","embeddable":true,"href":"https:\/\/www.weingut-steininger.at\/en\/wp-json\/wp\/v2\/product_tag?post=6062"}],"curies":[{"name":"wp","href":"https:\/\/api.w.org\/{rel}","templated":true}]}}