{"id":6685,"date":"2020-07-13T14:48:45","date_gmt":"2020-07-13T12:48:45","guid":{"rendered":"https:\/\/www.weingut-steininger.at\/?post_type=product&#038;p=6685"},"modified":"2025-01-15T12:55:57","modified_gmt":"2025-01-15T10:55:57","slug":"gruener-veltliner-sekt-2003","status":"publish","type":"product","link":"https:\/\/www.weingut-steininger.at\/en\/online-vinothek\/weine\/gruener-veltliner-sekt-2003\/","title":{"rendered":"Gr\u00fcner Veltliner Sekt 2003"},"content":{"rendered":"<h2><a name=\"_Toc536770058\"><\/a>Weinjahr 2003<\/h2>\n<p>Die Weing\u00e4rten litten 2003 unter akutem Wassermangel. Unzureichende Regenf\u00e4lle, die in Form von Gewittern gr\u00f6\u00dftenteils nur punktuell aufgetreten sind, entsch\u00e4rfen die Lage kaum.<\/p>\n<p>Erh\u00f6hte Aufmerksamkeit ist aber der sorgf\u00e4ltigen Bearbeitung der Weing\u00e4rten zu widmen.<\/p>\n","protected":false},"excerpt":{"rendered":"<p>Preis auf Anfrage: office@weingut-steininger.at<\/p>\n","protected":false},"featured_media":3650,"template":"","meta":{"_acf_changed":false},"product_brand":[],"product_cat":[729,362,303],"product_tag":[],"class_list":{"0":"post-6685","1":"product","2":"type-product","3":"status-publish","4":"has-post-thumbnail","6":"product_cat-altweinkeller","7":"product_cat-gereifte-sekte","8":"product_cat-gereifte-weine-sekte","9":"pa_gebinde-075-l","10":"pa_jahrgang-317","11":"pa_rebsorte-gv","12":"description-off","14":"first","15":"instock","16":"taxable","17":"shipping-taxable","18":"product-type-simple"},"bundled_by":[],"bundle_stock_status":"instock","bundle_stock_quantity":null,"bundle_virtual":false,"bundle_layout":"","bundle_add_to_cart_form_location":"","bundle_editable_in_cart":false,"bundle_sold_individually_context":"","bundle_item_grouping":"","bundle_min_size":"","bundle_max_size":"","bundle_price":[],"bundled_items":[],"bundle_sell_ids":[],"acf":[],"_links":{"self":[{"href":"https:\/\/www.weingut-steininger.at\/en\/wp-json\/wp\/v2\/product\/6685","targetHints":{"allow":["GET"]}}],"collection":[{"href":"https:\/\/www.weingut-steininger.at\/en\/wp-json\/wp\/v2\/product"}],"about":[{"href":"https:\/\/www.weingut-steininger.at\/en\/wp-json\/wp\/v2\/types\/product"}],"version-history":[{"count":2,"href":"https:\/\/www.weingut-steininger.at\/en\/wp-json\/wp\/v2\/product\/6685\/revisions"}],"predecessor-version":[{"id":18706,"href":"https:\/\/www.weingut-steininger.at\/en\/wp-json\/wp\/v2\/product\/6685\/revisions\/18706"}],"wp:featuredmedia":[{"embeddable":true,"href":"https:\/\/www.weingut-steininger.at\/en\/wp-json\/wp\/v2\/media\/3650"}],"wp:attachment":[{"href":"https:\/\/www.weingut-steininger.at\/en\/wp-json\/wp\/v2\/media?parent=6685"}],"wp:term":[{"taxonomy":"product_brand","embeddable":true,"href":"https:\/\/www.weingut-steininger.at\/en\/wp-json\/wp\/v2\/product_brand?post=6685"},{"taxonomy":"product_cat","embeddable":true,"href":"https:\/\/www.weingut-steininger.at\/en\/wp-json\/wp\/v2\/product_cat?post=6685"},{"taxonomy":"product_tag","embeddable":true,"href":"https:\/\/www.weingut-steininger.at\/en\/wp-json\/wp\/v2\/product_tag?post=6685"}],"curies":[{"name":"wp","href":"https:\/\/api.w.org\/{rel}","templated":true}]}}