{"id":6729,"date":"2020-07-17T13:16:07","date_gmt":"2020-07-17T11:16:07","guid":{"rendered":"https:\/\/www.weingut-steininger.at\/?post_type=product&#038;p=6729"},"modified":"2025-01-15T12:55:54","modified_gmt":"2025-01-15T10:55:54","slug":"traminer-sekt-2015","status":"publish","type":"product","link":"https:\/\/www.weingut-steininger.at\/en\/online-vinothek\/weine\/traminer-sekt-2015\/","title":{"rendered":"Traminer Sekt 2015"},"content":{"rendered":"<h1>Weinjahr 2015<\/h1>\n<p>Der Sommer ist gepr\u00e4gt von ungemein hei\u00dfen Temperaturen und Ausbleiben von Niederschl\u00e4gen. Der Herbst wiederum brachte relativ k\u00fchle N\u00e4chte und zahlreiche Sonnentage mit sich. Die Trauben konnten ohne Stress zum gew\u00e4hlten Zeitpunkt gelesen werden, zumal Sch\u00e4dlings- und Pilzbefall weitgehend zum Gl\u00fcck ausblieben, auch die <a href=\"https:\/\/www.oesterreichwein.at\/unser-wein\/weinglossar-von-a-z\/?tx_a21glossary%5Buid%5D=211&amp;cHash=689cc12d8044008bfa5df3d3a89d017a\">Edelf\u00e4ule<\/a> trat nur ganz vereinzelt auf.<\/p>\n","protected":false},"excerpt":{"rendered":"<p>Preis auf Anfrage: office@weingut-steininger.at<\/p>\n","protected":false},"featured_media":8515,"template":"","meta":{"_acf_changed":false},"product_brand":[],"product_cat":[729,362,303],"product_tag":[],"class_list":{"0":"post-6729","1":"product","2":"type-product","3":"status-publish","4":"has-post-thumbnail","6":"product_cat-altweinkeller","7":"product_cat-gereifte-sekte","8":"product_cat-gereifte-weine-sekte","9":"pa_gebinde-075-l","10":"pa_jahrgang-329","11":"pa_rebsorte-traminer","12":"description-off","14":"first","15":"instock","16":"taxable","17":"shipping-taxable","18":"product-type-simple"},"bundled_by":[],"bundle_stock_status":"instock","bundle_stock_quantity":null,"bundle_virtual":false,"bundle_layout":"","bundle_add_to_cart_form_location":"","bundle_editable_in_cart":false,"bundle_sold_individually_context":"","bundle_item_grouping":"","bundle_min_size":"","bundle_max_size":"","bundle_price":[],"bundled_items":[],"bundle_sell_ids":[],"acf":[],"_links":{"self":[{"href":"https:\/\/www.weingut-steininger.at\/en\/wp-json\/wp\/v2\/product\/6729","targetHints":{"allow":["GET"]}}],"collection":[{"href":"https:\/\/www.weingut-steininger.at\/en\/wp-json\/wp\/v2\/product"}],"about":[{"href":"https:\/\/www.weingut-steininger.at\/en\/wp-json\/wp\/v2\/types\/product"}],"version-history":[{"count":2,"href":"https:\/\/www.weingut-steininger.at\/en\/wp-json\/wp\/v2\/product\/6729\/revisions"}],"predecessor-version":[{"id":18734,"href":"https:\/\/www.weingut-steininger.at\/en\/wp-json\/wp\/v2\/product\/6729\/revisions\/18734"}],"wp:featuredmedia":[{"embeddable":true,"href":"https:\/\/www.weingut-steininger.at\/en\/wp-json\/wp\/v2\/media\/8515"}],"wp:attachment":[{"href":"https:\/\/www.weingut-steininger.at\/en\/wp-json\/wp\/v2\/media?parent=6729"}],"wp:term":[{"taxonomy":"product_brand","embeddable":true,"href":"https:\/\/www.weingut-steininger.at\/en\/wp-json\/wp\/v2\/product_brand?post=6729"},{"taxonomy":"product_cat","embeddable":true,"href":"https:\/\/www.weingut-steininger.at\/en\/wp-json\/wp\/v2\/product_cat?post=6729"},{"taxonomy":"product_tag","embeddable":true,"href":"https:\/\/www.weingut-steininger.at\/en\/wp-json\/wp\/v2\/product_tag?post=6729"}],"curies":[{"name":"wp","href":"https:\/\/api.w.org\/{rel}","templated":true}]}}