{"id":6732,"date":"2020-07-17T13:23:25","date_gmt":"2020-07-17T11:23:25","guid":{"rendered":"https:\/\/www.weingut-steininger.at\/?post_type=product&#038;p=6732"},"modified":"2025-01-15T12:55:53","modified_gmt":"2025-01-15T10:55:53","slug":"gruener-veltliner-steinhaus-grosse-reserve-2009","status":"publish","type":"product","link":"https:\/\/www.weingut-steininger.at\/en\/online-vinothek\/weine\/gruener-veltliner-steinhaus-grosse-reserve-2009\/","title":{"rendered":"Gr\u00fcner Veltliner Steinhaus Gro\u00dfe Reserve 2009"},"content":{"rendered":"<h1>Weinjahr 2009<\/h1>\n<p>2009 &#8211; Sommer der Extreme. Unwetter, \u00dcberflutungen und Vermurungen waren typisch f\u00fcr diesen Jahrgang. Auch Blitzeinschlagsrekorde und das dr\u00fcckend hei\u00dfe Tropenwetter \u201eViel zu nass und deutlich zu warm\u201c machten die Winzer und Winzerinnen zu schaffen. Jedoch brachte der Herbst eine Vers\u00f6hnung mit Reife, Frucht und Aromatik. Der Oktober war wie ein \u201eAltweibersommer\u201c, er zeigte sich von der sch\u00f6nsten Seite. Wei\u00dfweine pr\u00e4sentieren perfekte Kombination von <a href=\"https:\/\/www.oesterreichwein.at\/unser-wein\/weinglossar-von-a-z\/?tx_a21glossary%5Buid%5D=673&amp;cHash=9a59d1824ca0151a750970d7dbc4a202\">Reife<\/a>, Fruchtf\u00fclle und Komplexit\u00e4t.<\/p>\n","protected":false},"excerpt":{"rendered":"<h4>&nbsp;<\/h4>\n<p>Preis auf Anfrage: office@weingut-steininger.at<\/p>\n","protected":false},"featured_media":7946,"template":"","meta":{"_acf_changed":false},"product_brand":[],"product_cat":[729,362,303],"product_tag":[],"class_list":{"0":"post-6732","1":"product","2":"type-product","3":"status-publish","4":"has-post-thumbnail","6":"product_cat-altweinkeller","7":"product_cat-gereifte-sekte","8":"product_cat-gereifte-weine-sekte","9":"pa_gebinde-075-l","10":"pa_jahrgang-322","11":"pa_rebsorte-pinotnoir","12":"description-off","14":"first","15":"instock","16":"taxable","17":"shipping-taxable","18":"product-type-simple"},"bundled_by":[],"bundle_stock_status":"instock","bundle_stock_quantity":null,"bundle_virtual":false,"bundle_layout":"","bundle_add_to_cart_form_location":"","bundle_editable_in_cart":false,"bundle_sold_individually_context":"","bundle_item_grouping":"","bundle_min_size":"","bundle_max_size":"","bundle_price":[],"bundled_items":[],"bundle_sell_ids":[],"acf":[],"_links":{"self":[{"href":"https:\/\/www.weingut-steininger.at\/en\/wp-json\/wp\/v2\/product\/6732","targetHints":{"allow":["GET"]}}],"collection":[{"href":"https:\/\/www.weingut-steininger.at\/en\/wp-json\/wp\/v2\/product"}],"about":[{"href":"https:\/\/www.weingut-steininger.at\/en\/wp-json\/wp\/v2\/types\/product"}],"version-history":[{"count":2,"href":"https:\/\/www.weingut-steininger.at\/en\/wp-json\/wp\/v2\/product\/6732\/revisions"}],"predecessor-version":[{"id":18740,"href":"https:\/\/www.weingut-steininger.at\/en\/wp-json\/wp\/v2\/product\/6732\/revisions\/18740"}],"wp:featuredmedia":[{"embeddable":true,"href":"https:\/\/www.weingut-steininger.at\/en\/wp-json\/wp\/v2\/media\/7946"}],"wp:attachment":[{"href":"https:\/\/www.weingut-steininger.at\/en\/wp-json\/wp\/v2\/media?parent=6732"}],"wp:term":[{"taxonomy":"product_brand","embeddable":true,"href":"https:\/\/www.weingut-steininger.at\/en\/wp-json\/wp\/v2\/product_brand?post=6732"},{"taxonomy":"product_cat","embeddable":true,"href":"https:\/\/www.weingut-steininger.at\/en\/wp-json\/wp\/v2\/product_cat?post=6732"},{"taxonomy":"product_tag","embeddable":true,"href":"https:\/\/www.weingut-steininger.at\/en\/wp-json\/wp\/v2\/product_tag?post=6732"}],"curies":[{"name":"wp","href":"https:\/\/api.w.org\/{rel}","templated":true}]}}