{"id":6736,"date":"2020-07-17T13:30:09","date_gmt":"2020-07-17T11:30:09","guid":{"rendered":"https:\/\/www.weingut-steininger.at\/?post_type=product&#038;p=6736"},"modified":"2025-01-15T12:55:52","modified_gmt":"2025-01-15T10:55:52","slug":"riesling-heiligenstein-grosse-reserve-2008","status":"publish","type":"product","link":"https:\/\/www.weingut-steininger.at\/en\/online-vinothek\/weine\/riesling-heiligenstein-grosse-reserve-2008\/","title":{"rendered":"Riesling Heiligenstein Gro\u00dfe Reserve 2008"},"content":{"rendered":"<h1>Weinjahr 2008<\/h1>\n<p>Aufgrund der schwierigen Witterungsbedingungen des Jahres 2008, in dem es in nahezu allen Gebieten durch Wetterkapriolen von Hagel \u00fcber Starkregen bis zu hartn\u00e4ckigem Nebel allerhand Hindernisse f\u00fcr das Ausreifen der Reben gab, waren die \u00f6sterreichischen <a href=\"https:\/\/www.oesterreichwein.at\/unser-wein\/weinglossar-von-a-z\/?tx_a21glossary%5Buid%5D=970&amp;cHash=4811dee306c7a039a1bfa1d6245a1bda\">Winzer<\/a> von Anfang an voll gefordert.<\/p>\n<p>Doch bei entsprechend qualit\u00e4tsorientiertem Arbeitseinsatz erneut sehr fruchtbetonte und schwungvolle Weine gelungen, die zum Teil auch eine gro\u00dfe Bandbreite von Reifestufen abdecken.<\/p>\n","protected":false},"excerpt":{"rendered":"<h4>&nbsp;<\/h4>\n<p>Preis auf Anfrage: office@weingut-steininger.at<\/p>\n","protected":false},"featured_media":7944,"template":"","meta":{"_acf_changed":false},"product_brand":[],"product_cat":[729,362,303],"product_tag":[],"class_list":{"0":"post-6736","1":"product","2":"type-product","3":"status-publish","4":"has-post-thumbnail","6":"product_cat-altweinkeller","7":"product_cat-gereifte-sekte","8":"product_cat-gereifte-weine-sekte","9":"pa_gebinde-075-l","10":"pa_jahrgang-322","11":"pa_rebsorte-pinotnoir","12":"description-off","14":"first","15":"instock","16":"taxable","17":"shipping-taxable","18":"product-type-simple"},"bundled_by":[],"bundle_stock_status":"instock","bundle_stock_quantity":null,"bundle_virtual":false,"bundle_layout":"","bundle_add_to_cart_form_location":"","bundle_editable_in_cart":false,"bundle_sold_individually_context":"","bundle_item_grouping":"","bundle_min_size":"","bundle_max_size":"","bundle_price":[],"bundled_items":[],"bundle_sell_ids":[],"acf":[],"_links":{"self":[{"href":"https:\/\/www.weingut-steininger.at\/en\/wp-json\/wp\/v2\/product\/6736","targetHints":{"allow":["GET"]}}],"collection":[{"href":"https:\/\/www.weingut-steininger.at\/en\/wp-json\/wp\/v2\/product"}],"about":[{"href":"https:\/\/www.weingut-steininger.at\/en\/wp-json\/wp\/v2\/types\/product"}],"version-history":[{"count":2,"href":"https:\/\/www.weingut-steininger.at\/en\/wp-json\/wp\/v2\/product\/6736\/revisions"}],"predecessor-version":[{"id":18748,"href":"https:\/\/www.weingut-steininger.at\/en\/wp-json\/wp\/v2\/product\/6736\/revisions\/18748"}],"wp:featuredmedia":[{"embeddable":true,"href":"https:\/\/www.weingut-steininger.at\/en\/wp-json\/wp\/v2\/media\/7944"}],"wp:attachment":[{"href":"https:\/\/www.weingut-steininger.at\/en\/wp-json\/wp\/v2\/media?parent=6736"}],"wp:term":[{"taxonomy":"product_brand","embeddable":true,"href":"https:\/\/www.weingut-steininger.at\/en\/wp-json\/wp\/v2\/product_brand?post=6736"},{"taxonomy":"product_cat","embeddable":true,"href":"https:\/\/www.weingut-steininger.at\/en\/wp-json\/wp\/v2\/product_cat?post=6736"},{"taxonomy":"product_tag","embeddable":true,"href":"https:\/\/www.weingut-steininger.at\/en\/wp-json\/wp\/v2\/product_tag?post=6736"}],"curies":[{"name":"wp","href":"https:\/\/api.w.org\/{rel}","templated":true}]}}