{"id":6752,"date":"2020-07-18T10:04:37","date_gmt":"2020-07-18T08:04:37","guid":{"rendered":"https:\/\/www.weingut-steininger.at\/?post_type=product&#038;p=6752"},"modified":"2025-01-15T12:55:49","modified_gmt":"2025-01-15T10:55:49","slug":"gruener-veltliner-grand-grue-kamptal-dac-reserve-2003","status":"publish","type":"product","link":"https:\/\/www.weingut-steininger.at\/en\/online-vinothek\/weine\/gruener-veltliner-grand-grue-kamptal-dac-reserve-2003\/","title":{"rendered":"Gr\u00fcner Veltliner Grand Gr\u00fc Kamptal DAC Reserve 2003"},"content":{"rendered":"","protected":false},"excerpt":{"rendered":"<h2>14,5 % Vol. Alk., Naturkork<\/h2>\n<p>Kostnotizen Familie Steininger<\/p>\n<p>Ein hei\u00dfer, trockener Sommer ergibt vollreife s\u00fc\u00dfe Trauben, diese spiegeln sich im Wein wider.<\/p>\n<p>Im Duft schon sehr warm und der hohe Alkoholgehalt ist am Gaumen sp\u00fcrbar. Zeigt sch\u00f6nste Reife, dicht und fast barock.<\/p>\n<p>Ein Wein der sicherlich noch in 20 Jahren Spa\u00df macht.<\/p>\n<h4>20 von 20 Punkten<\/h4>\n<p>Preis auf Anfrage: office@weingut-steininger.at<\/p>\n","protected":false},"featured_media":0,"template":"","meta":{"_acf_changed":false},"product_brand":[],"product_cat":[729,363,303],"product_tag":[],"class_list":{"0":"post-6752","1":"product","2":"type-product","3":"status-publish","5":"product_cat-altweinkeller","6":"product_cat-gereifte-weine","7":"product_cat-gereifte-weine-sekte","8":"pa_gebinde-075-l","9":"pa_jahrgang-318","10":"pa_rebsorte-gv","11":"description-off","13":"first","14":"instock","15":"taxable","16":"shipping-taxable","17":"product-type-simple"},"bundled_by":[],"bundle_stock_status":"instock","bundle_stock_quantity":null,"bundle_virtual":false,"bundle_layout":"","bundle_add_to_cart_form_location":"","bundle_editable_in_cart":false,"bundle_sold_individually_context":"","bundle_item_grouping":"","bundle_min_size":"","bundle_max_size":"","bundle_price":[],"bundled_items":[],"bundle_sell_ids":[],"acf":[],"_links":{"self":[{"href":"https:\/\/www.weingut-steininger.at\/en\/wp-json\/wp\/v2\/product\/6752","targetHints":{"allow":["GET"]}}],"collection":[{"href":"https:\/\/www.weingut-steininger.at\/en\/wp-json\/wp\/v2\/product"}],"about":[{"href":"https:\/\/www.weingut-steininger.at\/en\/wp-json\/wp\/v2\/types\/product"}],"version-history":[{"count":1,"href":"https:\/\/www.weingut-steininger.at\/en\/wp-json\/wp\/v2\/product\/6752\/revisions"}],"predecessor-version":[{"id":13777,"href":"https:\/\/www.weingut-steininger.at\/en\/wp-json\/wp\/v2\/product\/6752\/revisions\/13777"}],"wp:attachment":[{"href":"https:\/\/www.weingut-steininger.at\/en\/wp-json\/wp\/v2\/media?parent=6752"}],"wp:term":[{"taxonomy":"product_brand","embeddable":true,"href":"https:\/\/www.weingut-steininger.at\/en\/wp-json\/wp\/v2\/product_brand?post=6752"},{"taxonomy":"product_cat","embeddable":true,"href":"https:\/\/www.weingut-steininger.at\/en\/wp-json\/wp\/v2\/product_cat?post=6752"},{"taxonomy":"product_tag","embeddable":true,"href":"https:\/\/www.weingut-steininger.at\/en\/wp-json\/wp\/v2\/product_tag?post=6752"}],"curies":[{"name":"wp","href":"https:\/\/api.w.org\/{rel}","templated":true}]}}