{"id":6896,"date":"2020-08-31T13:11:56","date_gmt":"2020-08-31T11:11:56","guid":{"rendered":"https:\/\/www.weingut-steininger.at\/?post_type=product&#038;p=6896"},"modified":"2025-01-15T12:55:46","modified_gmt":"2025-01-15T10:55:46","slug":"gruener-veltliner-1987","status":"publish","type":"product","link":"https:\/\/www.weingut-steininger.at\/en\/online-vinothek\/weine\/gruener-veltliner-1987\/","title":{"rendered":"Gr\u00fcner Veltliner 1987"},"content":{"rendered":"<h1>Weinjahr 1987<\/h1>\n<p>Schwere Winterfrostsch\u00e4den dezimierten schon fr\u00fch die zu erwartende Erntemenge. In der ersten H\u00e4lfte der Vegetationszeit war auch die Witterung nicht optimal. Ein warm-feuchter Juli und ein sch\u00f6ner Herbst lie\u00dfen aber einen guten, fruchtigen und s\u00e4urebetonten Jahrgang reifen, die Menge war aber niedrig.<\/p>\n","protected":false},"excerpt":{"rendered":"<h3>&nbsp;<\/h3>\n<p>Preis auf Anfrage: office@weingut-steininger.at<\/p>\n","protected":false},"featured_media":5708,"template":"","meta":{"_acf_changed":false},"product_brand":[],"product_cat":[729,363,303],"product_tag":[],"class_list":{"0":"post-6896","1":"product","2":"type-product","3":"status-publish","4":"has-post-thumbnail","6":"product_cat-altweinkeller","7":"product_cat-gereifte-weine","8":"product_cat-gereifte-weine-sekte","9":"pa_gebinde-075-l","10":"pa_jahrgang-628","11":"pa_rebsorte-gv","12":"description-off","14":"first","15":"instock","16":"taxable","17":"shipping-taxable","18":"product-type-simple"},"bundled_by":[],"bundle_stock_status":"instock","bundle_stock_quantity":null,"bundle_virtual":false,"bundle_layout":"","bundle_add_to_cart_form_location":"","bundle_editable_in_cart":false,"bundle_sold_individually_context":"","bundle_item_grouping":"","bundle_min_size":"","bundle_max_size":"","bundle_price":[],"bundled_items":[],"bundle_sell_ids":[],"acf":[],"_links":{"self":[{"href":"https:\/\/www.weingut-steininger.at\/en\/wp-json\/wp\/v2\/product\/6896","targetHints":{"allow":["GET"]}}],"collection":[{"href":"https:\/\/www.weingut-steininger.at\/en\/wp-json\/wp\/v2\/product"}],"about":[{"href":"https:\/\/www.weingut-steininger.at\/en\/wp-json\/wp\/v2\/types\/product"}],"version-history":[{"count":2,"href":"https:\/\/www.weingut-steininger.at\/en\/wp-json\/wp\/v2\/product\/6896\/revisions"}],"predecessor-version":[{"id":18778,"href":"https:\/\/www.weingut-steininger.at\/en\/wp-json\/wp\/v2\/product\/6896\/revisions\/18778"}],"wp:featuredmedia":[{"embeddable":true,"href":"https:\/\/www.weingut-steininger.at\/en\/wp-json\/wp\/v2\/media\/5708"}],"wp:attachment":[{"href":"https:\/\/www.weingut-steininger.at\/en\/wp-json\/wp\/v2\/media?parent=6896"}],"wp:term":[{"taxonomy":"product_brand","embeddable":true,"href":"https:\/\/www.weingut-steininger.at\/en\/wp-json\/wp\/v2\/product_brand?post=6896"},{"taxonomy":"product_cat","embeddable":true,"href":"https:\/\/www.weingut-steininger.at\/en\/wp-json\/wp\/v2\/product_cat?post=6896"},{"taxonomy":"product_tag","embeddable":true,"href":"https:\/\/www.weingut-steininger.at\/en\/wp-json\/wp\/v2\/product_tag?post=6896"}],"curies":[{"name":"wp","href":"https:\/\/api.w.org\/{rel}","templated":true}]}}